{"id":12750,"date":"2024-06-14T09:11:38","date_gmt":"2024-06-14T09:11:38","guid":{"rendered":"https:\/\/cloudsystems.hu\/vk\/?page_id=12750"},"modified":"2025-12-31T13:43:56","modified_gmt":"2025-12-31T12:43:56","slug":"workshop","status":"publish","type":"page","link":"https:\/\/villakabala.hu\/en\/workshop\/","title":{"rendered":"Workshop"},"content":{"rendered":"<div data-elementor-type=\"wp-page\" data-elementor-id=\"12750\" class=\"elementor elementor-12750\">\n\t\t\t\t<div class=\"elementor-element elementor-element-065f846 e-con-full e-flex e-con e-parent\" data-id=\"065f846\" data-element_type=\"container\" data-e-type=\"container\">\n\t\t\t\t<div class=\"elementor-element elementor-element-6e3865a elementor-widget-mobile__width-inherit elementor-widget elementor-widget-qi_addons_for_elementor_dual_image_with_content\" data-id=\"6e3865a\" data-element_type=\"widget\" data-e-type=\"widget\" data-widget_type=\"qi_addons_for_elementor_dual_image_with_content.default\">\n\t\t\t\t<div class=\"elementor-widget-container\">\n\t\t\t\t\t<div class=\"qodef-shortcode qodef-m qodef-qi-dual-image-with-content qodef--content-left qodef-decoration--italic qodef-link--underline-draw qodef-qi--has-appear\">\n\t<div class=\"qodef-dual-content\">\n\t\t<div class=\"qodef-m-inner-content\">\n\t\t\t\t<h2 class=\"qodef-m-title\">\n\t\tKabala kitchen workshop - A day in our kitchen\t<\/h2>\n\t\t\t\t<p class=\"qodef-m-text\">10.30-16.00 hrs Preparation for the evening tasting menu: familiarisation with cooking techniques and workflow\n15.30 hrs Staff lunch\nPrice: 80 \u20ac\/person.\nMaximum 2 participants per workshop at a time.<br><br>\nOn demand: you can \"eat what you cooked\", with the option to eat the menu of the day. Reservations are required!  Dinner costs 74\u20ac per person. \"Live in the kitchen\": if you prefer to stay in the kitchen during service time, this is also possible. This costs an extra 53 \u20ac per person\nIf you would like to make a gift of the experience day, you can buy it from us in the form of a voucher, including room reservation and dinner.\n\n<p class=\"product woocommerce add_to_cart_inline\" style=\"border:4px solid #ccc; padding: 12px;\"><span class=\"woocommerce-Price-amount amount\"><bdi>30 000&nbsp;<span class=\"woocommerce-Price-currencySymbol\">&#70;&#116;<\/span><\/bdi><\/span><a href=\"\/en\/wp-json\/wp\/v2\/pages\/12750?add-to-cart=13498\" aria-describedby=\"woocommerce_loop_add_to_cart_link_describedby_13498\" data-quantity=\"1\" class=\"button product_type_simple add_to_cart_button ajax_add_to_cart\" data-product_id=\"13498\" data-product_sku=\"\" aria-label=\"Add to basket: \u201cKitchen workshop\u201d\" rel=\"nofollow\" data-success_message=\"\u201cKitchen workshop\u201d has been added to your cart\" role=\"button\" data-no-translation=\"\" data-trp-gettext=\"\" data-no-translation-aria-label=\"\" data-no-translation-data-success_message=\"\">Add to basket<\/a>\t<span id=\"woocommerce_loop_add_to_cart_link_describedby_13498\" class=\"screen-reader-text\">\n\t\t\t<\/span>\n<\/p><\/p>\n\t\t<\/div>\n\t\t<div class=\"qodef-m-inner-bottom\">\n\t\t\t\t\t<\/div>\n\t<\/div>\n\t<div class=\"qodef-image-holder\">\n\t\t<div class=\"qodef-m-main-image\">\n\t<img fetchpriority=\"high\" decoding=\"async\" width=\"2048\" height=\"1365\" src=\"https:\/\/villakabala.hu\/wp-content\/uploads\/2024\/06\/HRP_4254-2.webp\" class=\"attachment-full size-full\" alt=\"\" srcset=\"https:\/\/villakabala.hu\/wp-content\/uploads\/2024\/06\/HRP_4254-2.webp 2048w, https:\/\/villakabala.hu\/wp-content\/uploads\/2024\/06\/HRP_4254-2-600x400.webp 600w, https:\/\/villakabala.hu\/wp-content\/uploads\/2024\/06\/HRP_4254-2-300x200.webp 300w, https:\/\/villakabala.hu\/wp-content\/uploads\/2024\/06\/HRP_4254-2-1024x683.webp 1024w, https:\/\/villakabala.hu\/wp-content\/uploads\/2024\/06\/HRP_4254-2-768x512.webp 768w, https:\/\/villakabala.hu\/wp-content\/uploads\/2024\/06\/HRP_4254-2-1536x1024.webp 1536w\" sizes=\"(max-width: 2048px) 100vw, 2048px\" \/><\/div>\n\t\t<div class=\"qodef-m-second-image\">\n\t<\/div>\n\t<\/div>\n<\/div>\n\t\t\t\t<\/div>\n\t\t\t\t<\/div>\n\t\t\t\t<\/div>\n\t\t<div class=\"elementor-element elementor-element-a0bce83 e-con-full e-flex e-con e-parent\" data-id=\"a0bce83\" data-element_type=\"container\" data-e-type=\"container\">\n\t\t\t\t<div class=\"elementor-element elementor-element-16f7caa elementor-widget elementor-widget-qi_addons_for_elementor_dual_image_with_content\" data-id=\"16f7caa\" data-element_type=\"widget\" data-e-type=\"widget\" data-widget_type=\"qi_addons_for_elementor_dual_image_with_content.default\">\n\t\t\t\t<div class=\"elementor-widget-container\">\n\t\t\t\t\t<div class=\"qodef-shortcode qodef-m qodef-qi-dual-image-with-content qodef--content-left qodef-decoration--italic qodef-link--underline-draw qodef-qi--has-appear\">\n\t<div class=\"qodef-dual-content\">\n\t\t<div class=\"qodef-m-inner-content\">\n\t\t\t\t<h2 class=\"qodef-m-title\">\n\t\tFermented-drink workshop\t<\/h2>\n\t\t\t\t<p class=\"qodef-m-text\">You will have the opportunity to participate in a 2-hour fermented beverage workshop where you will learn the basics of home fermentation.<br><br>\nPrice of the worksop:53 \u20ac\/person\nThe price includes coffee, water, snack and 1 bottle of fermented drink prepared by you.\n\n<p class=\"product woocommerce add_to_cart_inline\" style=\"border:4px solid #ccc; padding: 12px;\"><span class=\"woocommerce-Price-amount amount\"><bdi>20 000&nbsp;<span class=\"woocommerce-Price-currencySymbol\">&#70;&#116;<\/span><\/bdi><\/span><a href=\"\/en\/wp-json\/wp\/v2\/pages\/12750?add-to-cart=13500\" aria-describedby=\"woocommerce_loop_add_to_cart_link_describedby_13500\" data-quantity=\"1\" class=\"button product_type_simple add_to_cart_button ajax_add_to_cart\" data-product_id=\"13500\" data-product_sku=\"\" aria-label=\"Add to basket: \u201cFerment\u00e1lt ital workshop\u201d\" rel=\"nofollow\" data-success_message=\"\u201cFerment\u00e1lt ital workshop\u201d has been added to your cart\" role=\"button\" data-no-translation=\"\" data-trp-gettext=\"\" data-no-translation-aria-label=\"\" data-no-translation-data-success_message=\"\">Add to basket<\/a>\t<span id=\"woocommerce_loop_add_to_cart_link_describedby_13500\" class=\"screen-reader-text\">\n\t\t\t<\/span>\n<\/p><\/p>\n\t\t<\/div>\n\t\t<div class=\"qodef-m-inner-bottom\">\n\t\t\t\t\t<\/div>\n\t<\/div>\n\t<div class=\"qodef-image-holder\">\n\t\t<div class=\"qodef-m-main-image\">\n\t<img decoding=\"async\" width=\"1980\" height=\"1320\" src=\"https:\/\/villakabala.hu\/wp-content\/uploads\/2024\/06\/etterem-11.jpg\" class=\"attachment-full size-full\" alt=\"\" srcset=\"https:\/\/villakabala.hu\/wp-content\/uploads\/2024\/06\/etterem-11.jpg 1980w, https:\/\/villakabala.hu\/wp-content\/uploads\/2024\/06\/etterem-11-600x400.jpg 600w, https:\/\/villakabala.hu\/wp-content\/uploads\/2024\/06\/etterem-11-300x200.jpg 300w, https:\/\/villakabala.hu\/wp-content\/uploads\/2024\/06\/etterem-11-1024x683.jpg 1024w, https:\/\/villakabala.hu\/wp-content\/uploads\/2024\/06\/etterem-11-768x512.jpg 768w, https:\/\/villakabala.hu\/wp-content\/uploads\/2024\/06\/etterem-11-1536x1024.jpg 1536w, https:\/\/villakabala.hu\/wp-content\/uploads\/2024\/06\/etterem-11-18x12.jpg 18w\" sizes=\"(max-width: 1980px) 100vw, 1980px\" \/><\/div>\n\t\t<div class=\"qodef-m-second-image\">\n\t<\/div>\n\t<\/div>\n<\/div>\n\t\t\t\t<\/div>\n\t\t\t\t<\/div>\n\t\t\t\t<\/div>\n\t\t<div class=\"elementor-element elementor-element-fd61043 e-con-full e-flex e-con e-parent\" data-id=\"fd61043\" data-element_type=\"container\" data-e-type=\"container\">\n\t\t\t\t<div class=\"elementor-element elementor-element-5d29c3e elementor-widget elementor-widget-qi_addons_for_elementor_dual_image_with_content\" data-id=\"5d29c3e\" data-element_type=\"widget\" data-e-type=\"widget\" data-widget_type=\"qi_addons_for_elementor_dual_image_with_content.default\">\n\t\t\t\t<div class=\"elementor-widget-container\">\n\t\t\t\t\t<div class=\"qodef-shortcode qodef-m qodef-qi-dual-image-with-content qodef--content-left qodef-decoration--italic qodef-link--underline-draw qodef-qi--has-appear\">\n\t<div class=\"qodef-dual-content\">\n\t\t<div class=\"qodef-m-inner-content\">\n\t\t\t\t<h2 class=\"qodef-m-title\">\n\t\tCeramics workshop\t<\/h2>\n\t\t\t\t<p class=\"qodef-m-text\">A creative programme for everyone. We welcome you if you are a pottery lover, but we are also the place to be if you are \"just\" an enthusiastic amateur, but would love to have your morning coffee from your own ceramic mug.\nPrice for the 3-hour workshop: 66 \u20ac\/person\n<br><br>\nAdvance booking is required for workshops.\nAdvance payment is required to finalise.\n\n<p class=\"product woocommerce add_to_cart_inline\" style=\"border:4px solid #ccc; padding: 12px;\"><span class=\"woocommerce-Price-amount amount\"><bdi>25 000&nbsp;<span class=\"woocommerce-Price-currencySymbol\">&#70;&#116;<\/span><\/bdi><\/span><a href=\"\/en\/wp-json\/wp\/v2\/pages\/12750?add-to-cart=13499\" aria-describedby=\"woocommerce_loop_add_to_cart_link_describedby_13499\" data-quantity=\"1\" class=\"button product_type_simple add_to_cart_button ajax_add_to_cart\" data-product_id=\"13499\" data-product_sku=\"\" aria-label=\"Add to basket: \u201cKer\u00e1mia workshop\u201d\" rel=\"nofollow\" data-success_message=\"\u201cKer\u00e1mia workshop\u201d has been added to your cart\" role=\"button\" data-no-translation=\"\" data-trp-gettext=\"\" data-no-translation-aria-label=\"\" data-no-translation-data-success_message=\"\">Add to basket<\/a>\t<span id=\"woocommerce_loop_add_to_cart_link_describedby_13499\" class=\"screen-reader-text\">\n\t\t\t<\/span>\n<\/p><\/p>\n\t\t<\/div>\n\t\t<div class=\"qodef-m-inner-bottom\">\n\t\t\t\t\t<\/div>\n\t<\/div>\n\t<div class=\"qodef-image-holder\">\n\t\t<div class=\"qodef-m-main-image\">\n\t<img decoding=\"async\" width=\"1000\" height=\"666\" src=\"https:\/\/villakabala.hu\/wp-content\/uploads\/2024\/06\/IMG_3712.webp\" class=\"attachment-full size-full\" alt=\"\" srcset=\"https:\/\/villakabala.hu\/wp-content\/uploads\/2024\/06\/IMG_3712.webp 1000w, https:\/\/villakabala.hu\/wp-content\/uploads\/2024\/06\/IMG_3712-600x400.webp 600w, https:\/\/villakabala.hu\/wp-content\/uploads\/2024\/06\/IMG_3712-300x200.webp 300w, https:\/\/villakabala.hu\/wp-content\/uploads\/2024\/06\/IMG_3712-768x511.webp 768w, https:\/\/villakabala.hu\/wp-content\/uploads\/2024\/06\/IMG_3712-18x12.webp 18w\" sizes=\"(max-width: 1000px) 100vw, 1000px\" \/><\/div>\n\t\t<div class=\"qodef-m-second-image\">\n\t<\/div>\n\t<\/div>\n<\/div>\n\t\t\t\t<\/div>\n\t\t\t\t<\/div>\n\t\t\t\t<\/div>\n\t\t\t\t<\/div>","protected":false},"excerpt":{"rendered":"<p>Kabala kitchen workshop &#8211; Egy nap a konyh\u00e1nkon 10.30-16.00 \u00f3r\u00e1ig felk\u00e9sz\u00fcl\u00e9s az esti deguszt\u00e1ci\u00f3s men\u00fcre: ismerked\u00e9s a konyhatechnol\u00f3gi\u00e1kkal \u00e9s munkafolyamatokkal 15.30 \u00f3ra k\u00f6z\u00f6s szem\u00e9lyzeti eb\u00e9d \u00c1r: 30.000 huf\/ f\u0151. Egy id\u0151ben maximum 2 f\u0151 vehet r\u00e9szt a workshopon. Ig\u00e9ny szerint: \u201cedd meg, amit f\u0151zt\u00e9l\u201dlehet\u0151s\u00e9getek van elfogyasztani a nap folyam\u00e1n k\u00e9sz\u00fclt men\u00fcsort. Ehhez el\u0151zetes asztalfoglal\u00e1s sz\u00fcks\u00e9ges!\u00a0 [&hellip;]<\/p>\n","protected":false},"author":1,"featured_media":0,"parent":0,"menu_order":0,"comment_status":"closed","ping_status":"closed","template":"page-full-width.php","meta":{"footnotes":""},"class_list":["post-12750","page","type-page","status-publish","hentry"],"_links":{"self":[{"href":"https:\/\/villakabala.hu\/en\/wp-json\/wp\/v2\/pages\/12750","targetHints":{"allow":["GET"]}}],"collection":[{"href":"https:\/\/villakabala.hu\/en\/wp-json\/wp\/v2\/pages"}],"about":[{"href":"https:\/\/villakabala.hu\/en\/wp-json\/wp\/v2\/types\/page"}],"author":[{"embeddable":true,"href":"https:\/\/villakabala.hu\/en\/wp-json\/wp\/v2\/users\/1"}],"replies":[{"embeddable":true,"href":"https:\/\/villakabala.hu\/en\/wp-json\/wp\/v2\/comments?post=12750"}],"version-history":[{"count":46,"href":"https:\/\/villakabala.hu\/en\/wp-json\/wp\/v2\/pages\/12750\/revisions"}],"predecessor-version":[{"id":13534,"href":"https:\/\/villakabala.hu\/en\/wp-json\/wp\/v2\/pages\/12750\/revisions\/13534"}],"wp:attachment":[{"href":"https:\/\/villakabala.hu\/en\/wp-json\/wp\/v2\/media?parent=12750"}],"curies":[{"name":"wp","href":"https:\/\/api.w.org\/{rel}","templated":true}]}}