{"id":12752,"date":"2024-06-14T09:12:03","date_gmt":"2024-06-14T09:12:03","guid":{"rendered":"https:\/\/cloudsystems.hu\/vk\/?page_id=12752"},"modified":"2025-12-31T13:39:44","modified_gmt":"2025-12-31T12:39:44","slug":"filozofia","status":"publish","type":"page","link":"https:\/\/villakabala.hu\/en\/filozofia\/","title":{"rendered":"Philosophy"},"content":{"rendered":"<div data-elementor-type=\"wp-page\" data-elementor-id=\"12752\" class=\"elementor elementor-12752\">\n\t\t\t\t<div class=\"elementor-element elementor-element-7d85d85f e-con-full e-flex e-con e-parent\" data-id=\"7d85d85f\" data-element_type=\"container\" data-e-type=\"container\" data-settings=\"{&quot;background_background&quot;:&quot;classic&quot;}\">\n\t\t\t\t<\/div>\n\t\t<div class=\"elementor-element elementor-element-40e5a9a e-flex e-con-boxed e-con e-parent\" data-id=\"40e5a9a\" data-element_type=\"container\" data-e-type=\"container\">\n\t\t\t\t\t<div class=\"e-con-inner\">\n\t\t\t\t<div class=\"elementor-element elementor-element-49a20fc elementor-widget elementor-widget-qi_addons_for_elementor_section_title\" data-id=\"49a20fc\" data-element_type=\"widget\" data-e-type=\"widget\" data-widget_type=\"qi_addons_for_elementor_section_title.default\">\n\t\t\t\t<div class=\"elementor-widget-container\">\n\t\t\t\t\t<div class=\"qodef-shortcode qodef-m qodef-qi-section-title qodef-decoration--italic qodef-link--underline-draw qodef-subtitle-icon--left\">\n\t\t\t\t<h5 class=\"qodef-m-subtitle\">\n\t\tRaw material centred\t\t\t<\/h5>\n\t\t\t<h2 class=\"qodef-m-title\">\n\t\tnature-based innovative cuisine\t<\/h2>\n\t\t\t<div class=\"qodef-m-text\"><p>In our kitchen, led by chef Andr\u00e1s Szab\u00f3, the greatest emphasis is placed on local ingredients and modern technology.  As committed believers in sustainability, we strive to leave as small an ecological footprint as possible. We have our own special winter-summer vegetable garden, our own pottery workshop and our own coffee roaster. We serve home-fermented drinks, make our baked goods locally, and work with ingredients grown by local and nearby farmers and Peter's family.<br \/>Andr\u00e1s has been running the Kabala kitchen since 2018. Following numerous national successes and accolades, he led the restaurant to a Michelin recommendation in 2022. In 2023, we not only retained this accolade, but also won the Green Michelin star for sustainability and the 'Special Service of the Year' award.<\/p><\/div>\n\t<\/div>\n\t\t\t\t<\/div>\n\t\t\t\t<\/div>\n\t\t\t\t\t<\/div>\n\t\t\t\t<\/div>\n\t\t<div class=\"elementor-element elementor-element-e0ea31f e-flex e-con-boxed e-con e-parent\" data-id=\"e0ea31f\" data-element_type=\"container\" data-e-type=\"container\">\n\t\t\t\t\t<div class=\"e-con-inner\">\n\t\t\t\t<div class=\"elementor-element elementor-element-5913562 elementor-widget elementor-widget-image\" data-id=\"5913562\" data-element_type=\"widget\" data-e-type=\"widget\" data-widget_type=\"image.default\">\n\t\t\t\t<div class=\"elementor-widget-container\">\n\t\t\t\t\t\t\t\t\t\t\t\t\t\t\t<img fetchpriority=\"high\" decoding=\"async\" width=\"1280\" height=\"853\" src=\"https:\/\/villakabala.hu\/wp-content\/uploads\/2024\/06\/kozos1.webp\" class=\"attachment-full size-full wp-image-12396\" alt=\"\" srcset=\"https:\/\/villakabala.hu\/wp-content\/uploads\/2024\/06\/kozos1.webp 1280w, https:\/\/villakabala.hu\/wp-content\/uploads\/2024\/06\/kozos1-600x400.webp 600w, https:\/\/villakabala.hu\/wp-content\/uploads\/2024\/06\/kozos1-300x200.webp 300w, https:\/\/villakabala.hu\/wp-content\/uploads\/2024\/06\/kozos1-1024x682.webp 1024w, https:\/\/villakabala.hu\/wp-content\/uploads\/2024\/06\/kozos1-768x512.webp 768w\" sizes=\"(max-width: 1280px) 100vw, 1280px\" \/>\t\t\t\t\t\t\t\t\t\t\t\t\t\t\t<\/div>\n\t\t\t\t<\/div>\n\t\t\t\t\t<\/div>\n\t\t\t\t<\/div>\n\t\t<div class=\"elementor-element elementor-element-ccdef70 e-flex e-con-boxed e-con e-parent\" data-id=\"ccdef70\" data-element_type=\"container\" data-e-type=\"container\">\n\t\t\t\t\t<div class=\"e-con-inner\">\n\t\t\t\t<div class=\"elementor-element elementor-element-ee2b801 elementor-widget elementor-widget-qi_addons_for_elementor_image_gallery_masonry\" data-id=\"ee2b801\" data-element_type=\"widget\" data-e-type=\"widget\" data-widget_type=\"qi_addons_for_elementor_image_gallery_masonry.default\">\n\t\t\t\t<div class=\"elementor-widget-container\">\n\t\t\t\t\t<div class=\"qodef-shortcode qodef-m qodef-qi-image-gallery-masonry qodef-qi-fslightbox-popup qodef-popup-gallery qodef-image--hover-zoom qodef-qi-grid qodef-layout--qi-masonry qodef-items--fixed qodef-col-num--3 qodef-responsive--predefined\">\n\t<div class=\"qodef-grid-inner\">\n\t\t\t<div class=\"qodef-qi-grid-masonry-sizer\"><\/div>\n<div class=\"qodef-e qodef-image-wrapper qodef-grid-item qodef-item--portrait\">\n\t<div class=\"qodef-e-inner\">\n\t\t\t\t\t<a class=\"qodef-popup-item\" itemprop=\"image\" href=\"https:\/\/villakabala.hu\/wp-content\/uploads\/2024\/06\/folozofia5.webp\" data-type=\"image\" data-fslightbox=\"gallery-1\">\n\t\t\t\t\t<img decoding=\"async\" width=\"650\" height=\"1300\" src=\"https:\/\/villakabala.hu\/wp-content\/uploads\/2024\/06\/folozofia5-650x1300.webp\" class=\"attachment-qi_addons_for_elementor_image_size_portrait size-qi_addons_for_elementor_image_size_portrait\" alt=\"\" \/>\t\t\t\t\t<\/a>\n\t\t\t<\/div>\n<\/div>\n<div class=\"qodef-e qodef-image-wrapper qodef-grid-item qodef-item--\">\n\t<div class=\"qodef-e-inner\">\n\t\t\t\t\t<a class=\"qodef-popup-item\" itemprop=\"image\" href=\"https:\/\/villakabala.hu\/wp-content\/uploads\/2024\/06\/filozofia-8.webp\" data-type=\"image\" data-fslightbox=\"gallery-1\">\n\t\t\t\t\t<img decoding=\"async\" width=\"1000\" height=\"1500\" src=\"https:\/\/villakabala.hu\/wp-content\/uploads\/2024\/06\/filozofia-8.webp\" class=\"attachment- size-\" alt=\"\" srcset=\"https:\/\/villakabala.hu\/wp-content\/uploads\/2024\/06\/filozofia-8.webp 1000w, https:\/\/villakabala.hu\/wp-content\/uploads\/2024\/06\/filozofia-8-600x900.webp 600w, https:\/\/villakabala.hu\/wp-content\/uploads\/2024\/06\/filozofia-8-200x300.webp 200w, https:\/\/villakabala.hu\/wp-content\/uploads\/2024\/06\/filozofia-8-683x1024.webp 683w, https:\/\/villakabala.hu\/wp-content\/uploads\/2024\/06\/filozofia-8-768x1152.webp 768w, https:\/\/villakabala.hu\/wp-content\/uploads\/2024\/06\/filozofia-8-8x12.webp 8w\" sizes=\"(max-width: 1000px) 100vw, 1000px\" \/>\t\t\t\t\t<\/a>\n\t\t\t<\/div>\n<\/div>\n<div class=\"qodef-e qodef-image-wrapper qodef-grid-item qodef-item--portrait\">\n\t<div class=\"qodef-e-inner\">\n\t\t\t\t\t<a class=\"qodef-popup-item\" itemprop=\"image\" href=\"https:\/\/villakabala.hu\/wp-content\/uploads\/2024\/06\/filozofia6.webp\" data-type=\"image\" data-fslightbox=\"gallery-1\">\n\t\t\t\t\t<img loading=\"lazy\" decoding=\"async\" width=\"650\" height=\"1300\" src=\"https:\/\/villakabala.hu\/wp-content\/uploads\/2024\/06\/filozofia6-650x1300.webp\" class=\"attachment-qi_addons_for_elementor_image_size_portrait size-qi_addons_for_elementor_image_size_portrait\" alt=\"\" \/>\t\t\t\t\t<\/a>\n\t\t\t<\/div>\n<\/div>\n<div class=\"qodef-e qodef-image-wrapper qodef-grid-item qodef-item--\">\n\t<div class=\"qodef-e-inner\">\n\t\t\t\t\t<a class=\"qodef-popup-item\" itemprop=\"image\" href=\"https:\/\/villakabala.hu\/wp-content\/uploads\/2024\/06\/filozofia-1.webp\" data-type=\"image\" data-fslightbox=\"gallery-1\">\n\t\t\t\t\t<img loading=\"lazy\" decoding=\"async\" width=\"1000\" height=\"1500\" src=\"https:\/\/villakabala.hu\/wp-content\/uploads\/2024\/06\/filozofia-1.webp\" class=\"attachment- size-\" alt=\"\" srcset=\"https:\/\/villakabala.hu\/wp-content\/uploads\/2024\/06\/filozofia-1.webp 1000w, https:\/\/villakabala.hu\/wp-content\/uploads\/2024\/06\/filozofia-1-600x900.webp 600w, https:\/\/villakabala.hu\/wp-content\/uploads\/2024\/06\/filozofia-1-200x300.webp 200w, https:\/\/villakabala.hu\/wp-content\/uploads\/2024\/06\/filozofia-1-683x1024.webp 683w, https:\/\/villakabala.hu\/wp-content\/uploads\/2024\/06\/filozofia-1-768x1152.webp 768w, https:\/\/villakabala.hu\/wp-content\/uploads\/2024\/06\/filozofia-1-8x12.webp 8w\" sizes=\"(max-width: 1000px) 100vw, 1000px\" \/>\t\t\t\t\t<\/a>\n\t\t\t<\/div>\n<\/div>\n\t<\/div>\n<\/div>\n\t\t\t\t<\/div>\n\t\t\t\t<\/div>\n\t\t\t\t\t<\/div>\n\t\t\t\t<\/div>\n\t\t\t\t<\/div>","protected":false},"excerpt":{"rendered":"<p>Alapanyag k\u00f6zpont\u00fa term\u00e9szetk\u00f6zeli innovat\u00edv konyha Szab\u00f3 Andr\u00e1s s\u00e9f \u00e1ltal vezetett konyh\u00e1nkban a modern technol\u00f3gia mellett a legnagyobb hangs\u00falyt a helyi alapanyagok kapj\u00e1k.\u00a0 A fenntarthat\u00f3s\u00e1g elk\u00f6telezett h\u00edvek\u00e9nt arra t\u00f6reksz\u00fcnk, hogy min\u00e9l kisebb \u00f6kol\u00f3giai l\u00e1bnyomot hagyjunk magunk ut\u00e1n. Saj\u00e1t speci\u00e1lis t\u00e9li-ny\u00e1ri vetem\u00e9nyeskertet alak\u00edtottunk ki, saj\u00e1t fazekas m\u0171hely\u00fcnk \u00e9s k\u00e1v\u00e9p\u00f6rk\u00f6l\u0151nk van. H\u00e1zilag ferment\u00e1lt italokat szolg\u00e1lunk fel, a p\u00e9k\u00e1rut [&hellip;]<\/p>\n","protected":false},"author":1,"featured_media":0,"parent":0,"menu_order":0,"comment_status":"closed","ping_status":"closed","template":"page-full-width.php","meta":{"footnotes":""},"class_list":["post-12752","page","type-page","status-publish","hentry"],"_links":{"self":[{"href":"https:\/\/villakabala.hu\/en\/wp-json\/wp\/v2\/pages\/12752","targetHints":{"allow":["GET"]}}],"collection":[{"href":"https:\/\/villakabala.hu\/en\/wp-json\/wp\/v2\/pages"}],"about":[{"href":"https:\/\/villakabala.hu\/en\/wp-json\/wp\/v2\/types\/page"}],"author":[{"embeddable":true,"href":"https:\/\/villakabala.hu\/en\/wp-json\/wp\/v2\/users\/1"}],"replies":[{"embeddable":true,"href":"https:\/\/villakabala.hu\/en\/wp-json\/wp\/v2\/comments?post=12752"}],"version-history":[{"count":34,"href":"https:\/\/villakabala.hu\/en\/wp-json\/wp\/v2\/pages\/12752\/revisions"}],"predecessor-version":[{"id":13195,"href":"https:\/\/villakabala.hu\/en\/wp-json\/wp\/v2\/pages\/12752\/revisions\/13195"}],"wp:attachment":[{"href":"https:\/\/villakabala.hu\/en\/wp-json\/wp\/v2\/media?parent=12752"}],"curies":[{"name":"wp","href":"https:\/\/api.w.org\/{rel}","templated":true}]}}