{"id":12754,"date":"2024-06-14T09:12:32","date_gmt":"2024-06-14T09:12:32","guid":{"rendered":"https:\/\/cloudsystems.hu\/vk\/?page_id=12754"},"modified":"2025-12-12T19:27:21","modified_gmt":"2025-12-12T18:27:21","slug":"ajandekkartya","status":"publish","type":"page","link":"https:\/\/villakabala.hu\/en\/ajandekkartya\/","title":{"rendered":"Gift card"},"content":{"rendered":"<div data-elementor-type=\"wp-page\" data-elementor-id=\"12754\" class=\"elementor elementor-12754\">\n\t\t\t\t<div class=\"elementor-element elementor-element-5c6f4d4 e-con-full e-flex e-con e-parent\" data-id=\"5c6f4d4\" data-element_type=\"container\" data-e-type=\"container\">\n\t\t\t\t<div class=\"elementor-element elementor-element-95b2177 elementor-widget elementor-widget-qi_addons_for_elementor_dual_image_with_content\" data-id=\"95b2177\" data-element_type=\"widget\" data-e-type=\"widget\" data-widget_type=\"qi_addons_for_elementor_dual_image_with_content.default\">\n\t\t\t\t<div class=\"elementor-widget-container\">\n\t\t\t\t\t<div class=\"qodef-shortcode qodef-m qodef-qi-dual-image-with-content qodef--content-left qodef-decoration--italic qodef-link--underline-draw qodef-qi--has-appear\">\n\t<div class=\"qodef-dual-content\">\n\t\t<div class=\"qodef-m-inner-content\">\n\t\t\t\t\t\t\t<p class=\"qodef-m-text\">- Kabala gift card - optional amount, which can be used both in the restaurant and\/or in the pension<br>\n- Kabala \"room card\"<br>\n- Kabala lunch card (with optional drink pairing)<br>\n- Kabala dinner card (with optional drink pairing)<br>\n- Kitchen workshop : 80 \u20ac\/ pers.<br>\n- Ceramics workshop: 66 \u20ac\/pers.<br>\n- Fermented drink workshop: 53 \u20ac\/pers.<br>\n<br>\nLunch menu: 43 \u20ac\/person, drink pairing (3 items alcoholic or non-alcoholic): 16 \u20ac\/person<br>\nDinner menu: 74 \u20ac\/person, drink pairing (6 items alcoholic or non-alcoholic): 32 \u20ac\/person, Balaton Highlands wine list (with 6 items dinner menu): 40 \u20ac\/person<br><br>\n(A service fee of 13% will be charged for restaurant vouchers).<br>\n<br>\nConfession\/Married 137 \u20ac\/room\/night<br>\nMermaid\/Mermaid 127 \u20ac\/room\/night<br>\nSunshade\/Rusty - 87 \u20ac\/room\/night<\/p>\n\t\t<\/div>\n\t\t<div class=\"qodef-m-inner-bottom\">\n\t\t\t\t\t<\/div>\n\t<\/div>\n\t<div class=\"qodef-image-holder\">\n\t\t<div class=\"qodef-m-main-image\">\n\t<img fetchpriority=\"high\" decoding=\"async\" width=\"1000\" height=\"666\" src=\"https:\/\/villakabala.hu\/wp-content\/uploads\/2024\/06\/villa-kabala-szigliget-korosi-tamas-1.exact1980w.webp\" class=\"attachment-full size-full\" alt=\"\" srcset=\"https:\/\/villakabala.hu\/wp-content\/uploads\/2024\/06\/villa-kabala-szigliget-korosi-tamas-1.exact1980w.webp 1000w, https:\/\/villakabala.hu\/wp-content\/uploads\/2024\/06\/villa-kabala-szigliget-korosi-tamas-1.exact1980w-600x400.webp 600w, https:\/\/villakabala.hu\/wp-content\/uploads\/2024\/06\/villa-kabala-szigliget-korosi-tamas-1.exact1980w-300x200.webp 300w, https:\/\/villakabala.hu\/wp-content\/uploads\/2024\/06\/villa-kabala-szigliget-korosi-tamas-1.exact1980w-768x511.webp 768w, https:\/\/villakabala.hu\/wp-content\/uploads\/2024\/06\/villa-kabala-szigliget-korosi-tamas-1.exact1980w-18x12.webp 18w\" sizes=\"(max-width: 1000px) 100vw, 1000px\" \/><\/div>\n\t\t<div class=\"qodef-m-second-image\">\n\t<\/div>\n\t<\/div>\n<\/div>\n\t\t\t\t<\/div>\n\t\t\t\t<\/div>\n\t\t\t\t<\/div>\n\t\t<div class=\"elementor-element elementor-element-8be17c5 e-flex e-con-boxed e-con e-parent\" data-id=\"8be17c5\" data-element_type=\"container\" data-e-type=\"container\">\n\t\t\t\t\t<div class=\"e-con-inner\">\n\t\t\t\t<div class=\"elementor-element elementor-element-4589459 elementor-widget elementor-widget-shortcode\" data-id=\"4589459\" data-element_type=\"widget\" data-e-type=\"widget\" data-widget_type=\"shortcode.default\">\n\t\t\t\t<div class=\"elementor-widget-container\">\n\t\t\t\t\t\t\t<div class=\"elementor-shortcode\">    <div class=\"brezy-mini-shop\">\n                    <div class=\"brezy-product-card\">\n                <a href=\"https:\/\/villakabala.hu\/en\/product\/folfoldi-bozzante-bodza-pezsgo\/\" class=\"brezy-product-image\">\n                    <img decoding=\"async\" width=\"300\" height=\"300\" src=\"https:\/\/villakabala.hu\/wp-content\/uploads\/2025\/12\/DSCF5722_resize-300x300.jpeg\" class=\"attachment-woocommerce_thumbnail size-woocommerce_thumbnail\" alt=\"F\u00f6lf\u00f6ldi Bozzante bodza pezsg\u0151\" srcset=\"https:\/\/villakabala.hu\/wp-content\/uploads\/2025\/12\/DSCF5722_resize-300x300.jpeg 300w, https:\/\/villakabala.hu\/wp-content\/uploads\/2025\/12\/DSCF5722_resize-150x150.jpeg 150w, https:\/\/villakabala.hu\/wp-content\/uploads\/2025\/12\/DSCF5722_resize-100x100.jpeg 100w\" sizes=\"(max-width: 300px) 100vw, 300px\" \/>                <\/a>\n\n                <div class=\"brezy-product-content\">\n                    <h3 class=\"brezy-product-title\">F\u00f6lf\u00f6ldi Bozzante Elderflower Sparkling Wine<\/h3>\n                    <div class=\"brezy-product-price\"><span class=\"woocommerce-Price-amount amount\"><bdi>15 600&nbsp;<span class=\"woocommerce-Price-currencySymbol\">&#70;&#116;<\/span><\/bdi><\/span><\/div>\n\n                    <a href=\"?add-to-cart=13551\"\n                       data-quantity=\"1\"\n                       class=\"button add_to_cart_button ajax_add_to_cart brezy-add-to-cart\"\n                       data-product_id=\"13551\">\n                        In Cart\n                    <\/a>\n                <\/div>\n            <\/div>\n                    <div class=\"brezy-product-card\">\n                <a href=\"https:\/\/villakabala.hu\/en\/product\/fermentalt-ital-workshop\/\" class=\"brezy-product-image\">\n                    <img decoding=\"async\" width=\"300\" height=\"300\" src=\"https:\/\/villakabala.hu\/wp-content\/uploads\/2024\/06\/etterem-11-300x300.jpg\" class=\"attachment-woocommerce_thumbnail size-woocommerce_thumbnail\" alt=\"Ferment\u00e1lt ital workshop\" srcset=\"https:\/\/villakabala.hu\/wp-content\/uploads\/2024\/06\/etterem-11-300x300.jpg 300w, https:\/\/villakabala.hu\/wp-content\/uploads\/2024\/06\/etterem-11-100x100.jpg 100w, https:\/\/villakabala.hu\/wp-content\/uploads\/2024\/06\/etterem-11-150x150.jpg 150w, https:\/\/villakabala.hu\/wp-content\/uploads\/2024\/06\/etterem-11-650x650.jpg 650w, https:\/\/villakabala.hu\/wp-content\/uploads\/2024\/06\/etterem-11-1300x1300.jpg 1300w\" sizes=\"(max-width: 300px) 100vw, 300px\" \/>                <\/a>\n\n                <div class=\"brezy-product-content\">\n                    <h3 class=\"brezy-product-title\">Fermented Beverage Workshop<\/h3>\n                    <div class=\"brezy-product-price\"><span class=\"woocommerce-Price-amount amount\"><bdi>20 000&nbsp;<span class=\"woocommerce-Price-currencySymbol\">&#70;&#116;<\/span><\/bdi><\/span><\/div>\n\n                    <a href=\"?add-to-cart=13500\"\n                       data-quantity=\"1\"\n                       class=\"button add_to_cart_button ajax_add_to_cart brezy-add-to-cart\"\n                       data-product_id=\"13500\">\n                        In Cart\n                    <\/a>\n                <\/div>\n            <\/div>\n                    <div class=\"brezy-product-card\">\n                <a href=\"https:\/\/villakabala.hu\/en\/product\/keramia-workshop\/\" class=\"brezy-product-image\">\n                    <img loading=\"lazy\" decoding=\"async\" width=\"300\" height=\"300\" src=\"https:\/\/villakabala.hu\/wp-content\/uploads\/2024\/06\/IMG_3712-300x300.webp\" class=\"attachment-woocommerce_thumbnail size-woocommerce_thumbnail\" alt=\"Ker\u00e1mia workshop\" srcset=\"https:\/\/villakabala.hu\/wp-content\/uploads\/2024\/06\/IMG_3712-300x300.webp 300w, https:\/\/villakabala.hu\/wp-content\/uploads\/2024\/06\/IMG_3712-100x100.webp 100w, https:\/\/villakabala.hu\/wp-content\/uploads\/2024\/06\/IMG_3712-150x150.webp 150w, https:\/\/villakabala.hu\/wp-content\/uploads\/2024\/06\/IMG_3712-650x650.webp 650w\" sizes=\"(max-width: 300px) 100vw, 300px\" \/>                <\/a>\n\n                <div class=\"brezy-product-content\">\n                    <h3 class=\"brezy-product-title\">Ceramics workshop<\/h3>\n                    <div class=\"brezy-product-price\"><span class=\"woocommerce-Price-amount amount\"><bdi>25 000&nbsp;<span class=\"woocommerce-Price-currencySymbol\">&#70;&#116;<\/span><\/bdi><\/span><\/div>\n\n                    <a href=\"?add-to-cart=13499\"\n                       data-quantity=\"1\"\n                       class=\"button add_to_cart_button ajax_add_to_cart brezy-add-to-cart\"\n                       data-product_id=\"13499\">\n                        In Cart\n                    <\/a>\n                <\/div>\n            <\/div>\n                    <div class=\"brezy-product-card\">\n                <a href=\"https:\/\/villakabala.hu\/en\/product\/kitchen-workshop\/\" class=\"brezy-product-image\">\n                    <img loading=\"lazy\" decoding=\"async\" width=\"300\" height=\"300\" src=\"https:\/\/villakabala.hu\/wp-content\/uploads\/2024\/06\/HRP_4254-2-300x300.webp\" class=\"attachment-woocommerce_thumbnail size-woocommerce_thumbnail\" alt=\"Kitchen workshop\" srcset=\"https:\/\/villakabala.hu\/wp-content\/uploads\/2024\/06\/HRP_4254-2-300x300.webp 300w, https:\/\/villakabala.hu\/wp-content\/uploads\/2024\/06\/HRP_4254-2-100x100.webp 100w, https:\/\/villakabala.hu\/wp-content\/uploads\/2024\/06\/HRP_4254-2-150x150.webp 150w, https:\/\/villakabala.hu\/wp-content\/uploads\/2024\/06\/HRP_4254-2-650x650.webp 650w, https:\/\/villakabala.hu\/wp-content\/uploads\/2024\/06\/HRP_4254-2-1300x1300.webp 1300w\" sizes=\"(max-width: 300px) 100vw, 300px\" \/>                <\/a>\n\n                <div class=\"brezy-product-content\">\n                    <h3 class=\"brezy-product-title\">Kitchen workshop<\/h3>\n                    <div class=\"brezy-product-price\"><span class=\"woocommerce-Price-amount amount\"><bdi>30 000&nbsp;<span class=\"woocommerce-Price-currencySymbol\">&#70;&#116;<\/span><\/bdi><\/span><\/div>\n\n                    <a href=\"?add-to-cart=13498\"\n                       data-quantity=\"1\"\n                       class=\"button add_to_cart_button ajax_add_to_cart brezy-add-to-cart\"\n                       data-product_id=\"13498\">\n                        In Cart\n                    <\/a>\n                <\/div>\n            <\/div>\n                    <div class=\"brezy-product-card\">\n                <a href=\"https:\/\/villakabala.hu\/en\/product\/kabala-vacsorakartya\/\" class=\"brezy-product-image\">\n                    <img loading=\"lazy\" decoding=\"async\" width=\"300\" height=\"300\" src=\"https:\/\/villakabala.hu\/wp-content\/uploads\/2025\/12\/kabala4-300x300.png\" class=\"attachment-woocommerce_thumbnail size-woocommerce_thumbnail\" alt=\"Kabala vacsorak\u00e1rtya\" srcset=\"https:\/\/villakabala.hu\/wp-content\/uploads\/2025\/12\/kabala4-300x300.png 300w, https:\/\/villakabala.hu\/wp-content\/uploads\/2025\/12\/kabala4-150x150.png 150w, https:\/\/villakabala.hu\/wp-content\/uploads\/2025\/12\/kabala4-12x12.png 12w, https:\/\/villakabala.hu\/wp-content\/uploads\/2025\/12\/kabala4-100x100.png 100w, https:\/\/villakabala.hu\/wp-content\/uploads\/2025\/12\/kabala4.png 504w\" sizes=\"(max-width: 300px) 100vw, 300px\" \/>                <\/a>\n\n                <div class=\"brezy-product-content\">\n                    <h3 class=\"brezy-product-title\">Kabala Dinner Card<\/h3>\n                    <div class=\"brezy-product-price\"><span class=\"woocommerce-Price-amount amount\" aria-hidden=\"true\"><bdi>27 990&nbsp;<span class=\"woocommerce-Price-currencySymbol\">&#70;&#116;<\/span><\/bdi><\/span> <span aria-hidden=\"true\">&ndash;<\/span> <span class=\"woocommerce-Price-amount amount\" aria-hidden=\"true\"><bdi>42 980&nbsp;<span class=\"woocommerce-Price-currencySymbol\">&#70;&#116;<\/span><\/bdi><\/span><span class=\"screen-reader-text\" data-no-translation=\"\" data-trp-gettext=\"\">Price range: 27 990&nbsp;&#70;&#116; through 42 980&nbsp;&#70;&#116;<\/span><\/div>\n\n                    <a href=\"?add-to-cart=13496\"\n                       data-quantity=\"1\"\n                       class=\"button add_to_cart_button ajax_add_to_cart brezy-add-to-cart\"\n                       data-product_id=\"13496\">\n                        In Cart\n                    <\/a>\n                <\/div>\n            <\/div>\n                    <div class=\"brezy-product-card\">\n                <a href=\"https:\/\/villakabala.hu\/en\/product\/kabala-ebedkartya\/\" class=\"brezy-product-image\">\n                    <img loading=\"lazy\" decoding=\"async\" width=\"300\" height=\"300\" src=\"https:\/\/villakabala.hu\/wp-content\/uploads\/2025\/11\/kabalaebed-300x300.png\" class=\"attachment-woocommerce_thumbnail size-woocommerce_thumbnail\" alt=\"Kabala eb\u00e9dk\u00e1rtya\" srcset=\"https:\/\/villakabala.hu\/wp-content\/uploads\/2025\/11\/kabalaebed-300x300.png 300w, https:\/\/villakabala.hu\/wp-content\/uploads\/2025\/11\/kabalaebed-150x150.png 150w, https:\/\/villakabala.hu\/wp-content\/uploads\/2025\/11\/kabalaebed-12x12.png 12w, https:\/\/villakabala.hu\/wp-content\/uploads\/2025\/11\/kabalaebed-100x100.png 100w, https:\/\/villakabala.hu\/wp-content\/uploads\/2025\/11\/kabalaebed.png 504w\" sizes=\"(max-width: 300px) 100vw, 300px\" \/>                <\/a>\n\n                <div class=\"brezy-product-content\">\n                    <h3 class=\"brezy-product-title\">Kabala Lunch Card<\/h3>\n                    <div class=\"brezy-product-price\"><span class=\"woocommerce-Price-amount amount\" aria-hidden=\"true\"><bdi>15 490&nbsp;<span class=\"woocommerce-Price-currencySymbol\">&#70;&#116;<\/span><\/bdi><\/span> <span aria-hidden=\"true\">&ndash;<\/span> <span class=\"woocommerce-Price-amount amount\" aria-hidden=\"true\"><bdi>21 480&nbsp;<span class=\"woocommerce-Price-currencySymbol\">&#70;&#116;<\/span><\/bdi><\/span><span class=\"screen-reader-text\" data-no-translation=\"\" data-trp-gettext=\"\">Price range: 15 490&nbsp;&#70;&#116; through 21 480&nbsp;&#70;&#116;<\/span><\/div>\n\n                    <a href=\"?add-to-cart=13493\"\n                       data-quantity=\"1\"\n                       class=\"button add_to_cart_button ajax_add_to_cart brezy-add-to-cart\"\n                       data-product_id=\"13493\">\n                        In Cart\n                    <\/a>\n                <\/div>\n            <\/div>\n                    <div class=\"brezy-product-card\">\n                <a href=\"https:\/\/villakabala.hu\/en\/product\/kabala-szobakartya\/\" class=\"brezy-product-image\">\n                    <img loading=\"lazy\" decoding=\"async\" width=\"300\" height=\"300\" src=\"https:\/\/villakabala.hu\/wp-content\/uploads\/2025\/12\/kabala3-300x300.png\" class=\"attachment-woocommerce_thumbnail size-woocommerce_thumbnail\" alt=\"Kabala \u201cszobak\u00e1rtya\u201d\" srcset=\"https:\/\/villakabala.hu\/wp-content\/uploads\/2025\/12\/kabala3-300x300.png 300w, https:\/\/villakabala.hu\/wp-content\/uploads\/2025\/12\/kabala3-150x150.png 150w, https:\/\/villakabala.hu\/wp-content\/uploads\/2025\/12\/kabala3-12x12.png 12w, https:\/\/villakabala.hu\/wp-content\/uploads\/2025\/12\/kabala3-100x100.png 100w, https:\/\/villakabala.hu\/wp-content\/uploads\/2025\/12\/kabala3.png 504w\" sizes=\"(max-width: 300px) 100vw, 300px\" \/>                <\/a>\n\n                <div class=\"brezy-product-content\">\n                    <h3 class=\"brezy-product-title\">Kabala \u201cRoom Card\u201d<\/h3>\n                    <div class=\"brezy-product-price\"><span class=\"woocommerce-Price-amount amount\" aria-hidden=\"true\"><bdi>33 000&nbsp;<span class=\"woocommerce-Price-currencySymbol\">&#70;&#116;<\/span><\/bdi><\/span> <span aria-hidden=\"true\">&ndash;<\/span> <span class=\"woocommerce-Price-amount amount\" aria-hidden=\"true\"><bdi>52 000&nbsp;<span class=\"woocommerce-Price-currencySymbol\">&#70;&#116;<\/span><\/bdi><\/span><span class=\"screen-reader-text\" data-no-translation=\"\" data-trp-gettext=\"\">Price range: 33 000&nbsp;&#70;&#116; through 52 000&nbsp;&#70;&#116;<\/span><\/div>\n\n                    <a href=\"?add-to-cart=13489\"\n                       data-quantity=\"1\"\n                       class=\"button add_to_cart_button ajax_add_to_cart brezy-add-to-cart\"\n                       data-product_id=\"13489\">\n                        In Cart\n                    <\/a>\n                <\/div>\n            <\/div>\n                    <div class=\"brezy-product-card\">\n                <a href=\"https:\/\/villakabala.hu\/en\/product\/kabala-ajandekkartya\/\" class=\"brezy-product-image\">\n                    <img loading=\"lazy\" decoding=\"async\" width=\"300\" height=\"300\" src=\"https:\/\/villakabala.hu\/wp-content\/uploads\/2025\/11\/kabalaajandek-300x300.png\" class=\"attachment-woocommerce_thumbnail size-woocommerce_thumbnail\" alt=\"Kabala aj\u00e1nd\u00e9kk\u00e1rtya\" srcset=\"https:\/\/villakabala.hu\/wp-content\/uploads\/2025\/11\/kabalaajandek-300x300.png 300w, https:\/\/villakabala.hu\/wp-content\/uploads\/2025\/11\/kabalaajandek-150x150.png 150w, https:\/\/villakabala.hu\/wp-content\/uploads\/2025\/11\/kabalaajandek-12x12.png 12w, https:\/\/villakabala.hu\/wp-content\/uploads\/2025\/11\/kabalaajandek-100x100.png 100w, https:\/\/villakabala.hu\/wp-content\/uploads\/2025\/11\/kabalaajandek.png 504w\" sizes=\"(max-width: 300px) 100vw, 300px\" \/>                <\/a>\n\n                <div class=\"brezy-product-content\">\n                    <h3 class=\"brezy-product-title\">Kabala Gift Card<\/h3>\n                    <div class=\"brezy-product-price\">Suggested price: <span class=\"woocommerce-Price-amount amount\"><bdi>20 000&nbsp;<span class=\"woocommerce-Price-currencySymbol\">&#70;&#116;<\/span><\/bdi><\/span><\/div>\n\n                    <a href=\"?add-to-cart=13486\"\n                       data-quantity=\"1\"\n                       class=\"button add_to_cart_button ajax_add_to_cart brezy-add-to-cart\"\n                       data-product_id=\"13486\">\n                        In Cart\n                    <\/a>\n                <\/div>\n            <\/div>\n                    <div class=\"brezy-product-card\">\n                <a href=\"https:\/\/villakabala.hu\/en\/product\/tamogato\/\" class=\"brezy-product-image\">\n                    <img loading=\"lazy\" decoding=\"async\" width=\"300\" height=\"300\" src=\"https:\/\/villakabala.hu\/wp-content\/uploads\/2025\/12\/Untitled-13-300x300.jpeg\" class=\"attachment-woocommerce_thumbnail size-woocommerce_thumbnail\" alt=\"T\u00e1mogat\u00f3\" srcset=\"https:\/\/villakabala.hu\/wp-content\/uploads\/2025\/12\/Untitled-13-300x300.jpeg 300w, https:\/\/villakabala.hu\/wp-content\/uploads\/2025\/12\/Untitled-13-150x150.jpeg 150w, https:\/\/villakabala.hu\/wp-content\/uploads\/2025\/12\/Untitled-13-12x12.jpeg 12w, https:\/\/villakabala.hu\/wp-content\/uploads\/2025\/12\/Untitled-13-100x100.jpeg 100w, https:\/\/villakabala.hu\/wp-content\/uploads\/2025\/12\/Untitled-13.jpeg 500w\" sizes=\"(max-width: 300px) 100vw, 300px\" \/>                <\/a>\n\n                <div class=\"brezy-product-content\">\n                    <h3 class=\"brezy-product-title\">Supporter<\/h3>\n                    <div class=\"brezy-product-price\"><span class=\"woocommerce-Price-amount amount\"><bdi>20 000&nbsp;<span class=\"woocommerce-Price-currencySymbol\">&#70;&#116;<\/span><\/bdi><\/span> <span class=\"subscription-details\"> \/ month<\/span><\/div>\n\n                    <a href=\"?add-to-cart=13451\"\n                       data-quantity=\"1\"\n                       class=\"button add_to_cart_button ajax_add_to_cart brezy-add-to-cart\"\n                       data-product_id=\"13451\">\n                        In Cart\n                    <\/a>\n                <\/div>\n            <\/div>\n                    <div class=\"brezy-product-card\">\n                <a href=\"https:\/\/villakabala.hu\/en\/product\/mecenas\/\" class=\"brezy-product-image\">\n                    <img loading=\"lazy\" decoding=\"async\" width=\"300\" height=\"300\" src=\"https:\/\/villakabala.hu\/wp-content\/uploads\/2025\/12\/Untitled-14-300x300.jpeg\" class=\"attachment-woocommerce_thumbnail size-woocommerce_thumbnail\" alt=\"Mec\u00e9n\u00e1s\" srcset=\"https:\/\/villakabala.hu\/wp-content\/uploads\/2025\/12\/Untitled-14-300x300.jpeg 300w, https:\/\/villakabala.hu\/wp-content\/uploads\/2025\/12\/Untitled-14-150x150.jpeg 150w, https:\/\/villakabala.hu\/wp-content\/uploads\/2025\/12\/Untitled-14-12x12.jpeg 12w, https:\/\/villakabala.hu\/wp-content\/uploads\/2025\/12\/Untitled-14-100x100.jpeg 100w, https:\/\/villakabala.hu\/wp-content\/uploads\/2025\/12\/Untitled-14.jpeg 500w\" sizes=\"(max-width: 300px) 100vw, 300px\" \/>                <\/a>\n\n                <div class=\"brezy-product-content\">\n                    <h3 class=\"brezy-product-title\">Patron<\/h3>\n                    <div class=\"brezy-product-price\"><span class=\"woocommerce-Price-amount amount\"><bdi>40 000&nbsp;<span class=\"woocommerce-Price-currencySymbol\">&#70;&#116;<\/span><\/bdi><\/span> <span class=\"subscription-details\"> \/ month<\/span><\/div>\n\n                    <a href=\"?add-to-cart=13452\"\n                       data-quantity=\"1\"\n                       class=\"button add_to_cart_button ajax_add_to_cart brezy-add-to-cart\"\n                       data-product_id=\"13452\">\n                        In Cart\n                    <\/a>\n                <\/div>\n            <\/div>\n                    <div class=\"brezy-product-card\">\n                <a href=\"https:\/\/villakabala.hu\/en\/product\/barat\/\" class=\"brezy-product-image\">\n                    <img loading=\"lazy\" decoding=\"async\" width=\"300\" height=\"300\" src=\"https:\/\/villakabala.hu\/wp-content\/uploads\/2025\/12\/Untitled-12-300x300.jpeg\" class=\"attachment-woocommerce_thumbnail size-woocommerce_thumbnail\" alt=\"Bar\u00e1t\" srcset=\"https:\/\/villakabala.hu\/wp-content\/uploads\/2025\/12\/Untitled-12-300x300.jpeg 300w, https:\/\/villakabala.hu\/wp-content\/uploads\/2025\/12\/Untitled-12-150x150.jpeg 150w, https:\/\/villakabala.hu\/wp-content\/uploads\/2025\/12\/Untitled-12-12x12.jpeg 12w, https:\/\/villakabala.hu\/wp-content\/uploads\/2025\/12\/Untitled-12-100x100.jpeg 100w, https:\/\/villakabala.hu\/wp-content\/uploads\/2025\/12\/Untitled-12.jpeg 500w\" sizes=\"(max-width: 300px) 100vw, 300px\" \/>                <\/a>\n\n                <div class=\"brezy-product-content\">\n                    <h3 class=\"brezy-product-title\">Friend<\/h3>\n                    <div class=\"brezy-product-price\"><span class=\"woocommerce-Price-amount amount\"><bdi>10 000&nbsp;<span class=\"woocommerce-Price-currencySymbol\">&#70;&#116;<\/span><\/bdi><\/span> <span class=\"subscription-details\"> \/ month<\/span><\/div>\n\n                    <a href=\"?add-to-cart=13450\"\n                       data-quantity=\"1\"\n                       class=\"button add_to_cart_button ajax_add_to_cart brezy-add-to-cart\"\n                       data-product_id=\"13450\">\n                        In Cart\n                    <\/a>\n                <\/div>\n            <\/div>\n                    <div class=\"brezy-product-card\">\n                <a href=\"https:\/\/villakabala.hu\/en\/product\/vendeg\/\" class=\"brezy-product-image\">\n                    <img loading=\"lazy\" decoding=\"async\" width=\"300\" height=\"300\" src=\"https:\/\/villakabala.hu\/wp-content\/uploads\/2025\/12\/Untitled-11-300x300.jpeg\" class=\"attachment-woocommerce_thumbnail size-woocommerce_thumbnail\" alt=\"Vend\u00e9g\" srcset=\"https:\/\/villakabala.hu\/wp-content\/uploads\/2025\/12\/Untitled-11-300x300.jpeg 300w, https:\/\/villakabala.hu\/wp-content\/uploads\/2025\/12\/Untitled-11-150x150.jpeg 150w, https:\/\/villakabala.hu\/wp-content\/uploads\/2025\/12\/Untitled-11-12x12.jpeg 12w, https:\/\/villakabala.hu\/wp-content\/uploads\/2025\/12\/Untitled-11-100x100.jpeg 100w, https:\/\/villakabala.hu\/wp-content\/uploads\/2025\/12\/Untitled-11.jpeg 500w\" sizes=\"(max-width: 300px) 100vw, 300px\" \/>                <\/a>\n\n                <div class=\"brezy-product-content\">\n                    <h3 class=\"brezy-product-title\">Guest<\/h3>\n                    <div class=\"brezy-product-price\"><span class=\"woocommerce-Price-amount amount\"><bdi>5 000&nbsp;<span class=\"woocommerce-Price-currencySymbol\">&#70;&#116;<\/span><\/bdi><\/span> <span class=\"subscription-details\"> \/ month<\/span><\/div>\n\n                    <a href=\"?add-to-cart=13449\"\n                       data-quantity=\"1\"\n                       class=\"button add_to_cart_button ajax_add_to_cart brezy-add-to-cart\"\n                       data-product_id=\"13449\">\n                        In Cart\n                    <\/a>\n                <\/div>\n            <\/div>\n            <\/div>\n    <\/div>\n\t\t\t\t\t\t<\/div>\n\t\t\t\t<\/div>\n\t\t\t\t\t<\/div>\n\t\t\t\t<\/div>\n\t\t\t\t<\/div>","protected":false},"excerpt":{"rendered":"<p>&#8211; Kabala aj\u00e1nd\u00e9kk\u00e1rtya\u00a0 &#8211; v\u00e1laszthat\u00f3 \u00f6sszeg\u0171, ami az \u00e9tteremben \u00e9s \/ vagy a panzi\u00f3ban egyar\u00e1nt felhaszn\u00e1lhat\u00f3 &#8211; Kabala \u201cszobak\u00e1rtya&#8221; &#8211; Kabala eb\u00e9dk\u00e1rtya (opcion\u00e1lisan italp\u00e1ros\u00edt\u00e1ssal) &#8211; Kabala vacsorak\u00e1rtya (opcion\u00e1lisan italp\u00e1ros\u00edt\u00e1ssal) &#8211; Kitchen workshop : 30.000 huf\/ f\u0151 &#8211; Ker\u00e1mia workshop: 25.000 huf\/ f\u0151 &#8211; Ferment\u00e1lt ital worksop: 20.000 huf\/f\u0151 Eb\u00e9d men\u00fc: 15.490 huf\/f\u0151, italp\u00e1ros\u00edt\u00e1s (3 t\u00e9teles [&hellip;]<\/p>\n","protected":false},"author":1,"featured_media":0,"parent":0,"menu_order":0,"comment_status":"closed","ping_status":"closed","template":"page-full-width.php","meta":{"footnotes":""},"class_list":["post-12754","page","type-page","status-publish","hentry"],"_links":{"self":[{"href":"https:\/\/villakabala.hu\/en\/wp-json\/wp\/v2\/pages\/12754","targetHints":{"allow":["GET"]}}],"collection":[{"href":"https:\/\/villakabala.hu\/en\/wp-json\/wp\/v2\/pages"}],"about":[{"href":"https:\/\/villakabala.hu\/en\/wp-json\/wp\/v2\/types\/page"}],"author":[{"embeddable":true,"href":"https:\/\/villakabala.hu\/en\/wp-json\/wp\/v2\/users\/1"}],"replies":[{"embeddable":true,"href":"https:\/\/villakabala.hu\/en\/wp-json\/wp\/v2\/comments?post=12754"}],"version-history":[{"count":28,"href":"https:\/\/villakabala.hu\/en\/wp-json\/wp\/v2\/pages\/12754\/revisions"}],"predecessor-version":[{"id":13561,"href":"https:\/\/villakabala.hu\/en\/wp-json\/wp\/v2\/pages\/12754\/revisions\/13561"}],"wp:attachment":[{"href":"https:\/\/villakabala.hu\/en\/wp-json\/wp\/v2\/media?parent=12754"}],"curies":[{"name":"wp","href":"https:\/\/api.w.org\/{rel}","templated":true}]}}