{"id":12792,"date":"2024-06-14T09:42:13","date_gmt":"2024-06-14T09:42:13","guid":{"rendered":"https:\/\/cloudsystems.hu\/vk\/?page_id=12792"},"modified":"2024-06-18T11:18:43","modified_gmt":"2024-06-18T11:18:43","slug":"vitrin","status":"publish","type":"page","link":"https:\/\/villakabala.hu\/en\/vitrin\/","title":{"rendered":"Cabinet"},"content":{"rendered":"<div data-elementor-type=\"wp-page\" data-elementor-id=\"12792\" class=\"elementor elementor-12792\">\n\t\t\t\t<div class=\"elementor-element elementor-element-e420c08 e-flex e-con-boxed e-con e-parent\" data-id=\"e420c08\" data-element_type=\"container\" data-e-type=\"container\">\n\t\t\t\t\t<div class=\"e-con-inner\">\n\t\t\t\t<div class=\"elementor-element elementor-element-e28f1c9 elementor-widget elementor-widget-text-editor\" data-id=\"e28f1c9\" data-element_type=\"widget\" data-e-type=\"widget\" data-widget_type=\"text-editor.default\">\n\t\t\t\t<div class=\"elementor-widget-container\">\n\t\t\t\t\t\t\t\t\t<p>If you are out of stock and want to restock your wine coolers, feel free to contact us.<\/p><p>Available products:<br \/>- Wines from the F\u00f6lf\u00f6ld<br \/>- Sparkling wines from the F\u00f6lf\u00f6ld<br \/>&#8211; B\u00e9latonic<br \/>- home-roasted coffee<\/p><p>Currently, you can order from us by personal pick-up in the Villa or by delivery to Budapest (by appointment).<\/p>\t\t\t\t\t\t\t\t<\/div>\n\t\t\t\t<\/div>\n\t\t\t\t\t<\/div>\n\t\t\t\t<\/div>\n\t\t\t\t<\/div>","protected":false},"excerpt":{"rendered":"<p>Ha kifogytatok a k\u00e9szletb\u0151l \u00e9s szeretn\u00e9tek felt\u00f6lteni a borh\u0171t\u0151ket, keressetek minket bizalommal. El\u00e9rhet\u0151 term\u00e9kek:&#8211; F\u00f6lf\u00f6ldi borok&#8211; F\u00f6lf\u00f6ldi habz\u00f3k&#8211; B\u00e9latonic&#8211; saj\u00e1t p\u00f6rk\u00f6l\u00e9s\u0171 k\u00e1v\u00e9 Jelenleg szem\u00e9lyes \u00e1tv\u00e9tellel a Vill\u00e1ban vagy budapesti sz\u00e1ll\u00edt\u00e1ssal ( el\u0151re egyeztetett id\u0151pontban) tudtok t\u0151l\u00fcnk rendelni.<\/p>","protected":false},"author":1,"featured_media":0,"parent":0,"menu_order":0,"comment_status":"closed","ping_status":"closed","template":"page-full-width.php","meta":{"footnotes":""},"class_list":["post-12792","page","type-page","status-publish","hentry"],"_links":{"self":[{"href":"https:\/\/villakabala.hu\/en\/wp-json\/wp\/v2\/pages\/12792","targetHints":{"allow":["GET"]}}],"collection":[{"href":"https:\/\/villakabala.hu\/en\/wp-json\/wp\/v2\/pages"}],"about":[{"href":"https:\/\/villakabala.hu\/en\/wp-json\/wp\/v2\/types\/page"}],"author":[{"embeddable":true,"href":"https:\/\/villakabala.hu\/en\/wp-json\/wp\/v2\/users\/1"}],"replies":[{"embeddable":true,"href":"https:\/\/villakabala.hu\/en\/wp-json\/wp\/v2\/comments?post=12792"}],"version-history":[{"count":7,"href":"https:\/\/villakabala.hu\/en\/wp-json\/wp\/v2\/pages\/12792\/revisions"}],"predecessor-version":[{"id":12974,"href":"https:\/\/villakabala.hu\/en\/wp-json\/wp\/v2\/pages\/12792\/revisions\/12974"}],"wp:attachment":[{"href":"https:\/\/villakabala.hu\/en\/wp-json\/wp\/v2\/media?parent=12792"}],"curies":[{"name":"wp","href":"https:\/\/api.w.org\/{rel}","templated":true}]}}