{"id":12960,"date":"2024-06-17T12:26:00","date_gmt":"2024-06-17T12:26:00","guid":{"rendered":"https:\/\/cloudsystems.hu\/vk\/?page_id=12960"},"modified":"2024-06-17T12:27:27","modified_gmt":"2024-06-17T12:27:27","slug":"kisfaludy-program","status":"publish","type":"page","link":"https:\/\/villakabala.hu\/en\/kisfaludy-program\/","title":{"rendered":"Kisfaludy program"},"content":{"rendered":"<div data-elementor-type=\"wp-page\" data-elementor-id=\"12960\" class=\"elementor elementor-12960\">\n\t\t\t\t<div class=\"elementor-element elementor-element-164a9a5 e-flex e-con-boxed e-con e-parent\" data-id=\"164a9a5\" data-element_type=\"container\" data-e-type=\"container\">\n\t\t\t\t\t<div class=\"e-con-inner\">\n\t\t\t\t<div class=\"elementor-element elementor-element-ac3c841 elementor-widget elementor-widget-image\" data-id=\"ac3c841\" data-element_type=\"widget\" data-e-type=\"widget\" data-widget_type=\"image.default\">\n\t\t\t\t<div class=\"elementor-widget-container\">\n\t\t\t\t\t\t\t\t\t\t\t\t\t\t\t<img fetchpriority=\"high\" decoding=\"async\" width=\"1024\" height=\"229\" src=\"https:\/\/villakabala.hu\/wp-content\/uploads\/2024\/06\/kisfaludy2-1024x229.png\" class=\"attachment-large size-large wp-image-12962\" alt=\"\" srcset=\"https:\/\/villakabala.hu\/wp-content\/uploads\/2024\/06\/kisfaludy2-1024x229.png 1024w, https:\/\/villakabala.hu\/wp-content\/uploads\/2024\/06\/kisfaludy2-600x134.png 600w, https:\/\/villakabala.hu\/wp-content\/uploads\/2024\/06\/kisfaludy2-300x67.png 300w, https:\/\/villakabala.hu\/wp-content\/uploads\/2024\/06\/kisfaludy2-768x171.png 768w, https:\/\/villakabala.hu\/wp-content\/uploads\/2024\/06\/kisfaludy2-1536x343.png 1536w, https:\/\/villakabala.hu\/wp-content\/uploads\/2024\/06\/kisfaludy2-2048x457.png 2048w, https:\/\/villakabala.hu\/wp-content\/uploads\/2024\/06\/kisfaludy2-18x4.png 18w\" sizes=\"(max-width: 1024px) 100vw, 1024px\" \/>\t\t\t\t\t\t\t\t\t\t\t\t\t\t\t<\/div>\n\t\t\t\t<\/div>\n\t\t\t\t\t<\/div>\n\t\t\t\t<\/div>\n\t\t<div class=\"elementor-element elementor-element-1068f60 e-flex e-con-boxed e-con e-parent\" data-id=\"1068f60\" data-element_type=\"container\" data-e-type=\"container\">\n\t\t\t\t\t<div class=\"e-con-inner\">\n\t\t\t\t<div class=\"elementor-element elementor-element-bd22dfb elementor-widget elementor-widget-text-editor\" data-id=\"bd22dfb\" data-element_type=\"widget\" data-e-type=\"widget\" data-widget_type=\"text-editor.default\">\n\t\t\t\t<div class=\"elementor-widget-container\">\n\t\t\t\t\t\t\t\t\t<p>Kedvezm\u00e9nyezett neve: GASTROM\u0170HELY\u00a0KFT.<\/p><p>A t\u00e1mogatott projekt c\u00edme: Villa Kabala fel\u00faj\u00edt\u00e1sa \u00e9s kapacit\u00e1sb\u0151v\u00edt\u00e9se<\/p><p>P\u00e1ly\u00e1zat azonos\u00edt\u00f3 sz\u00e1ma:\u00a0TFC-1.1.1-2017-2018-00496<\/p><p>A szerz\u0151d\u00f6tt t\u00e1mogat\u00e1s \u00f6sszege:\u00a030 000 000 Ft<\/p><p>A t\u00e1mogat\u00e1s m\u00e9rt\u00e9ke (%-ban):\u00a070%<\/p><p>A t\u00e1mogatott projekt tartalm\u00e1nak r\u00f6vid bemutat\u00e1sa:<\/p><p>Projekt\u00fcnk c\u00e9lja a Villa Kabala Panzi\u00f3 \u00e9s GastroBistro \u00c9tterem r\u00e9szleges fel\u00faj\u00edt\u00e1sa, aminek k\u00f6zvetlen c\u00e9lja a panzi\u00f3ban jobb kihaszn\u00e1lts\u00e1g el\u00e9r\u00e9se, valamint a szezon\u00e1lis ingadoz\u00e1s cs\u00f6kken\u00e9s\u00e9nek el\u00e9r\u00e9se. A fejleszt\u00e9s k\u00f6zvetett c\u00e9lja pedig az eg\u00e9sz Balaton r\u00e9gi\u00f3 turisztikai fellend\u00edt\u00e9se, a helyi \u00e9s t\u00e9rs\u00e9gi egy\u00fcttm\u0171k\u00f6d\u00e9sek kialak\u00edt\u00e1sa annak \u00e9rdek\u00e9ben, hogy az region\u00e1lis szinten \u00e9rezhet\u0151 legyen az er\u0151s\u00f6d\u0151 kereslet, valamint az \u00e1rbev\u00e9telek n\u00f6veked\u00e9s\u00e9ben.<\/p><p>R\u00e9szletes c\u00e9ljaink:<\/p><ol><li>Szolg\u00e1ltat\u00e1si sz\u00ednvonal emel\u00e9se \u00e9rdek\u00e9ben a megl\u00e9v\u0151 szob\u00e1k \u00e9s hozz\u00e1tartoz\u00f3 f\u00fcrd\u0151szob\u00e1k teljes fel\u00faj\u00edt\u00e1sa,<\/li><li>Konyha teljes fel\u00faj\u00edt\u00e1sa, vend\u00e9gfogad\u00f3 t\u00e9r kialak\u00edt\u00e1sa,<\/li><li>\u00c9p\u00fcletg\u00e9p\u00e9szeti fel\u00faj\u00edt\u00e1sok megval\u00f3s\u00edt\u00e1s\u00e1val a hat\u00e9konyabb, energiatakar\u00e9kosabb m\u0171k\u00f6d\u00e9s biztos\u00edt\u00e1sa,<\/li><li>A sz\u00e1ll\u00e1shely sz\u00ednvonal\u00e1nak n\u00f6vel\u00e9s\u00e9vel, valamint a szolg\u00e1ltat\u00e1sok k\u00f6r\u00e9nek b\u0151v\u00edt\u00e9s\u00e9vel n\u00f6velhet\u0151 a vend\u00e9gek sz\u00e1ma, a panzi\u00f3 kihaszn\u00e1lts\u00e1ga, a befizetett ad\u00f3k m\u00e9rt\u00e9ke.<\/li><\/ol><p>A t\u00e1mogatott projekt befejez\u00e9si d\u00e1tuma:\u00a02021.05.31.<\/p><p>A t\u00e1mogatott projekt a Kisfaludy Turisztikai Fejleszt\u00e9si Program keret\u00e9ben val\u00f3sul meg<\/p>\t\t\t\t\t\t\t\t<\/div>\n\t\t\t\t<\/div>\n\t\t\t\t\t<\/div>\n\t\t\t\t<\/div>\n\t\t\t\t<\/div>","protected":false},"excerpt":{"rendered":"<p>Kedvezm\u00e9nyezett neve: GASTROM\u0170HELY\u00a0KFT. A t\u00e1mogatott projekt c\u00edme: Villa Kabala fel\u00faj\u00edt\u00e1sa \u00e9s kapacit\u00e1sb\u0151v\u00edt\u00e9se P\u00e1ly\u00e1zat azonos\u00edt\u00f3 sz\u00e1ma:\u00a0TFC-1.1.1-2017-2018-00496 A szerz\u0151d\u00f6tt t\u00e1mogat\u00e1s \u00f6sszege:\u00a030 000 000 Ft A t\u00e1mogat\u00e1s m\u00e9rt\u00e9ke (%-ban):\u00a070% A t\u00e1mogatott projekt tartalm\u00e1nak r\u00f6vid bemutat\u00e1sa: Projekt\u00fcnk c\u00e9lja a Villa Kabala Panzi\u00f3 \u00e9s GastroBistro \u00c9tterem r\u00e9szleges fel\u00faj\u00edt\u00e1sa, aminek k\u00f6zvetlen c\u00e9lja a panzi\u00f3ban jobb kihaszn\u00e1lts\u00e1g el\u00e9r\u00e9se, valamint a szezon\u00e1lis ingadoz\u00e1s [&hellip;]<\/p>\n","protected":false},"author":1,"featured_media":0,"parent":0,"menu_order":0,"comment_status":"closed","ping_status":"closed","template":"page-full-width.php","meta":{"footnotes":""},"class_list":["post-12960","page","type-page","status-publish","hentry"],"_links":{"self":[{"href":"https:\/\/villakabala.hu\/en\/wp-json\/wp\/v2\/pages\/12960","targetHints":{"allow":["GET"]}}],"collection":[{"href":"https:\/\/villakabala.hu\/en\/wp-json\/wp\/v2\/pages"}],"about":[{"href":"https:\/\/villakabala.hu\/en\/wp-json\/wp\/v2\/types\/page"}],"author":[{"embeddable":true,"href":"https:\/\/villakabala.hu\/en\/wp-json\/wp\/v2\/users\/1"}],"replies":[{"embeddable":true,"href":"https:\/\/villakabala.hu\/en\/wp-json\/wp\/v2\/comments?post=12960"}],"version-history":[{"count":4,"href":"https:\/\/villakabala.hu\/en\/wp-json\/wp\/v2\/pages\/12960\/revisions"}],"predecessor-version":[{"id":12965,"href":"https:\/\/villakabala.hu\/en\/wp-json\/wp\/v2\/pages\/12960\/revisions\/12965"}],"wp:attachment":[{"href":"https:\/\/villakabala.hu\/en\/wp-json\/wp\/v2\/media?parent=12960"}],"curies":[{"name":"wp","href":"https:\/\/api.w.org\/{rel}","templated":true}]}}