{"id":13355,"date":"2025-12-31T13:07:47","date_gmt":"2025-12-31T12:07:47","guid":{"rendered":"https:\/\/villakabala.hu\/?page_id=13355"},"modified":"2026-02-09T19:58:49","modified_gmt":"2026-02-09T18:58:49","slug":"asztaltarsasag","status":"publish","type":"page","link":"https:\/\/villakabala.hu\/en\/asztaltarsasag\/","title":{"rendered":"The Table Fellowship"},"content":{"rendered":"<div data-elementor-type=\"wp-page\" data-elementor-id=\"13355\" class=\"elementor elementor-13355\">\n\t\t\t\t<div class=\"elementor-element elementor-element-7ff37b1 e-con-full e-flex e-con e-parent\" data-id=\"7ff37b1\" data-element_type=\"container\" data-e-type=\"container\">\n\t\t\t\t<div class=\"elementor-element elementor-element-b712e50 elementor-widget__width-inherit elementor-widget elementor-widget-text-editor\" data-id=\"b712e50\" data-element_type=\"widget\" data-e-type=\"widget\" data-widget_type=\"text-editor.default\">\n\t\t\t\t<div class=\"elementor-widget-container\">\n\t\t\t\t\t\t\t\t\t<p style=\"font-weight: 400;\">Villa Kabala is not just a restaurant. Nor is it merely a place. We do not follow trends here \u2014 we create worlds.<\/p><p style=\"font-weight: 400;\">This house was once the creative space of Istv\u00e1n Farkas \u2014 an artist who stood outside every school of thought, yet etched his name forever into the history of Hungarian painting. Each of his works bears the imprint of his unique vision. This is what we believe in as well.<\/p>\t\t\t\t\t\t\t\t<\/div>\n\t\t\t\t<\/div>\n\t\t\t\t<div class=\"elementor-element elementor-element-535bd02 elementor-widget elementor-widget-image\" data-id=\"535bd02\" data-element_type=\"widget\" data-e-type=\"widget\" data-widget_type=\"image.default\">\n\t\t\t\t<div class=\"elementor-widget-container\">\n\t\t\t\t\t\t\t\t\t\t\t\t\t\t\t<img fetchpriority=\"high\" decoding=\"async\" width=\"640\" height=\"393\" src=\"https:\/\/villakabala.hu\/wp-content\/uploads\/2025\/11\/emberek.jpeg\" class=\"attachment-large size-large wp-image-13362\" alt=\"\" srcset=\"https:\/\/villakabala.hu\/wp-content\/uploads\/2025\/11\/emberek.jpeg 640w, https:\/\/villakabala.hu\/wp-content\/uploads\/2025\/11\/emberek-600x368.jpeg 600w, https:\/\/villakabala.hu\/wp-content\/uploads\/2025\/11\/emberek-300x184.jpeg 300w, https:\/\/villakabala.hu\/wp-content\/uploads\/2025\/11\/emberek-18x12.jpeg 18w\" sizes=\"(max-width: 640px) 100vw, 640px\" \/>\t\t\t\t\t\t\t\t\t\t\t\t\t\t\t<\/div>\n\t\t\t\t<\/div>\n\t\t\t\t<div class=\"elementor-element elementor-element-2e723d0 elementor-widget__width-inherit elementor-widget elementor-widget-text-editor\" data-id=\"2e723d0\" data-element_type=\"widget\" data-e-type=\"widget\" data-widget_type=\"text-editor.default\">\n\t\t\t\t<div class=\"elementor-widget-container\">\n\t\t\t\t\t\t\t\t\t<p style=\"font-weight: 400;\">That is why we created The Table Fellowship \u2014 the Kabala circle of supporters \u2014 for those who:<\/p><ul><li>feel the power of the space \u2014 in the connection between the garden, the kitchen, the table, and the people,<\/li><li>understand the importance of quiet example,<\/li><li>wish not only to be part of something special, but to support it and help shape it as well.<\/li><\/ul><p style=\"font-weight: 400;\">In the past, many used to say, \u201cI will save the world.\u201d Today, we feel differently: it is not about saving, but about preserving. Safeguarding what holds true value, and making space for what is alive, authentic, and deeply human.<\/p><p style=\"font-weight: 400;\">This community is not meant for the masses.<\/p><p style=\"font-weight: 400;\">It is for those who value true quality born from local treasures, who believe in a world shaped by hand \u2014 whether it is a piece of ceramics, a tasting menu, or a new way of seeing.<\/p>\t\t\t\t\t\t\t\t<\/div>\n\t\t\t\t<\/div>\n\t\t\t\t<div class=\"elementor-element elementor-element-87cd016 elementor-widget elementor-widget-image\" data-id=\"87cd016\" data-element_type=\"widget\" data-e-type=\"widget\" data-widget_type=\"image.default\">\n\t\t\t\t<div class=\"elementor-widget-container\">\n\t\t\t\t\t\t\t\t\t\t\t\t\t\t\t<img decoding=\"async\" width=\"640\" height=\"427\" src=\"https:\/\/villakabala.hu\/wp-content\/uploads\/2025\/11\/kert.jpeg\" class=\"attachment-large size-large wp-image-13360\" alt=\"\" srcset=\"https:\/\/villakabala.hu\/wp-content\/uploads\/2025\/11\/kert.jpeg 640w, https:\/\/villakabala.hu\/wp-content\/uploads\/2025\/11\/kert-600x400.jpeg 600w, https:\/\/villakabala.hu\/wp-content\/uploads\/2025\/11\/kert-300x200.jpeg 300w, https:\/\/villakabala.hu\/wp-content\/uploads\/2025\/11\/kert-18x12.jpeg 18w\" sizes=\"(max-width: 640px) 100vw, 640px\" \/>\t\t\t\t\t\t\t\t\t\t\t\t\t\t\t<\/div>\n\t\t\t\t<\/div>\n\t\t\t\t<div class=\"elementor-element elementor-element-e7999a0 elementor-widget__width-inherit elementor-widget elementor-widget-text-editor\" data-id=\"e7999a0\" data-element_type=\"widget\" data-e-type=\"widget\" data-widget_type=\"text-editor.default\">\n\t\t\t\t<div class=\"elementor-widget-container\">\n\t\t\t\t\t\t\t\t\t<p style=\"font-weight: 400;\">The supporters\u2019 circle gives back more than it asks \u2014 because to belong to it means taking part in a living, inspiring story. One whose next chapter we are now writing together.<\/p><p style=\"font-weight: 400;\">Forms of Support \u2014 Ways to Connect with The Table Fellowship<\/p><p style=\"font-weight: 400;\">The guest reads our story \u2014 they observe our world from the outside, discovering what happens here through our newsletters.<\/p><p style=\"font-weight: 400;\">A friend comes closer \u2014 they see, hear, and feel. They step behind the scenes and look into the vlog, where even the small details of daily life become visible.<\/p><p style=\"font-weight: 400;\">A supporter steps into our living room \u2014 we create together through workshops, shared flavors, and shared thoughts.<\/p><p style=\"font-weight: 400;\">And the patron sits at the table with us \u2014 planning, dreaming, celebrating; becoming part of the story.<\/p>\t\t\t\t\t\t\t\t<\/div>\n\t\t\t\t<\/div>\n\t\t\t\t<div class=\"elementor-element elementor-element-080fd75 elementor-widget elementor-widget-image\" data-id=\"080fd75\" data-element_type=\"widget\" data-e-type=\"widget\" data-widget_type=\"image.default\">\n\t\t\t\t<div class=\"elementor-widget-container\">\n\t\t\t\t\t\t\t\t\t\t\t\t\t\t\t<img decoding=\"async\" width=\"438\" height=\"640\" src=\"https:\/\/villakabala.hu\/wp-content\/uploads\/2025\/11\/asztal.jpeg\" class=\"attachment-large size-large wp-image-13363\" alt=\"\" srcset=\"https:\/\/villakabala.hu\/wp-content\/uploads\/2025\/11\/asztal.jpeg 438w, https:\/\/villakabala.hu\/wp-content\/uploads\/2025\/11\/asztal-205x300.jpeg 205w, https:\/\/villakabala.hu\/wp-content\/uploads\/2025\/11\/asztal-8x12.jpeg 8w\" sizes=\"(max-width: 438px) 100vw, 438px\" \/>\t\t\t\t\t\t\t\t\t\t\t\t\t\t\t<\/div>\n\t\t\t\t<\/div>\n\t\t\t\t<\/div>\n\t\t<div class=\"elementor-element elementor-element-03813c9 e-flex e-con-boxed e-con e-parent\" data-id=\"03813c9\" data-element_type=\"container\" data-e-type=\"container\">\n\t\t\t\t\t<div class=\"e-con-inner\">\n\t\t\t\t<div class=\"elementor-element elementor-element-202252b elementor-widget elementor-widget-text-editor\" data-id=\"202252b\" data-element_type=\"widget\" data-e-type=\"widget\" data-widget_type=\"text-editor.default\">\n\t\t\t\t<div class=\"elementor-widget-container\">\n\t\t\t\t\t\t\t\t\t<p style=\"font-weight: 400;\">There are several ways to join The Table Fellowship \u2014 just as in a good gathering, it is not about taking the stage, but about being present.<\/p>\t\t\t\t\t\t\t\t<\/div>\n\t\t\t\t<\/div>\n\t\t\t\t\t<\/div>\n\t\t\t\t<\/div>\n\t\t<div class=\"elementor-element elementor-element-c8736ca e-flex e-con-boxed e-con e-parent\" data-id=\"c8736ca\" data-element_type=\"container\" data-e-type=\"container\">\n\t\t\t\t\t<div class=\"e-con-inner\">\n\t\t\t\t<div class=\"elementor-element elementor-element-2111822 elementor-widget__width-inherit elementor-widget elementor-widget-carsten_core_pricing_table\" data-id=\"2111822\" data-element_type=\"widget\" data-e-type=\"widget\" data-widget_type=\"carsten_core_pricing_table.default\">\n\t\t\t\t<div class=\"elementor-widget-container\">\n\t\t\t\t\t<div class=\"qodef-shortcode qodef-m  qodef-pricing-table qodef-layout--standard qodef-status--regular\" style=\"--discount-wrapper-color: #FFFFFF;--discount-amount-color: #FFFFFF;--discount-label-color: #FFFFFF;--price-label-color: #FFFFFF;--content-side-padding: 50px\">\n\t<div class=\"qodef-m-inner\">\n\t\t<div class=\"qodef-m-media\">\r\n            <\/div>\r\n\r\n\r\n        <div class=\"qodef-m-content-wrapper\">\n            \t<div class=\"qodef-m-title\">\n\t\t<h4 class=\"qodef-m-title-text\" style=\"color: #FFFFFF\">Guest<\/h4>\n\t<\/div>\n            \t<div class=\"qodef-m-price\">\n\t\t<div class=\"qodef-m-price-wrapper\">\n            \t\t\t<span class=\"qodef-m-price-value\" style=\"color: #FFFFFF\">5 000<\/span>\n\t\t\t\t\t\t\t<span class=\"qodef-m-price-currency\" style=\"color: #FFFFFF\"> Ft\/Month<\/span>\n\t\t\t\t\t<\/div>\n\t<\/div>\n            \t<div class=\"qodef-m-content\"><p style=\"font-weight: 400;\">The first circle at the table \u2014 those who observe, taste, and have been with us from the very beginning.<\/p><ul><li>Kabala ceramic keychain<\/li><li>The Kabala \u201cInner Letter\u201d: personal writings, plans, stories, a newsletter, seasonal recipes, and fragments of thought (once a month, at the beginning of each month).<\/li><li>Early access to information about our events.<\/li><li>A Christmas surprise and a bottle of Bozzante for the toast.<\/li><\/ul><p>\u00a0<\/p><p>\u00a0<\/p><p>\u00a0<\/p><p>\u00a0<\/p><\/div>\n                        \t<div class=\"qodef-m-button clear\">\n\t\t<a class=\"qodef-shortcode qodef-m  qodef-button qodef-layout--filled  qodef-html--link\" href=\"https:\/\/villakabala.hu\/en\/penztar\/?add-to-cart=13449&#038;quantity=1\" target=\"_self\" style=\"--qode-button-color: #FFFFFF\">\t<span class=\"qodef-m-text\">I\u2019m interested<\/span><\/a>\t<\/div>\n        <\/div>\n\t<\/div>\n<\/div>\n\t\t\t\t<\/div>\n\t\t\t\t<\/div>\n\t\t\t\t<div class=\"elementor-element elementor-element-9e7ce37 elementor-widget__width-inherit elementor-widget elementor-widget-carsten_core_pricing_table\" data-id=\"9e7ce37\" data-element_type=\"widget\" data-e-type=\"widget\" data-widget_type=\"carsten_core_pricing_table.default\">\n\t\t\t\t<div class=\"elementor-widget-container\">\n\t\t\t\t\t<div class=\"qodef-shortcode qodef-m  qodef-pricing-table qodef-layout--standard qodef-status--regular\" style=\"--discount-wrapper-color: #FFFFFF;--discount-amount-color: #FFFFFF;--discount-label-color: #FFFFFF;--price-label-color: #FFFFFF;--content-side-padding: 50px\">\n\t<div class=\"qodef-m-inner\">\n\t\t<div class=\"qodef-m-media\">\r\n            <\/div>\r\n\r\n\r\n        <div class=\"qodef-m-content-wrapper\">\n            \t<div class=\"qodef-m-title\">\n\t\t<h4 class=\"qodef-m-title-text\" style=\"color: #FFFFFF\">Friend<\/h4>\n\t<\/div>\n            \t<div class=\"qodef-m-price\">\n\t\t<div class=\"qodef-m-price-wrapper\">\n            \t\t\t<span class=\"qodef-m-price-value\" style=\"color: #FFFFFF\">10 000 <\/span>\n\t\t\t\t\t\t\t<span class=\"qodef-m-price-currency\" style=\"color: #FFFFFF\">Ft\/Month<\/span>\n\t\t\t\t\t<\/div>\n\t<\/div>\n            \t<div class=\"qodef-m-content\"><p style=\"font-weight: 400;\">Those who are no longer simply present, but truly connected \u2014 asking, responding, shaping.<\/p><ul><li>Everything included in the previous level.<\/li><li>Exclusive access behind the scenes at Kabala (recipes, interviews, moments from life in the villa, about us and with us \u2014 in video format, once a month, mid-month).<\/li><li>Seasonal, informal gatherings \u2014 sometimes on the terrace, other times around the fire \u2014 held on the first Thursday of each month.\n\nOpportunity to participate in the Villa\u2019s Open Day: on these occasions, we shape the theme of the following month\u2019s market together (collective brainstorming, creating the promo video, and more).<\/li><\/ul><\/div>\n                        \t<div class=\"qodef-m-button clear\">\n\t\t<a class=\"qodef-shortcode qodef-m  qodef-button qodef-layout--filled  qodef-html--link\" href=\"https:\/\/villakabala.hu\/en\/penztar\/?add-to-cart=13450&#038;quantity=1\" target=\"_self\" style=\"--qode-button-color: #FFFFFF\">\t<span class=\"qodef-m-text\">I\u2019m interested<\/span><\/a>\t<\/div>\n        <\/div>\n\t<\/div>\n<\/div>\n\t\t\t\t<\/div>\n\t\t\t\t<\/div>\n\t\t\t\t\t<\/div>\n\t\t\t\t<\/div>\n\t\t<div class=\"elementor-element elementor-element-7a5ccce e-flex e-con-boxed e-con e-parent\" data-id=\"7a5ccce\" data-element_type=\"container\" data-e-type=\"container\">\n\t\t\t\t\t<div class=\"e-con-inner\">\n\t\t\t\t<div class=\"elementor-element elementor-element-e7dbf7c elementor-widget__width-inherit elementor-widget elementor-widget-carsten_core_pricing_table\" data-id=\"e7dbf7c\" data-element_type=\"widget\" data-e-type=\"widget\" data-widget_type=\"carsten_core_pricing_table.default\">\n\t\t\t\t<div class=\"elementor-widget-container\">\n\t\t\t\t\t<div class=\"qodef-shortcode qodef-m  qodef-pricing-table qodef-layout--standard qodef-status--regular\" style=\"--discount-wrapper-color: #FFFFFF;--discount-amount-color: #FFFFFF;--discount-label-color: #FFFFFF;--price-label-color: #FFFFFF;--content-side-padding: 50px\">\n\t<div class=\"qodef-m-inner\">\n\t\t<div class=\"qodef-m-media\">\r\n            <\/div>\r\n\r\n\r\n        <div class=\"qodef-m-content-wrapper\">\n            \t<div class=\"qodef-m-title\">\n\t\t<h4 class=\"qodef-m-title-text\" style=\"color: #FFFFFF\">Supporter <\/h4>\n\t<\/div>\n            \t<div class=\"qodef-m-price\">\n\t\t<div class=\"qodef-m-price-wrapper\">\n            \t\t\t<span class=\"qodef-m-price-value\" style=\"color: #FFFFFF\">20 000<\/span>\n\t\t\t\t\t\t\t<span class=\"qodef-m-price-currency\" style=\"color: #FFFFFF\"> Ft\/Month<\/span>\n\t\t\t\t\t<\/div>\n\t<\/div>\n            \t<div class=\"qodef-m-content\"><p style=\"font-weight: 400;\">Those who are true co-creators of the Kabala story.<\/p><ul><li>Everything included in the previous levels.<\/li><li>A personalized plate.<\/li><li>On the last Sunday of every season, we host a special gathering for our supporters, where around the table it is not only the tastings that matter, but the togetherness itself.\n\nThese occasions are about more than a simple visit: we offer a glimpse behind the scenes, share what inspires us, and reveal where the Kabala story is heading. Participants are the first to take part in our thematic presentations \u2014 whether centered on a unique ingredient, a new technique, or the reinterpretation of a traditional method.\n\nEach gathering concludes with a unique gift package and a shared experience that connects our supporters to one another and to the story of the house.<\/li><\/ul><\/div>\n                        \t<div class=\"qodef-m-button clear\">\n\t\t<a class=\"qodef-shortcode qodef-m  qodef-button qodef-layout--filled  qodef-html--link\" href=\"https:\/\/villakabala.hu\/en\/penztar\/?add-to-cart=13451&#038;quantity=1\" target=\"_self\" style=\"--qode-button-color: #FFFFFF\">\t<span class=\"qodef-m-text\">I\u2019m interested<\/span><\/a>\t<\/div>\n        <\/div>\n\t<\/div>\n<\/div>\n\t\t\t\t<\/div>\n\t\t\t\t<\/div>\n\t\t\t\t<div class=\"elementor-element elementor-element-581ec09 elementor-widget__width-inherit elementor-widget elementor-widget-carsten_core_pricing_table\" data-id=\"581ec09\" data-element_type=\"widget\" data-e-type=\"widget\" data-widget_type=\"carsten_core_pricing_table.default\">\n\t\t\t\t<div class=\"elementor-widget-container\">\n\t\t\t\t\t<div class=\"qodef-shortcode qodef-m  qodef-pricing-table qodef-layout--standard qodef-status--regular\" style=\"--discount-wrapper-color: #FFFFFF;--discount-amount-color: #FFFFFF;--discount-label-color: #FFFFFF;--price-label-color: #FFFFFF;--content-side-padding: 50px\">\n\t<div class=\"qodef-m-inner\">\n\t\t<div class=\"qodef-m-media\">\r\n            <\/div>\r\n\r\n\r\n        <div class=\"qodef-m-content-wrapper\">\n            \t<div class=\"qodef-m-title\">\n\t\t<h4 class=\"qodef-m-title-text\" style=\"color: #FFFFFF\">Patron <\/h4>\n\t<\/div>\n            \t<div class=\"qodef-m-price\">\n\t\t<div class=\"qodef-m-price-wrapper\">\n            \t\t\t<span class=\"qodef-m-price-value\" style=\"color: #FFFFFF\">40 000<\/span>\n\t\t\t\t\t\t\t<span class=\"qodef-m-price-currency\" style=\"color: #FFFFFF\"> Ft\/Month<\/span>\n\t\t\t\t\t<\/div>\n\t<\/div>\n            \t<div class=\"qodef-m-content\"><p style=\"font-weight: 400;\">For those who not only believe in us, but also choose to stand with us \u2014 quietly, from the background, yet tangibly helping us continue to build this world.<\/p><ul><li>Everything included in the previous levels.<\/li><li>A personal consultation and in-depth conversation about the annual plans and future directions.<\/li><li>Your name will also appear individually on the \u201cWall of Gratitude\u201d within Kabala\u2019s interior space.<\/li><li>On the most special evening of the year, May 31st, we gather at the table together for the Patron\u2019s Dinner: an occasion that is at once celebration, dialogue, and gratitude \u2014 an evening when the Kabala story is not only told, but continued together.<\/li><\/ul><p>\u00a0<\/p><p>\u00a0<\/p><\/div>\n                        \t<div class=\"qodef-m-button clear\">\n\t\t<a class=\"qodef-shortcode qodef-m  qodef-button qodef-layout--filled  qodef-html--link\" href=\"https:\/\/villakabala.hu\/en\/penztar\/?add-to-cart=13452&#038;quantity=1\" target=\"_self\" style=\"--qode-button-color: #FFFFFF\">\t<span class=\"qodef-m-text\">I\u2019m interested<\/span><\/a>\t<\/div>\n        <\/div>\n\t<\/div>\n<\/div>\n\t\t\t\t<\/div>\n\t\t\t\t<\/div>\n\t\t\t\t\t<\/div>\n\t\t\t\t<\/div>\n\t\t<div class=\"elementor-element elementor-element-000cafe e-flex e-con-boxed e-con e-parent\" data-id=\"000cafe\" data-element_type=\"container\" data-e-type=\"container\">\n\t\t\t\t\t<div class=\"e-con-inner\">\n\t\t\t\t<div class=\"elementor-element elementor-element-9c75e65 elementor-widget elementor-widget-text-editor\" data-id=\"9c75e65\" data-element_type=\"widget\" data-e-type=\"widget\" data-widget_type=\"text-editor.default\">\n\t\t\t\t<div class=\"elementor-widget-container\">\n\t\t\t\t\t\t\t\t\t<p style=\"font-weight: 400;\">In the last week of May, we welcome every member of the Asztalt\u00e1rsas\u00e1g to a Community Day \u2014 to celebrate together all that we have built side by side.<\/p><p style=\"font-weight: 400;\">\u00a0<\/p><p style=\"font-weight: 400;\">Further opportunities<\/p><p style=\"font-weight: 400;\">If you\u2019re not thinking in terms of monthly support but would still like to connect, let us know \u2014 we are open to every individual form of contribution.<\/p><p style=\"font-weight: 400;\">Our corporate partnerships are tailored individually \u2014 we would be delighted to discuss the possibilities with you.<\/p>\t\t\t\t\t\t\t\t<\/div>\n\t\t\t\t<\/div>\n\t\t\t\t\t<\/div>\n\t\t\t\t<\/div>\n\t\t<div class=\"elementor-element elementor-element-6ba61c7 e-flex e-con-boxed e-con e-parent\" data-id=\"6ba61c7\" data-element_type=\"container\" data-e-type=\"container\">\n\t\t\t\t\t<div class=\"e-con-inner\">\n\t\t\t\t<div class=\"elementor-element elementor-element-53e3060 elementor-widget elementor-widget-image\" data-id=\"53e3060\" data-element_type=\"widget\" data-e-type=\"widget\" data-widget_type=\"image.default\">\n\t\t\t\t<div class=\"elementor-widget-container\">\n\t\t\t\t\t\t\t\t\t\t\t\t\t\t\t<img loading=\"lazy\" decoding=\"async\" width=\"427\" height=\"640\" src=\"https:\/\/villakabala.hu\/wp-content\/uploads\/2025\/11\/etel.jpeg\" class=\"attachment-large size-large wp-image-13361\" alt=\"\" srcset=\"https:\/\/villakabala.hu\/wp-content\/uploads\/2025\/11\/etel.jpeg 427w, https:\/\/villakabala.hu\/wp-content\/uploads\/2025\/11\/etel-200x300.jpeg 200w, https:\/\/villakabala.hu\/wp-content\/uploads\/2025\/11\/etel-8x12.jpeg 8w\" sizes=\"(max-width: 427px) 100vw, 427px\" \/>\t\t\t\t\t\t\t\t\t\t\t\t\t\t\t<\/div>\n\t\t\t\t<\/div>\n\t\t\t\t\t<\/div>\n\t\t\t\t<\/div>\n\t\t\t\t<\/div>","protected":false},"excerpt":{"rendered":"<p>A Villa Kabala nem csak egy \u00e9tterem. \u00c9s nem is csup\u00e1n egy hely. Itt nem ir\u00e1nyzatokat k\u00f6vet\u00fcnk, hanem vil\u00e1gokat teremt\u00fcnk. Ez a h\u00e1z valaha Farkas Istv\u00e1n alkot\u00f3tere volt \u2013 egy olyan m\u0171v\u00e9sz\u00e9, aki k\u00edv\u00fcl maradt minden iskol\u00e1n, m\u00e9gis \u00f6r\u00f6kre be\u00edrta mag\u00e1t a magyar fest\u00e9szet t\u00f6rt\u00e9net\u00e9be. Minden k\u00e9pe a saj\u00e1t l\u00e1t\u00e1sm\u00f3dj\u00e1nak lenyomata. Mi is ebben hisz\u00fcnk. [&hellip;]<\/p>\n","protected":false},"author":1,"featured_media":0,"parent":0,"menu_order":0,"comment_status":"closed","ping_status":"closed","template":"","meta":{"footnotes":""},"class_list":["post-13355","page","type-page","status-publish","hentry"],"_links":{"self":[{"href":"https:\/\/villakabala.hu\/en\/wp-json\/wp\/v2\/pages\/13355","targetHints":{"allow":["GET"]}}],"collection":[{"href":"https:\/\/villakabala.hu\/en\/wp-json\/wp\/v2\/pages"}],"about":[{"href":"https:\/\/villakabala.hu\/en\/wp-json\/wp\/v2\/types\/page"}],"author":[{"embeddable":true,"href":"https:\/\/villakabala.hu\/en\/wp-json\/wp\/v2\/users\/1"}],"replies":[{"embeddable":true,"href":"https:\/\/villakabala.hu\/en\/wp-json\/wp\/v2\/comments?post=13355"}],"version-history":[{"count":37,"href":"https:\/\/villakabala.hu\/en\/wp-json\/wp\/v2\/pages\/13355\/revisions"}],"predecessor-version":[{"id":13770,"href":"https:\/\/villakabala.hu\/en\/wp-json\/wp\/v2\/pages\/13355\/revisions\/13770"}],"wp:attachment":[{"href":"https:\/\/villakabala.hu\/en\/wp-json\/wp\/v2\/media?parent=13355"}],"curies":[{"name":"wp","href":"https:\/\/api.w.org\/{rel}","templated":true}]}}