{"id":13590,"date":"2025-12-17T21:31:12","date_gmt":"2025-12-17T20:31:12","guid":{"rendered":"https:\/\/villakabala.hu\/?page_id=13590"},"modified":"2025-12-17T21:31:15","modified_gmt":"2025-12-17T20:31:15","slug":"aszf","status":"publish","type":"page","link":"https:\/\/villakabala.hu\/en\/aszf\/","title":{"rendered":"GTC"},"content":{"rendered":"<h1 class=\"wp-block-heading\">\u00c1ltal\u00e1nos Szerz\u0151d\u00e9si Felt\u00e9telek (\u00c1SZF)<\/h1>\n\n\n\n<h2 class=\"wp-block-heading\">1. A szolg\u00e1ltat\u00f3 adatai<\/h2>\n\n\n\n<p><strong>Szolg\u00e1ltat\u00f3 neve:<\/strong>&nbsp;GastroM\u0171hely Kft.<br><strong>Sz\u00e9khely:<\/strong>&nbsp;8263 Badacsonyt\u00f6rdemic, Rizling k\u00f6z 6.<br><strong>C\u00e9gjegyz\u00e9ksz\u00e1m:<\/strong>&nbsp;19-09-519114<br><strong>Ad\u00f3sz\u00e1m:<\/strong>&nbsp;25931462-2-19<br><strong>Weboldal:<\/strong>&nbsp;<a href=\"https:\/\/villakabala.hu\/en\/\">https:\/\/villakabala.hu<\/a><br><strong>E-mail:<\/strong>&nbsp;<a href=\"mailto:villa@villakabala.hu\">villa@villakabala.hu<\/a><\/p>\n\n\n\n<p>A jelen \u00c1ltal\u00e1nos Szerz\u0151d\u00e9si Felt\u00e9telek (tov\u00e1bbiakban: \u00c1SZF) a&nbsp;<a href=\"https:\/\/villakabala.hu\/en\/\">https:\/\/villakabala.hu<\/a>&nbsp;weboldalon kereszt\u00fcl ny\u00fajtott szolg\u00e1ltat\u00e1sok \u00e9s \u00e9rt\u00e9kes\u00edtett term\u00e9kek ig\u00e9nybev\u00e9tel\u00e9nek felt\u00e9teleit tartalmazza.<\/p>\n\n\n\n<hr class=\"wp-block-separator has-alpha-channel-opacity\"\/>\n\n\n\n<h2 class=\"wp-block-heading\">2. Az \u00c1SZF hat\u00e1lya \u00e9s elfogad\u00e1sa<\/h2>\n\n\n\n<p>A weboldalon t\u00f6rt\u00e9n\u0151 megrendel\u00e9s felt\u00e9tele a jelen \u00c1SZF megismer\u00e9se \u00e9s elfogad\u00e1sa. A V\u00e1s\u00e1rl\u00f3 a megrendel\u00e9s v\u00e9gleges\u00edt\u00e9s\u00e9vel kijelenti, hogy a jelen \u00c1SZF rendelkez\u00e9seit megismerte, meg\u00e9rtette \u00e9s elfogadja.<\/p>\n\n\n\n<p>Az \u00c1SZF mindenkor hat\u00e1lyos v\u00e1ltozata a weboldalon ker\u00fcl k\u00f6zz\u00e9t\u00e9telre.<\/p>\n\n\n\n<hr class=\"wp-block-separator has-alpha-channel-opacity\"\/>\n\n\n\n<h2 class=\"wp-block-heading\">3. Fogalmak<\/h2>\n\n\n\n<ul class=\"wp-block-list\">\n<li><strong>Szolg\u00e1ltat\u00f3:<\/strong>\u00a0a weboldalt \u00fczemeltet\u0151 GastroM\u0171hely Kft.<\/li>\n\n\n\n<li><strong>V\u00e1s\u00e1rl\u00f3\/Felhaszn\u00e1l\u00f3:<\/strong>\u00a0a weboldalon kereszt\u00fcl megrendel\u00e9st lead\u00f3 term\u00e9szetes vagy jogi szem\u00e9ly.<\/li>\n\n\n\n<li><strong>Weboldal\/Web\u00e1ruh\u00e1z:<\/strong>\u00a0a\u00a0<a href=\"https:\/\/villakabala.hu\/en\/\">https:\/\/villakabala.hu<\/a>\u00a0domain alatt el\u00e9rhet\u0151 online fel\u00fclet.<\/li>\n\n\n\n<li><strong>Term\u00e9k\/Szolg\u00e1ltat\u00e1s:<\/strong>\u00a0a weboldalon megrendelhet\u0151 term\u00e9kek \u00e9s\/vagy szolg\u00e1ltat\u00e1sok.<\/li>\n<\/ul>\n\n\n\n<hr class=\"wp-block-separator has-alpha-channel-opacity\"\/>\n\n\n\n<h2 class=\"wp-block-heading\">4. A szerz\u0151d\u00e9s l\u00e9trej\u00f6tte<\/h2>\n\n\n\n<p>A V\u00e1s\u00e1rl\u00f3 a weboldalon kiv\u00e1lasztja a megrendelni k\u00edv\u00e1nt term\u00e9ket vagy szolg\u00e1ltat\u00e1st, majd a p\u00e9nzt\u00e1rfolyamat sor\u00e1n megadja a sz\u00fcks\u00e9ges adatokat \u00e9s v\u00e9gleges\u00edti a megrendel\u00e9st.<\/p>\n\n\n\n<p>A V\u00e1s\u00e1rl\u00f3 megrendel\u00e9se aj\u00e1nlatnak min\u0151s\u00fcl. A szerz\u0151d\u00e9s a Szolg\u00e1ltat\u00f3 \u00e1ltal k\u00fcld\u00f6tt visszaigazol\u00f3 e-maillel j\u00f6n l\u00e9tre.<\/p>\n\n\n\n<hr class=\"wp-block-separator has-alpha-channel-opacity\"\/>\n\n\n\n<h2 class=\"wp-block-heading\">5. \u00c1rak \u00e9s sz\u00e1ml\u00e1z\u00e1s<\/h2>\n\n\n\n<p>A weboldalon felt\u00fcntetett \u00e1rak forintban (HUF) \u00e9rtend\u0151k \u00e9s az \u00e1ltal\u00e1nos forgalmi ad\u00f3t tartalmazz\u00e1k, kiv\u00e9ve, ha a weboldal ett\u0151l elt\u00e9r\u0151en rendelkezik.<\/p>\n\n\n\n<p>A Szolg\u00e1ltat\u00f3 a megrendel\u00e9sr\u0151l elektronikus sz\u00e1ml\u00e1t \u00e1ll\u00edt ki a hat\u00e1lyos jogszab\u00e1lyoknak megfelel\u0151en.<\/p>\n\n\n\n<hr class=\"wp-block-separator has-alpha-channel-opacity\"\/>\n\n\n\n<h2 class=\"wp-block-heading\">6. Fizet\u00e9si m\u00f3dok<\/h2>\n\n\n\n<p>A web\u00e1ruh\u00e1zban az al\u00e1bbi fizet\u00e9si m\u00f3dok \u00e9rhet\u0151k el:<\/p>\n\n\n\n<ul class=\"wp-block-list\">\n<li>bankk\u00e1rty\u00e1s fizet\u00e9s a SimplePay rendszer\u00e9n kereszt\u00fcl<\/li>\n\n\n\n<li>egy\u00e9b, a weboldalon felt\u00fcntetett fizet\u00e9si m\u00f3dok<\/li>\n<\/ul>\n\n\n\n<h3 class=\"wp-block-heading\">6.1. Bankk\u00e1rty\u00e1s fizet\u00e9s (SimplePay)<\/h3>\n\n\n\n<p>A bankk\u00e1rty\u00e1s fizet\u00e9sek lebonyol\u00edt\u00e1s\u00e1t a SimplePay Zrt. biztos\u00edtja. A bankk\u00e1rtya-adatok a Szolg\u00e1ltat\u00f3hoz nem jutnak el, azok kezel\u00e9s\u00e9re a SimplePay rendszer\u00e9ben, a k\u00e1rtyat\u00e1rsas\u00e1gi szab\u00e1lyoknak megfelel\u0151en ker\u00fcl sor.<\/p>\n\n\n\n<hr class=\"wp-block-separator has-alpha-channel-opacity\"\/>\n\n\n\n<h2 class=\"wp-block-heading\">7. Teljes\u00edt\u00e9s \u00e9s sz\u00e1ll\u00edt\u00e1s<\/h2>\n\n\n\n<p>A megrendelt term\u00e9kek vagy szolg\u00e1ltat\u00e1sok teljes\u00edt\u00e9s\u00e9nek m\u00f3dja \u00e9s ideje a weboldalon, illetve a megrendel\u00e9s sor\u00e1n ker\u00fcl felt\u00fcntet\u00e9sre.<\/p>\n\n\n\n<p>A Szolg\u00e1ltat\u00f3 a teljes\u00edt\u00e9st a megrendel\u00e9s visszaigazol\u00e1s\u00e1t k\u00f6vet\u0151en kezdi meg.<\/p>\n\n\n\n<hr class=\"wp-block-separator has-alpha-channel-opacity\"\/>\n\n\n\n<h2 class=\"wp-block-heading\">8. El\u00e1ll\u00e1si jog<\/h2>\n\n\n\n<p>A fogyaszt\u00f3nak min\u0151s\u00fcl\u0151 V\u00e1s\u00e1rl\u00f3t a hat\u00e1lyos jogszab\u00e1lyok alapj\u00e1n indokol\u00e1s n\u00e9lk\u00fcli el\u00e1ll\u00e1si jog illeti meg, amelyet a term\u00e9k \u00e1tv\u00e9tel\u00e9t\u0151l sz\u00e1m\u00edtott 14 napon bel\u00fcl gyakorolhat.<\/p>\n\n\n\n<p>Az el\u00e1ll\u00e1si jog nem gyakorolhat\u00f3 a jogszab\u00e1lyban meghat\u00e1rozott esetekben, k\u00fcl\u00f6n\u00f6sen egyedileg k\u00e9sz\u00edtett term\u00e9kek, valamint teljes\u00edtett szolg\u00e1ltat\u00e1sok eset\u00e9n.<\/p>\n\n\n\n<p>Az el\u00e1ll\u00e1si jog gyakorl\u00e1s\u00e1val kapcsolatos nyilatkozatot a V\u00e1s\u00e1rl\u00f3 a&nbsp;<a href=\"mailto:villa@villakabala.hu\">villa@villakabala.hu<\/a>&nbsp;e-mail c\u00edmen teheti meg.<\/p>\n\n\n\n<hr class=\"wp-block-separator has-alpha-channel-opacity\"\/>\n\n\n\n<h2 class=\"wp-block-heading\">9. Szavatoss\u00e1g \u00e9s felel\u0151ss\u00e9g<\/h2>\n\n\n\n<p>A Szolg\u00e1ltat\u00f3t a Polg\u00e1ri T\u00f6rv\u00e9nyk\u00f6nyv rendelkez\u00e9sei szerint kell\u00e9kszavatoss\u00e1gi k\u00f6telezetts\u00e9g terheli.<\/p>\n\n\n\n<p>A Szolg\u00e1ltat\u00f3 nem v\u00e1llal felel\u0151ss\u00e9get a weboldal m\u0171k\u00f6d\u00e9s\u00e9ben bek\u00f6vetkez\u0151, rajta k\u00edv\u00fcl \u00e1ll\u00f3 okb\u00f3l ered\u0151 technikai hib\u00e1k\u00e9rt vagy \u00fczemsz\u00fcnetek\u00e9rt.<\/p>\n\n\n\n<hr class=\"wp-block-separator has-alpha-channel-opacity\"\/>\n\n\n\n<h2 class=\"wp-block-heading\">10. Panaszkezel\u00e9s<\/h2>\n\n\n\n<p>A V\u00e1s\u00e1rl\u00f3 panasz\u00e1t \u00edr\u00e1sban, a&nbsp;<a href=\"mailto:villa@villakabala.hu\">villa@villakabala.hu<\/a>&nbsp;e-mail c\u00edmen teheti meg. A Szolg\u00e1ltat\u00f3 a panaszokat a vonatkoz\u00f3 jogszab\u00e1lyok szerint kezeli.<\/p>\n\n\n\n<hr class=\"wp-block-separator has-alpha-channel-opacity\"\/>\n\n\n\n<h2 class=\"wp-block-heading\">11. Adatkezel\u00e9s<\/h2>\n\n\n\n<p>A Szolg\u00e1ltat\u00f3 a szem\u00e9lyes adatokat a weboldalon k\u00f6zz\u00e9tett Adatkezel\u00e9si t\u00e1j\u00e9koztat\u00f3ban foglaltak szerint kezeli.<\/p>\n\n\n\n<p>Az Adatkezel\u00e9si t\u00e1j\u00e9koztat\u00f3 el\u00e9rhet\u0151 a k\u00f6vetkez\u0151 linken:<br><a href=\"https:\/\/villakabala.hu\/en\/adatkezeles\/\">https:\/\/villakabala.hu\/adatkezeles\/<\/a><\/p>\n\n\n\n<hr class=\"wp-block-separator has-alpha-channel-opacity\"\/>\n\n\n\n<h2 class=\"wp-block-heading\">12. Z\u00e1r\u00f3 rendelkez\u00e9sek<\/h2>\n\n\n\n<p>A Szolg\u00e1ltat\u00f3 jogosult jelen \u00c1SZF-et egyoldal\u00faan m\u00f3dos\u00edtani. A m\u00f3dos\u00edt\u00e1s a weboldalon t\u00f6rt\u00e9n\u0151 k\u00f6zz\u00e9t\u00e9tellel l\u00e9p hat\u00e1lyba.<\/p>\n\n\n\n<p><strong>Hat\u00e1lybal\u00e9p\u00e9s:<\/strong>\u00a02025. December 1.<\/p>","protected":false},"excerpt":{"rendered":"<p>\u00c1ltal\u00e1nos Szerz\u0151d\u00e9si Felt\u00e9telek (\u00c1SZF) 1. A szolg\u00e1ltat\u00f3 adatai Szolg\u00e1ltat\u00f3 neve:&nbsp;GastroM\u0171hely Kft.Sz\u00e9khely:&nbsp;8263 Badacsonyt\u00f6rdemic, Rizling k\u00f6z 6.C\u00e9gjegyz\u00e9ksz\u00e1m:&nbsp;19-09-519114Ad\u00f3sz\u00e1m:&nbsp;25931462-2-19Weboldal:&nbsp;https:\/\/villakabala.huE-mail:&nbsp;villa@villakabala.hu A jelen \u00c1ltal\u00e1nos Szerz\u0151d\u00e9si Felt\u00e9telek (tov\u00e1bbiakban: \u00c1SZF) a&nbsp;https:\/\/villakabala.hu&nbsp;weboldalon kereszt\u00fcl ny\u00fajtott szolg\u00e1ltat\u00e1sok \u00e9s \u00e9rt\u00e9kes\u00edtett term\u00e9kek ig\u00e9nybev\u00e9tel\u00e9nek felt\u00e9teleit tartalmazza. 2. Az \u00c1SZF hat\u00e1lya \u00e9s elfogad\u00e1sa A weboldalon t\u00f6rt\u00e9n\u0151 megrendel\u00e9s felt\u00e9tele a jelen \u00c1SZF megismer\u00e9se \u00e9s elfogad\u00e1sa. A V\u00e1s\u00e1rl\u00f3 a megrendel\u00e9s v\u00e9gleges\u00edt\u00e9s\u00e9vel kijelenti, [&hellip;]<\/p>\n","protected":false},"author":1,"featured_media":0,"parent":0,"menu_order":0,"comment_status":"closed","ping_status":"closed","template":"","meta":{"footnotes":""},"class_list":["post-13590","page","type-page","status-publish","hentry"],"_links":{"self":[{"href":"https:\/\/villakabala.hu\/en\/wp-json\/wp\/v2\/pages\/13590","targetHints":{"allow":["GET"]}}],"collection":[{"href":"https:\/\/villakabala.hu\/en\/wp-json\/wp\/v2\/pages"}],"about":[{"href":"https:\/\/villakabala.hu\/en\/wp-json\/wp\/v2\/types\/page"}],"author":[{"embeddable":true,"href":"https:\/\/villakabala.hu\/en\/wp-json\/wp\/v2\/users\/1"}],"replies":[{"embeddable":true,"href":"https:\/\/villakabala.hu\/en\/wp-json\/wp\/v2\/comments?post=13590"}],"version-history":[{"count":1,"href":"https:\/\/villakabala.hu\/en\/wp-json\/wp\/v2\/pages\/13590\/revisions"}],"predecessor-version":[{"id":13591,"href":"https:\/\/villakabala.hu\/en\/wp-json\/wp\/v2\/pages\/13590\/revisions\/13591"}],"wp:attachment":[{"href":"https:\/\/villakabala.hu\/en\/wp-json\/wp\/v2\/media?parent=13590"}],"curies":[{"name":"wp","href":"https:\/\/api.w.org\/{rel}","templated":true}]}}