{"id":13694,"date":"2026-01-19T11:37:48","date_gmt":"2026-01-19T10:37:48","guid":{"rendered":"https:\/\/villakabala.hu\/?page_id=13694"},"modified":"2026-01-19T11:44:18","modified_gmt":"2026-01-19T10:44:18","slug":"tamogatasok","status":"publish","type":"page","link":"https:\/\/villakabala.hu\/en\/tamogatasok\/","title":{"rendered":"T\u00e1mogat\u00e1sok"},"content":{"rendered":"<div data-elementor-type=\"wp-page\" data-elementor-id=\"13694\" class=\"elementor elementor-13694\">\n\t\t\t\t<div class=\"elementor-element elementor-element-79f8d4d e-flex e-con-boxed e-con e-parent\" data-id=\"79f8d4d\" data-element_type=\"container\" data-e-type=\"container\">\n\t\t\t\t\t<div class=\"e-con-inner\">\n\t\t\t\t<div class=\"elementor-element elementor-element-4f711a3 elementor-widget elementor-widget-heading\" data-id=\"4f711a3\" data-element_type=\"widget\" data-e-type=\"widget\" data-widget_type=\"heading.default\">\n\t\t\t\t<div class=\"elementor-widget-container\">\n\t\t\t\t\t<h2 class=\"elementor-heading-title elementor-size-default\"><p style=\"margin: 0cm 0cm 8pt;line-height: 15.6933px;font-size: 11pt;font-family: Calibri, sans-serif;font-weight: 400\"><span style=\"font-size: 12pt;line-height: 17.12px;font-family: Arial, sans-serif\">GINOP_Plusz-3.2.1-21<\/span><\/p><p style=\"margin: 0cm 0cm 8pt;font-size: 11pt;font-family: Calibri, sans-serif;line-height: 15.6933px;font-weight: 400\"><span style=\"font-size: 12pt;line-height: 17.12px;font-family: Arial, sans-serif\">A munkav\u00e1llal\u00f3k \u00e9s v\u00e1llalatok alkalmazkod\u00f3k\u00e9pess\u00e9g\u00e9nek \u00e9s termel\u00e9kenys\u00e9g\u00e9nek jav\u00edt\u00e1sa a munkaer\u0151 fejleszt\u00e9s\u00e9n kereszt\u00fcl t\u00f6rt\u00e9n\u0151 t\u00e1mogat\u00e1s\u00e1r\u00f3l.<\/span><\/p><p style=\"margin: 0cm 0cm 8pt;font-size: 11pt;font-family: Calibri, sans-serif;line-height: 15.6933px;font-weight: 400\"><span style=\"font-size: 12pt;line-height: 17.12px;font-family: Arial, sans-serif\">&nbsp;<\/span><\/p><p style=\"margin-right: 0cm;margin-left: 0cm;font-size: 12pt;, serif;font-weight: 400\"><b>Kedvezm\u00e9nyezett neve<\/b>: <span style=\"font-family: Arial, sans-serif\">GastroMu\u030bhely Kft.<\/span><\/p><p style=\"margin: 0cm;font-size: 12pt;font-family: Arial, sans-serif;font-weight: 400\">&nbsp;<\/p><p style=\"margin: 0cm 0cm 0.15pt;font-size: 12pt;font-family: Arial, sans-serif;font-weight: 400;text-align: justify\"><b>K\u00e9pz\u00e9s elnevez\u00e9se:<\/b> Kommunik\u00e1ci\u00f3s tr\u00e9ning \u00e9s \u00d6n\u00e1ll\u00f3an haszn\u00e1lom az informatikai eszk\u00f6z\u00f6met IKER 2. Szint\u0171 k\u00e9pz\u00e9s<\/p><p style=\"margin: 0cm 0cm 0.15pt;font-size: 12pt;font-family: Arial, sans-serif;font-weight: 400;text-align: justify\">&nbsp;<\/p><p style=\"margin: 0cm 0cm 0.15pt;font-size: 12pt;font-family: Arial, sans-serif;font-weight: 400;text-align: justify\"><b>Szerz\u0151d\u00f6tt t\u00e1mogat\u00e1s \u00f6sszege: <\/b>4&nbsp;709 220 Ft<\/p><p style=\"margin: 0cm 0cm 0.15pt;font-size: 12pt;font-family: Arial, sans-serif;font-weight: 400;text-align: justify\">&nbsp;<\/p><p style=\"margin: 0cm 0cm 0.15pt;font-size: 12pt;font-family: Arial, sans-serif;font-weight: 400;text-align: justify\"><b>K\u00e9pz\u00e9s r\u00e9szletes bemutat\u00e1sa<\/b>: 8 f\u0151 munkav\u00e1llal\u00f3 vesz r\u00e9szt a Kommunik\u00e1ci\u00f3s tr\u00e9ningen \u00e9s az \u00d6n\u00e1ll\u00f3an haszn\u00e1lom az informatikai eszk\u00f6z\u00f6met IKER 2. Szint\u0171 k\u00e9pz\u00e9sen<\/p><p style=\"margin: 0cm;font-size: 11pt;font-family: Calibri, sans-serif;line-height: normal;font-weight: 400;text-align: justify\"><span style=\"font-size: 12pt;font-family: Arial, sans-serif\">&nbsp;<\/span><\/p><p style=\"margin: 0cm;font-size: 11pt;font-family: Calibri, sans-serif;line-height: normal;font-weight: 400;text-align: justify\"><span style=\"font-size: 12pt;font-family: Arial, sans-serif\">A Kommunik\u00e1ci\u00f3s tr\u00e9ning c\u00e9lja: A Munkav\u00e1llal\u00f3k szem\u00e9lyes hat\u00e9konys\u00e1g\u00e1nak fejleszt\u00e9se, kommunik\u00e1ci\u00f3s k\u00e9pess\u00e9geinek, k\u00e9szs\u00e9geinek, gazdag\u00edt\u00e1sa, valamint<\/span><\/p><p style=\"margin: 0cm;font-size: 11pt;font-family: Calibri, sans-serif;line-height: normal;font-weight: 400;text-align: justify\"><span style=\"font-size: 12pt;font-family: Arial, sans-serif\">kommunik\u00e1ci\u00f3s \u00e9s probl\u00e9mamegold\u00f3 technik\u00e1k elsaj\u00e1t\u00edt\u00e1sa.<\/span><\/p><p style=\"margin: 0cm;font-size: 11pt;font-family: Calibri, sans-serif;line-height: normal;font-weight: 400;text-align: justify\"><span style=\"font-size: 12pt;font-family: Arial, sans-serif\">&nbsp;<\/span><\/p><p style=\"margin: 0cm;font-size: 11pt;font-family: Calibri, sans-serif;line-height: normal;font-weight: 400;text-align: justify\"><span style=\"font-size: 12pt;font-family: Arial, sans-serif\">\u00d6n\u00e1ll\u00f3an haszn\u00e1lom az informatikai eszk\u00f6z\u00f6met \u2013 IKER 2. Szint\u0171 k\u00e9pz\u00e9s c\u00e9lja:<\/span><\/p><p style=\"margin: 0cm;font-size: 11pt;font-family: Calibri, sans-serif;line-height: normal;font-weight: 400;text-align: justify\"><span style=\"font-size: 12pt;font-family: Arial, sans-serif\">A k\u00e9pz\u00e9si program \u00e1tfog\u00f3 c\u00e9lja a digit\u00e1lis kulcskompetencia fejleszt\u00e9se, a digit\u00e1lis t\u00e1rsadalomhoz val\u00f3 tartoz\u00e1ssal kapcsolatos ig\u00e9nyek megalapoz\u00e1sa, pozit\u00edv attit\u0171d&nbsp;kialak\u00edt\u00e1sa a digit\u00e1lis eszk\u00f6z\u00f6k ir\u00e1ny\u00e1ban.<\/span><\/p><p style=\"margin: 0cm;font-size: 11pt;font-family: Calibri, sans-serif;line-height: normal;font-weight: 400;text-align: justify\"><span style=\"font-size: 12pt;font-family: Arial, sans-serif\">&nbsp;<\/span><\/p><p style=\"margin: 0cm;font-size: 11pt;font-family: Calibri, sans-serif;line-height: normal;font-weight: 400;text-align: justify\"><span style=\"font-size: 12pt;font-family: Arial, sans-serif\">&nbsp;<\/span><\/p><p style=\"margin: 0cm 0cm 8pt;font-size: 11pt;font-family: Calibri, sans-serif;line-height: 15.6933px;font-weight: 400;text-align: justify\"><b>K\u00e9pz\u00e9s id\u0151tartama: <\/b><span style=\"font-size: 12pt;line-height: 17.12px;font-family: Arial, sans-serif\">2025.03.21.- 2025.12.12.<\/span><span style=\"font-family: Arial, sans-serif\"><\/span><\/p><\/h2>\t\t\t\t<\/div>\n\t\t\t\t<\/div>\n\t\t\t\t\t<\/div>\n\t\t\t\t<\/div>\n\t\t<div class=\"elementor-element elementor-element-4a9b265 e-flex e-con-boxed e-con e-parent\" data-id=\"4a9b265\" data-element_type=\"container\" data-e-type=\"container\">\n\t\t\t\t\t<div class=\"e-con-inner\">\n\t\t\t\t<div class=\"elementor-element elementor-element-e3c993c elementor-widget elementor-widget-image\" data-id=\"e3c993c\" data-element_type=\"widget\" data-e-type=\"widget\" data-widget_type=\"image.default\">\n\t\t\t\t<div class=\"elementor-widget-container\">\n\t\t\t\t\t\t\t\t\t\t\t\t\t\t\t<img fetchpriority=\"high\" decoding=\"async\" width=\"1024\" height=\"265\" src=\"https:\/\/villakabala.hu\/wp-content\/uploads\/2026\/01\/MFF-kedvezmenyezetti-infoblokk-1024x265.jpg\" class=\"attachment-large size-large wp-image-13686\" alt=\"\" srcset=\"https:\/\/villakabala.hu\/wp-content\/uploads\/2026\/01\/MFF-kedvezmenyezetti-infoblokk-1024x265.jpg 1024w, https:\/\/villakabala.hu\/wp-content\/uploads\/2026\/01\/MFF-kedvezmenyezetti-infoblokk-300x78.jpg 300w, https:\/\/villakabala.hu\/wp-content\/uploads\/2026\/01\/MFF-kedvezmenyezetti-infoblokk-768x199.jpg 768w, https:\/\/villakabala.hu\/wp-content\/uploads\/2026\/01\/MFF-kedvezmenyezetti-infoblokk-18x5.jpg 18w, https:\/\/villakabala.hu\/wp-content\/uploads\/2026\/01\/MFF-kedvezmenyezetti-infoblokk-600x155.jpg 600w, https:\/\/villakabala.hu\/wp-content\/uploads\/2026\/01\/MFF-kedvezmenyezetti-infoblokk.jpg 1441w\" sizes=\"(max-width: 1024px) 100vw, 1024px\" \/>\t\t\t\t\t\t\t\t\t\t\t\t\t\t\t<\/div>\n\t\t\t\t<\/div>\n\t\t\t\t\t<\/div>\n\t\t\t\t<\/div>\n\t\t\t\t<\/div>","protected":false},"excerpt":{"rendered":"<p>GINOP_Plusz-3.2.1-21 A munkav\u00e1llal\u00f3k \u00e9s v\u00e1llalatok alkalmazkod\u00f3k\u00e9pess\u00e9g\u00e9nek \u00e9s termel\u00e9kenys\u00e9g\u00e9nek jav\u00edt\u00e1sa a munkaer\u0151 fejleszt\u00e9s\u00e9n kereszt\u00fcl t\u00f6rt\u00e9n\u0151 t\u00e1mogat\u00e1s\u00e1r\u00f3l. &nbsp; Kedvezm\u00e9nyezett neve: GastroMu\u030bhely Kft. &nbsp; K\u00e9pz\u00e9s elnevez\u00e9se: Kommunik\u00e1ci\u00f3s tr\u00e9ning \u00e9s \u00d6n\u00e1ll\u00f3an haszn\u00e1lom az informatikai eszk\u00f6z\u00f6met IKER 2. Szint\u0171 k\u00e9pz\u00e9s &nbsp; Szerz\u0151d\u00f6tt t\u00e1mogat\u00e1s \u00f6sszege: 4&nbsp;709 220 Ft &nbsp; K\u00e9pz\u00e9s r\u00e9szletes bemutat\u00e1sa: 8 f\u0151 munkav\u00e1llal\u00f3 vesz r\u00e9szt a Kommunik\u00e1ci\u00f3s tr\u00e9ningen \u00e9s [&hellip;]<\/p>\n","protected":false},"author":3,"featured_media":0,"parent":0,"menu_order":0,"comment_status":"closed","ping_status":"closed","template":"","meta":{"footnotes":""},"class_list":["post-13694","page","type-page","status-publish","hentry"],"_links":{"self":[{"href":"https:\/\/villakabala.hu\/en\/wp-json\/wp\/v2\/pages\/13694","targetHints":{"allow":["GET"]}}],"collection":[{"href":"https:\/\/villakabala.hu\/en\/wp-json\/wp\/v2\/pages"}],"about":[{"href":"https:\/\/villakabala.hu\/en\/wp-json\/wp\/v2\/types\/page"}],"author":[{"embeddable":true,"href":"https:\/\/villakabala.hu\/en\/wp-json\/wp\/v2\/users\/3"}],"replies":[{"embeddable":true,"href":"https:\/\/villakabala.hu\/en\/wp-json\/wp\/v2\/comments?post=13694"}],"version-history":[{"count":7,"href":"https:\/\/villakabala.hu\/en\/wp-json\/wp\/v2\/pages\/13694\/revisions"}],"predecessor-version":[{"id":13704,"href":"https:\/\/villakabala.hu\/en\/wp-json\/wp\/v2\/pages\/13694\/revisions\/13704"}],"wp:attachment":[{"href":"https:\/\/villakabala.hu\/en\/wp-json\/wp\/v2\/media?parent=13694"}],"curies":[{"name":"wp","href":"https:\/\/api.w.org\/{rel}","templated":true}]}}