{"id":13833,"date":"2026-03-12T12:11:25","date_gmt":"2026-03-12T11:11:25","guid":{"rendered":"https:\/\/villakabala.hu\/?page_id=13833"},"modified":"2026-03-12T12:46:53","modified_gmt":"2026-03-12T11:46:53","slug":"oktatas","status":"publish","type":"page","link":"https:\/\/villakabala.hu\/en\/oktatas\/","title":{"rendered":"Oktat\u00e1s"},"content":{"rendered":"<div data-elementor-type=\"wp-page\" data-elementor-id=\"13833\" class=\"elementor elementor-13833\">\n\t\t\t\t<div class=\"elementor-element elementor-element-b1dd0ff e-flex e-con-boxed e-con e-parent\" data-id=\"b1dd0ff\" data-element_type=\"container\" data-e-type=\"container\">\n\t\t\t\t\t<div class=\"e-con-inner\">\n\t\t\t\t<div class=\"elementor-element elementor-element-e7f3ef3 elementor-widget elementor-widget-image\" data-id=\"e7f3ef3\" data-element_type=\"widget\" data-e-type=\"widget\" data-widget_type=\"image.default\">\n\t\t\t\t<div class=\"elementor-widget-container\">\n\t\t\t\t\t\t\t\t\t\t\t\t\t\t\t<img decoding=\"async\" width=\"150\" height=\"150\" src=\"https:\/\/villakabala.hu\/wp-content\/uploads\/2026\/03\/PNG-kep-150x150.png\" class=\"attachment-thumbnail size-thumbnail wp-image-13835\" alt=\"\" srcset=\"https:\/\/villakabala.hu\/wp-content\/uploads\/2026\/03\/PNG-kep-150x150.png 150w, https:\/\/villakabala.hu\/wp-content\/uploads\/2026\/03\/PNG-kep-300x300.png 300w, https:\/\/villakabala.hu\/wp-content\/uploads\/2026\/03\/PNG-kep-768x768.png 768w, https:\/\/villakabala.hu\/wp-content\/uploads\/2026\/03\/PNG-kep-12x12.png 12w, https:\/\/villakabala.hu\/wp-content\/uploads\/2026\/03\/PNG-kep-650x650.png 650w, https:\/\/villakabala.hu\/wp-content\/uploads\/2026\/03\/PNG-kep-600x600.png 600w, https:\/\/villakabala.hu\/wp-content\/uploads\/2026\/03\/PNG-kep-100x100.png 100w, https:\/\/villakabala.hu\/wp-content\/uploads\/2026\/03\/PNG-kep-50x50.png 50w, https:\/\/villakabala.hu\/wp-content\/uploads\/2026\/03\/PNG-kep.png 1024w\" sizes=\"(max-width: 150px) 100vw, 150px\" \/>\t\t\t\t\t\t\t\t\t\t\t\t\t\t\t<\/div>\n\t\t\t\t<\/div>\n\t\t\t\t\t<\/div>\n\t\t\t\t<\/div>\n\t\t<div class=\"elementor-element elementor-element-04e0307 e-flex e-con-boxed e-con e-parent\" data-id=\"04e0307\" data-element_type=\"container\" data-e-type=\"container\">\n\t\t\t\t\t<div class=\"e-con-inner\">\n\t\t\t\t<div class=\"elementor-element elementor-element-537c4b8 elementor-widget elementor-widget-text-editor\" data-id=\"537c4b8\" data-element_type=\"widget\" data-e-type=\"widget\" data-widget_type=\"text-editor.default\">\n\t\t\t\t<div class=\"elementor-widget-container\">\n\t\t\t\t\t\t\t\t\t<div id=\"comp-mm6m8gtu\" class=\"ku3DBC zQ9jDz qvSjx3 Vq6kJx comp-mm6m8gtu wixui-rich-text\" data-testid=\"richTextElement\" data-motion-enter=\"done\"><h2 class=\"font_2 wixui-rich-text__text\" style=\"text-align: center;\">Culinary Institute of<br class=\"wixui-rich-text__text\" \/>B\u00fckk &amp; Balaton<\/h2><\/div><div id=\"comp-mm6m8gtv13\" class=\"ku3DBC zQ9jDz qvSjx3 Vq6kJx comp-mm6m8gtv13 wixui-rich-text\" data-testid=\"richTextElement\" data-motion-enter=\"done\"><h6 class=\"font_8 wixui-rich-text__text\">Az elm\u00falt \u00e9vekben sok fiatal dolgozott mellett\u00fcnk, \u00e9s egyre ink\u00e1bb azt \u00e9rezt\u00fck, hogy j\u00f3 lenne ezt tudatosabb keretbe tenni. Nem csak munkalehet\u0151s\u00e9get adni, hanem val\u00f3di szakmai ir\u00e1nyt is.<\/h6><h6 class=\"font_8 wixui-rich-text__text\">\u00cdgy hoztuk l\u00e9tre a st\u00e1zs programunkat, melynek keretein bel\u00fcl k\u00e9t szakmailag elismert \u00e9tterem tal\u00e1lt egym\u00e1sra, k\u00f6z\u00f6s c\u00e9llal: ut\u00e1np\u00f3tl\u00e1st nevelni nem a megszokott, tantermi form\u00e1ban. Olyan szakembereket szeretn\u00e9nk k\u00e9pezni, akik magabiztosan meg\u00e1llj\u00e1k a hely\u00fcket b\u00e1rmelyik \u00e9tteremben.<\/h6><h6 class=\"font_8 wixui-rich-text__text\"><span class=\"wixGuard wixui-rich-text__text\">\u200b<\/span><\/h6><h6 class=\"font_8 wixui-rich-text__text\">A programunk m\u0171k\u00f6d\u0151, Michelin Guide \u00e1ltal elismert konyh\u00e1kban zajlik, a\u00a0m\u0171hely alapja a napi gyakorlati munka. Nem t\u00f6meget k\u00e9pz\u00fcnk \u2013 hanem szakmai karaktert form\u00e1lunk. A r\u00e9sztvev\u0151k nem megfigyel\u0151k, hanem a rendszer r\u00e9szei: dolgoznak az el\u0151k\u00e9sz\u00edt\u00e9sben, tanulj\u00e1k a hagyom\u00e1nyos konyhatechnol\u00f3giai alapokat, megismerik az alapanyagok feldolgoz\u00e1s\u00e1t, a szezon\u00e1lis gondolkod\u00e1st, \u00e9s betekint\u00e9st kapnak az \u00e9ttermi m\u0171k\u00f6d\u00e9s teljes strukt\u00far\u00e1j\u00e1ba.<\/h6><h6 class=\"font_8 wixui-rich-text__text\">Kiemelt figyelmet ford\u00edtunk az alapanyagok eredet\u00e9re \u00e9s min\u0151s\u00e9g\u00e9re, ez\u00e9rt field trip-ek keret\u00e9ben termel\u0151kh\u00f6z, manufakt\u00far\u00e1kba, p\u00e9ks\u00e9gekbe \u00e9s m\u00e1s vend\u00e9gl\u00e1t\u00f3helyekre is ell\u00e1togatunk, hogy a r\u00e9sztvev\u0151k meg\u00e9rts\u00e9k: a min\u0151s\u00e9g nem a t\u00e1ny\u00e9ron kezd\u0151dik.<\/h6><h6 class=\"font_8 wixui-rich-text__text\"><span class=\"wixui-rich-text__text\">A program szakmai vezet\u0151i:<\/span><\/h6><h6 class=\"font_8 wixui-rich-text__text\"><br class=\"wixui-rich-text__text\" \/><strong>Pohner \u00c1d\u00e1m &#8211; Gajd\u00f3 &amp; Iszkor<\/strong><br class=\"wixui-rich-text__text\" \/><strong>Szab\u00f3 Andr\u00e1s &#8211; Villa Kabala<\/strong><\/h6><h6 class=\"font_8 wixui-rich-text__text\">Mindketten olyan s\u00e9fek, akik az elm\u00falt \u00e9vekben sz\u00e1mos hazai \u00e9s nemzetk\u00f6zi szakmai elismer\u00e9st kaptak. Munk\u00e1jukat t\u00f6bbek k\u00f6z\u00f6tt a Michelin Guide, a Dining Guide \u00e9s a Street Kitchen Guide is d\u00edjazta, valamint rendszeresen szerepelnek a hazai gasztron\u00f3miai toplist\u00e1k \u00e9lmez\u0151ny\u00e9ben. \u00c9ttermeik \u00e9s projektjeik t\u00f6bb alkalommal kaptak Michelin Bib Gourmand, Michelin Z\u00f6ld Csillag, valamint Dining Guide \u00c9v \u00c9tterme \u00e9s \u00c9v Felfedezettje jel\u00f6l\u00e9seket \u00e9s d\u00edjakat.<br class=\"wixui-rich-text__text\" \/><br class=\"wixui-rich-text__text\" \/>Nem felt\u00e9tel a vend\u00e9gl\u00e1t\u00f3s m\u00falt vagy szak\u00e1csiskola. Jelentkezhetsz akkor is, ha m\u00e1r dolgozt\u00e1l konyh\u00e1n, \u00e9s akkor is, ha p\u00e1lyav\u00e1lt\u00e1son gondolkodsz. S\u0151t, a tapasztalatunk az, hogy sokszor azok \u00e9rkeznek a legnagyobb al\u00e1zattal \u00e9s energi\u00e1val, akik m\u00e1r m\u00e1s ter\u00fcleten kipr\u00f3b\u00e1lt\u00e1k magukat, \u00e9s tudatos d\u00f6nt\u00e9ssel fordulnak a szakma fel\u00e9.<\/h6><h6 class=\"font_8 wixui-rich-text__text\"><span class=\"wixGuard wixui-rich-text__text\">\u200b<\/span><\/h6><h5 class=\"font_8 wixui-rich-text__text\" style=\"text-align: center;\"><span class=\"wixui-rich-text__text\">Programkezd\u00e9s:<\/span><\/h5><h6 class=\"font_8 wixui-rich-text__text\" style=\"text-align: center;\">\u2022\u00a0\u00c1prilis 1.<\/h6><h6 class=\"font_8 wixui-rich-text__text\" style=\"text-align: center;\">\u2022 M\u00e1jus 1.<\/h6><h6 class=\"font_8 wixui-rich-text__text\" style=\"text-align: center;\">\u2022 J\u00fanius 1.<\/h6><h6 class=\"font_8 wixui-rich-text__text\" style=\"text-align: center;\"><span class=\"wixGuard wixui-rich-text__text\">\u200b<\/span><\/h6><h5 class=\"font_8 wixui-rich-text__text\" style=\"text-align: center;\"><span class=\"wixui-rich-text__text\">A program helysz\u00ednei:<\/span><\/h5><h6 class=\"font_8 wixui-rich-text__text\" style=\"text-align: center;\">\u2022 Gajd\u00f3 \u2013 Miskolc (Iszkor &#8211; M\u00e1lyinka)<\/h6><h6 class=\"font_8 wixui-rich-text__text\" style=\"text-align: center;\">\u2022 Villa Kabala \u2013 Szigliget<\/h6><h6 class=\"font_8 wixui-rich-text__text\" style=\"text-align: center;\"><span class=\"wixGuard wixui-rich-text__text\">\u200b<\/span><\/h6><h6 class=\"font_8 wixui-rich-text__text\">A miskolci program sor\u00e1n \u00e1tj\u00e1r\u00e1s van a m\u00e1lyinkai Iszkor konyh\u00e1j\u00e1ra is. Mindk\u00e9t \u00e9tterem t\u00f6bbsz\u00f6r\u00f6s Michelin Guide elismer\u00e9ssel dolgozik.<\/h6><\/div>\t\t\t\t\t\t\t\t<\/div>\n\t\t\t\t<\/div>\n\t\t\t\t<div class=\"elementor-element elementor-element-b407a6e elementor-align-center elementor-widget elementor-widget-button\" data-id=\"b407a6e\" data-element_type=\"widget\" data-e-type=\"widget\" data-widget_type=\"button.default\">\n\t\t\t\t<div class=\"elementor-widget-container\">\n\t\t\t\t\t\t\t\t\t<div class=\"elementor-button-wrapper\">\n\t\t\t\t\t<a class=\"elementor-button elementor-button-link elementor-size-sm\" href=\"https:\/\/docs.google.com\/forms\/d\/e\/1FAIpQLSdrBmkpqv9tmxpLbhNDuzO6xgVpnRRcPQi79GUH_Rc2Qt9Ryw\/viewform\">\n\t\t\t\t\t\t<span class=\"elementor-button-content-wrapper\">\n\t\t\t\t\t\t\t\t\t<span class=\"elementor-button-text\">Jelentkezem<\/span>\n\t\t\t\t\t<\/span>\n\t\t\t\t\t<\/a>\n\t\t\t\t<\/div>\n\t\t\t\t\t\t\t\t<\/div>\n\t\t\t\t<\/div>\n\t\t\t\t\t<\/div>\n\t\t\t\t<\/div>\n\t\t<div class=\"elementor-element elementor-element-e61964d e-flex e-con-boxed e-con e-parent\" data-id=\"e61964d\" data-element_type=\"container\" data-e-type=\"container\">\n\t\t\t\t\t<div class=\"e-con-inner\">\n\t\t\t\t<div class=\"elementor-element elementor-element-8005754 elementor-widget elementor-widget-image\" data-id=\"8005754\" data-element_type=\"widget\" data-e-type=\"widget\" data-widget_type=\"image.default\">\n\t\t\t\t<div class=\"elementor-widget-container\">\n\t\t\t\t\t\t\t\t\t\t\t\t\t\t\t<img fetchpriority=\"high\" decoding=\"async\" width=\"1024\" height=\"683\" src=\"https:\/\/villakabala.hu\/wp-content\/uploads\/2024\/06\/HRP_4254-2-1024x683.webp\" class=\"attachment-large size-large wp-image-12390\" alt=\"\" srcset=\"https:\/\/villakabala.hu\/wp-content\/uploads\/2024\/06\/HRP_4254-2-1024x683.webp 1024w, https:\/\/villakabala.hu\/wp-content\/uploads\/2024\/06\/HRP_4254-2-600x400.webp 600w, https:\/\/villakabala.hu\/wp-content\/uploads\/2024\/06\/HRP_4254-2-300x200.webp 300w, https:\/\/villakabala.hu\/wp-content\/uploads\/2024\/06\/HRP_4254-2-768x512.webp 768w, https:\/\/villakabala.hu\/wp-content\/uploads\/2024\/06\/HRP_4254-2-1536x1024.webp 1536w, https:\/\/villakabala.hu\/wp-content\/uploads\/2024\/06\/HRP_4254-2.webp 2048w\" sizes=\"(max-width: 1024px) 100vw, 1024px\" \/>\t\t\t\t\t\t\t\t\t\t\t\t\t\t\t<\/div>\n\t\t\t\t<\/div>\n\t\t\t\t\t<\/div>\n\t\t\t\t<\/div>\n\t\t<div class=\"elementor-element elementor-element-fe2f68c e-flex e-con-boxed e-con e-parent\" data-id=\"fe2f68c\" data-element_type=\"container\" data-e-type=\"container\">\n\t\t\t\t\t<div class=\"e-con-inner\">\n\t\t<div class=\"elementor-element elementor-element-3f082f0 e-con-full e-flex e-con e-child\" data-id=\"3f082f0\" data-element_type=\"container\" data-e-type=\"container\">\n\t\t\t\t<div class=\"elementor-element elementor-element-afcf5de elementor-widget__width-initial elementor-widget elementor-widget-text-editor\" data-id=\"afcf5de\" data-element_type=\"widget\" data-e-type=\"widget\" data-widget_type=\"text-editor.default\">\n\t\t\t\t<div class=\"elementor-widget-container\">\n\t\t\t\t\t\t\t\t\t<div id=\"comp-mm6m8gvm8\" class=\"ku3DBC zQ9jDz qvSjx3 Vq6kJx comp-mm6m8gvm8 wixui-rich-text\" data-testid=\"richTextElement\" data-motion-enter=\"done\"><h2 class=\"font_6 wixui-rich-text__text\">Mire sz\u00e1m\u00edthatsz?<\/h2><\/div><div id=\"comp-mm6m8gvo2\" class=\"ku3DBC zQ9jDz qvSjx3 Vq6kJx comp-mm6m8gvo2 wixui-rich-text\" data-testid=\"richTextElement\" data-motion-enter=\"done\"><h4 class=\"font_3 wixui-rich-text__text\" style=\"text-align: left;\">Programfel\u00e9p\u00edt\u00e9s<\/h4><\/div><div id=\"comp-mm6m8gvp20\" class=\"ku3DBC zQ9jDz qvSjx3 Vq6kJx comp-mm6m8gvp20 wixui-rich-text\" data-testid=\"richTextElement\" data-motion-enter=\"done\"><p class=\"font_3 wixui-rich-text__text\"><span class=\"wixui-rich-text__text\">3 h\u00f3napos intenz\u00edv modul<\/span><br class=\"wixui-rich-text__text\" \/>Teljes integr\u00e1ci\u00f3 egy kiv\u00e1lasztott konyh\u00e1ba<br class=\"wixui-rich-text__text\" \/>Napi gyakorlati munka szerviztemp\u00f3ban<br class=\"wixui-rich-text__text\" \/>Kijel\u00f6lt mentor<br class=\"wixui-rich-text__text\" \/>K\u00e9theti szem\u00e9lyes karrierbesz\u00e9lget\u00e9s a vezet\u0151 s\u00e9ffel<br class=\"wixui-rich-text__text\" \/>Z\u00e1r\u00f3 szakmai \u00e9rt\u00e9kel\u00e9s<br class=\"wixui-rich-text__text\" \/>\u00a0<br class=\"wixui-rich-text__text\" \/><span class=\"wixui-rich-text__text\">6 h\u00f3napos extra modul<\/span><br class=\"wixui-rich-text__text\" \/>3 h\u00f3nap alap + 3 h\u00f3nap m\u00e9ly\u00edt\u00e9s<br class=\"wixui-rich-text__text\" \/>V\u00e1laszthat\u00f3:<br class=\"wixui-rich-text__text\" \/>marad\u00e1s az eredeti helysz\u00ednen magasabb felel\u0151ss\u00e9ggel<br class=\"wixui-rich-text__text\" \/>csereprogram a m\u00e1sik \u00e9tterem konyh\u00e1j\u00e1ra<br class=\"wixui-rich-text__text\" \/>\u00d6n\u00e1ll\u00f3bb \u00e1llom\u00e1svezet\u00e9s<br class=\"wixui-rich-text__text\" \/>Saj\u00e1t szakmai projekt<\/p><p class=\"font_3 wixui-rich-text__text\">\u00a0<br class=\"wixui-rich-text__text\" \/><strong><span class=\"wixui-rich-text__text\">Kiknek aj\u00e1nljuk?<\/span><\/strong><\/p><p class=\"font_3 wixui-rich-text__text\"><br class=\"wixui-rich-text__text\" \/>P\u00e1lyakezd\u0151knek1\u20133 \u00e9ve p\u00e1ly\u00e1n l\u00e9v\u0151knek<br class=\"wixui-rich-text__text\" \/>Akik Michelin-k\u00f6rnyezetben szeretn\u00e9nek tanulni<br class=\"wixui-rich-text__text\" \/>Akik nem bizony\u00edtv\u00e1nyt, hanem val\u00f3di gyakorlati tud\u00e1st keresnek<br class=\"wixui-rich-text__text\" \/>P\u00e1lyav\u00e1lt\u00f3knak, akiknek soha semmi k\u00f6ze nem volt m\u00e9g konyh\u00e1hoz, de szeretn\u00e9k magukat kipr\u00f3b\u00e1lni benne.<\/p><\/div>\t\t\t\t\t\t\t\t<\/div>\n\t\t\t\t<\/div>\n\t\t\t\t<\/div>\n\t\t\t\t<div class=\"elementor-element elementor-element-d98411e elementor-widget elementor-widget-text-editor\" data-id=\"d98411e\" data-element_type=\"widget\" data-e-type=\"widget\" data-widget_type=\"text-editor.default\">\n\t\t\t\t<div class=\"elementor-widget-container\">\n\t\t\t\t\t\t\t\t\t<div id=\"comp-mm6m8gul6__item-j9ples3e\" class=\"PiVxGu MDrwHQ comp-mm6m8gul6-container comp-mm6m8gul6__item-j9ples3e wixui-repeater__item\" dir=\"ltr\" role=\"listitem\"><div id=\"comp-mm6m8gum9__item-j9ples3e\" class=\"PiVxGu MDrwHQ comp-mm6m8gum9-container comp-mm6m8gum9__item-j9ples3e wixui-box\" dir=\"ltr\" role=\"\"><div id=\"comp-mm6m8gve__item-j9ples3e\" class=\"PiVxGu MDrwHQ comp-mm6m8gve-container comp-mm6m8gve__item-j9ples3e wixui-box\" dir=\"ltr\" role=\"\"><div class=\"yPXgy9 YqUfCX inner-box wixui-box\" aria-hidden=\"true\">\u00a0<\/div><div id=\"comp-mm6m8gvf4__item-j9ples3e\" class=\"ku3DBC zQ9jDz qvSjx3 Vq6kJx comp-mm6m8gvf4__item-j9ples3e wixui-rich-text\" data-testid=\"richTextElement\" data-motion-enter=\"done\"><h4 class=\"font_6 wixui-rich-text__text\">Heti ritmus<\/h4><\/div><p class=\"font_8 wixui-rich-text__text\">H\u00e9tf\u0151 \u2192 termel\u0151k, farmok, workshopok, besz\u00e9lget\u00e9sek<\/p><p class=\"font_8 wixui-rich-text__text\">Kedd \u2192 pihen\u0151<\/p><p class=\"font_8 wixui-rich-text__text\">Szerd\u00e1t\u00f3l vas\u00e1rnapig \u2192 konyhai munka: mise en place, szerviz, k\u00f6z\u00f6s ki\u00e9rt\u00e9kel\u00e9s\u00a0<\/p><\/div><\/div><\/div><div class=\"yPXgy9 YqUfCX inner-box wixui-repeater__item\" aria-hidden=\"true\">\u00a0<\/div><div id=\"comp-mm6m8gum9__item-j9plerjk\" class=\"PiVxGu MDrwHQ comp-mm6m8gum9-container comp-mm6m8gum9__item-j9plerjk wixui-box\" dir=\"ltr\" role=\"\"><div class=\"yPXgy9 YqUfCX inner-box wixui-box\" aria-hidden=\"true\">\u00a0<\/div><div id=\"comp-mm6m8gve__item-j9plerjk\" class=\"PiVxGu MDrwHQ comp-mm6m8gve-container comp-mm6m8gve__item-j9plerjk wixui-box\" dir=\"ltr\" role=\"\"><div id=\"comp-mm6m8gvf4__item-j9plerjk\" class=\"ku3DBC zQ9jDz qvSjx3 Vq6kJx comp-mm6m8gvf4__item-j9plerjk wixui-rich-text\" data-testid=\"richTextElement\" data-motion-enter=\"done\"><h4 class=\"font_6 wixui-rich-text__text\"><span class=\"wixui-rich-text__text\">Mentor\u00e1l\u00e1s<\/span><\/h4><\/div><div id=\"comp-mm6m8gvh__item-j9plerjk\" class=\"ku3DBC zQ9jDz qvSjx3 Vq6kJx comp-mm6m8gvh__item-j9plerjk wixui-rich-text\" data-testid=\"richTextElement\" data-motion-enter=\"done\"><p class=\"font_8 wixui-rich-text__text\">Minden st\u00e1zsol\u00f3 mentor mellett dolgozik, \u00e9s k\u00e9thetente szem\u00e9lyes besz\u00e9lget\u00e9sen vesz r\u00e9szt a vezet\u0151 s\u00e9ffel, ahol a fejl\u0151d\u00e9s\u00e9r\u0151l \u00e9s a tov\u00e1bbl\u00e9p\u00e9si lehet\u0151s\u00e9gekr\u0151l besz\u00e9lget\u00fcnk.<\/p><\/div><\/div><\/div><div id=\"comp-mm6m8gul6__item-lyecsyz2\" class=\"PiVxGu MDrwHQ comp-mm6m8gul6-container comp-mm6m8gul6__item-lyecsyz2 wixui-repeater__item\" dir=\"ltr\" role=\"listitem\"><div id=\"comp-mm6m8gum9__item-lyecsyz2\" class=\"PiVxGu MDrwHQ comp-mm6m8gum9-container comp-mm6m8gum9__item-lyecsyz2 wixui-box\" dir=\"ltr\" role=\"\"><div class=\"VDJedC l4CAhn\" data-testid=\"svgRoot-comp-mm6m8gun8__item-lyecsyz2\">\u00a0<\/div><div id=\"comp-mm6m8gve__item-lyecsyz2\" class=\"PiVxGu MDrwHQ comp-mm6m8gve-container comp-mm6m8gve__item-lyecsyz2 wixui-box\" dir=\"ltr\" role=\"\"><h4 class=\"font_6 wixui-rich-text__text\"><span class=\"wixui-rich-text__text\">Mit biztos\u00edtunk?<\/span><\/h4><div id=\"comp-mm6m8gvh__item-lyecsyz2\" class=\"ku3DBC zQ9jDz qvSjx3 Vq6kJx comp-mm6m8gvh__item-lyecsyz2 wixui-rich-text\" data-testid=\"richTextElement\" data-motion-enter=\"done\"><p class=\"font_8 wixui-rich-text__text\">Ingyenes sz\u00e1ll\u00e1s<\/p><p class=\"font_8 wixui-rich-text__text\">Szem\u00e9lyzeti \u00e9tkez\u00e9s<\/p><p class=\"font_8 wixui-rich-text__text\">Zsebp\u00e9nz<\/p><p class=\"font_8 wixui-rich-text__text\"><span class=\"wixGuard wixui-rich-text__text\">\u200b<\/span><\/p><p class=\"font_8 wixui-rich-text__text\">\u00cdgy val\u00f3ban a munk\u00e1ra \u00e9s a fejl\u0151d\u00e9sre tudsz koncentr\u00e1lni.<\/p><\/div><\/div><\/div><\/div>\t\t\t\t\t\t\t\t<\/div>\n\t\t\t\t<\/div>\n\t\t\t\t\t<\/div>\n\t\t\t\t<\/div>\n\t\t<div class=\"elementor-element elementor-element-af39596 e-flex e-con-boxed e-con e-parent\" data-id=\"af39596\" data-element_type=\"container\" data-e-type=\"container\">\n\t\t\t\t\t<div class=\"e-con-inner\">\n\t\t<div class=\"elementor-element elementor-element-b10bde1 e-con-full e-flex e-con e-child\" data-id=\"b10bde1\" data-element_type=\"container\" data-e-type=\"container\">\n\t\t\t\t<div class=\"elementor-element elementor-element-9b72138 elementor-widget elementor-widget-text-editor\" data-id=\"9b72138\" data-element_type=\"widget\" data-e-type=\"widget\" data-widget_type=\"text-editor.default\">\n\t\t\t\t<div class=\"elementor-widget-container\">\n\t\t\t\t\t\t\t\t\t<div class=\"yPXgy9 YqUfCX inner-box wixui-box\" aria-hidden=\"true\">\u00a0<\/div><div id=\"comp-mm6m8gvw9\" class=\"ku3DBC zQ9jDz qvSjx3 Vq6kJx comp-mm6m8gvw9 wixui-rich-text\" data-testid=\"richTextElement\" data-motion-enter=\"done\"><h3 class=\"font_3 wixui-rich-text__text\">A program c\u00e9lja<\/h3><\/div><div id=\"comp-mm6m8gvy\" class=\"ku3DBC zQ9jDz qvSjx3 Vq6kJx comp-mm6m8gvy wixui-rich-text\" data-testid=\"richTextElement\" data-motion-enter=\"done\"><h4 class=\"font_6 wixui-rich-text__text\">Mi\u00e9rt \u00e9rdemes jelentekzned?<\/h4><\/div><div id=\"comp-mm6m8gvz7\" class=\"ku3DBC zQ9jDz qvSjx3 Vq6kJx comp-mm6m8gvz7 wixui-rich-text\" data-testid=\"richTextElement\" data-motion-enter=\"done\"><p class=\"font_8 wixui-rich-text__text\">A st\u00e1zsprogram c\u00e9lja, hogy helyben teremtsen magas sz\u00ednvonal\u00fa szakmai fejl\u0151d\u00e9si lehet\u0151s\u00e9get<br class=\"wixui-rich-text__text\" \/>a fiatal vend\u00e9gl\u00e1t\u00f3sok, m\u00e1s p\u00e1ly\u00e1r\u00f3l \u00e9rkez\u0151, de k\u00edv\u00e1ncsi \u00e9s lelkes \u00e9rdekl\u0151d\u0151k sz\u00e1m\u00e1ra.<\/p><p class=\"font_8 wixui-rich-text__text\">\u00a0<\/p><p class=\"font_8 wixui-rich-text__text\">A gyakorlati tud\u00e1s, a mentor\u00e1l\u00e1s, az elm\u00e9leti h\u00e1tt\u00e9r, a r\u00e9gi\u00f3s<br class=\"wixui-rich-text__text\" \/>kitekint\u00e9s \u00e9s a szakmai kapcsolatok egy\u00fcttese olyan stabil alapot ad, amelyre hossz\u00fa t\u00e1v\u00fa karrier \u00e9p\u00edthet\u0151.<\/p><p class=\"font_8 wixui-rich-text__text\"><br class=\"wixui-rich-text__text\" \/>A program v\u00e9g\u00e9n biztos\u00edtott aj\u00e1nl\u00f3lev\u00e9l pedig nem csup\u00e1n dokumentum, hanem egy szakmai visszajelz\u00e9s a r\u00e9sztvev\u0151 munk\u00e1j\u00e1r\u00f3l \u00e9s fejl\u0151d\u00e9s\u00e9r\u0151l.<\/p><p class=\"font_8 wixui-rich-text__text\"><br class=\"wixui-rich-text__text\" \/>A legsikeresebb r\u00e9sztvev\u0151knek \u00e1ll\u00e1saj\u00e1nlatot biztos\u00edtunk, kiemelt b\u00e9rez\u00e9ssel.<\/p><\/div><p>\u00a0<\/p>\t\t\t\t\t\t\t\t<\/div>\n\t\t\t\t<\/div>\n\t\t\t\t<div class=\"elementor-element elementor-element-f115b34 elementor-align-center elementor-widget elementor-widget-button\" data-id=\"f115b34\" data-element_type=\"widget\" data-e-type=\"widget\" data-widget_type=\"button.default\">\n\t\t\t\t<div class=\"elementor-widget-container\">\n\t\t\t\t\t\t\t\t\t<div class=\"elementor-button-wrapper\">\n\t\t\t\t\t<a class=\"elementor-button elementor-button-link elementor-size-sm\" href=\"mailto:villa@villakabala.hu\">\n\t\t\t\t\t\t<span class=\"elementor-button-content-wrapper\">\n\t\t\t\t\t\t\t\t\t<span class=\"elementor-button-text\">\u00c9rdekl\u0151d\u00f6m<\/span>\n\t\t\t\t\t<\/span>\n\t\t\t\t\t<\/a>\n\t\t\t\t<\/div>\n\t\t\t\t\t\t\t\t<\/div>\n\t\t\t\t<\/div>\n\t\t\t\t<\/div>\n\t\t<div class=\"elementor-element elementor-element-729f191 e-con-full e-flex e-con e-child\" data-id=\"729f191\" data-element_type=\"container\" data-e-type=\"container\">\n\t\t\t\t<div class=\"elementor-element elementor-element-4f39f53 elementor-widget elementor-widget-image\" data-id=\"4f39f53\" data-element_type=\"widget\" data-e-type=\"widget\" data-widget_type=\"image.default\">\n\t\t\t\t<div class=\"elementor-widget-container\">\n\t\t\t\t\t\t\t\t\t\t\t\t\t\t\t<img decoding=\"async\" width=\"683\" height=\"1024\" src=\"https:\/\/villakabala.hu\/wp-content\/uploads\/2024\/07\/etterem-4-683x1024.webp\" class=\"attachment-large size-large wp-image-13202\" alt=\"\" srcset=\"https:\/\/villakabala.hu\/wp-content\/uploads\/2024\/07\/etterem-4-683x1024.webp 683w, https:\/\/villakabala.hu\/wp-content\/uploads\/2024\/07\/etterem-4-scaled-600x900.webp 600w, https:\/\/villakabala.hu\/wp-content\/uploads\/2024\/07\/etterem-4-200x300.webp 200w, https:\/\/villakabala.hu\/wp-content\/uploads\/2024\/07\/etterem-4-768x1152.webp 768w, https:\/\/villakabala.hu\/wp-content\/uploads\/2024\/07\/etterem-4-1024x1536.webp 1024w, https:\/\/villakabala.hu\/wp-content\/uploads\/2024\/07\/etterem-4-1365x2048.webp 1365w, https:\/\/villakabala.hu\/wp-content\/uploads\/2024\/07\/etterem-4-8x12.webp 8w, https:\/\/villakabala.hu\/wp-content\/uploads\/2024\/07\/etterem-4-scaled.webp 1707w\" sizes=\"(max-width: 683px) 100vw, 683px\" \/>\t\t\t\t\t\t\t\t\t\t\t\t\t\t\t<\/div>\n\t\t\t\t<\/div>\n\t\t\t\t<\/div>\n\t\t\t\t\t<\/div>\n\t\t\t\t<\/div>\n\t\t\t\t<\/div>","protected":false},"excerpt":{"rendered":"<p>Culinary Institute ofB\u00fckk &amp; Balaton Az elm\u00falt \u00e9vekben sok fiatal dolgozott mellett\u00fcnk, \u00e9s egyre ink\u00e1bb azt \u00e9rezt\u00fck, hogy j\u00f3 lenne ezt tudatosabb keretbe tenni. Nem csak munkalehet\u0151s\u00e9get adni, hanem val\u00f3di szakmai ir\u00e1nyt is. \u00cdgy hoztuk l\u00e9tre a st\u00e1zs programunkat, melynek keretein bel\u00fcl k\u00e9t szakmailag elismert \u00e9tterem tal\u00e1lt egym\u00e1sra, k\u00f6z\u00f6s c\u00e9llal: ut\u00e1np\u00f3tl\u00e1st nevelni nem a megszokott, [&hellip;]<\/p>\n","protected":false},"author":3,"featured_media":0,"parent":0,"menu_order":0,"comment_status":"closed","ping_status":"closed","template":"","meta":{"footnotes":""},"class_list":["post-13833","page","type-page","status-publish","hentry"],"_links":{"self":[{"href":"https:\/\/villakabala.hu\/en\/wp-json\/wp\/v2\/pages\/13833","targetHints":{"allow":["GET"]}}],"collection":[{"href":"https:\/\/villakabala.hu\/en\/wp-json\/wp\/v2\/pages"}],"about":[{"href":"https:\/\/villakabala.hu\/en\/wp-json\/wp\/v2\/types\/page"}],"author":[{"embeddable":true,"href":"https:\/\/villakabala.hu\/en\/wp-json\/wp\/v2\/users\/3"}],"replies":[{"embeddable":true,"href":"https:\/\/villakabala.hu\/en\/wp-json\/wp\/v2\/comments?post=13833"}],"version-history":[{"count":22,"href":"https:\/\/villakabala.hu\/en\/wp-json\/wp\/v2\/pages\/13833\/revisions"}],"predecessor-version":[{"id":13857,"href":"https:\/\/villakabala.hu\/en\/wp-json\/wp\/v2\/pages\/13833\/revisions\/13857"}],"wp:attachment":[{"href":"https:\/\/villakabala.hu\/en\/wp-json\/wp\/v2\/media?parent=13833"}],"curies":[{"name":"wp","href":"https:\/\/api.w.org\/{rel}","templated":true}]}}