{"id":7580,"date":"2024-02-13T14:00:45","date_gmt":"2024-02-13T14:00:45","guid":{"rendered":"https:\/\/carsten.qodeinteractive.com\/?page_id=7580"},"modified":"2025-12-31T13:44:43","modified_gmt":"2025-12-31T12:44:43","slug":"kapcsolat","status":"publish","type":"page","link":"https:\/\/villakabala.hu\/en\/kapcsolat\/","title":{"rendered":"Contact"},"content":{"rendered":"\t\t<div data-elementor-type=\"wp-page\" data-elementor-id=\"7580\" class=\"elementor elementor-7580\">\n\t\t\t\t<div class=\"elementor-element elementor-element-3c41d33 e-con-full e-flex e-con e-parent\" data-id=\"3c41d33\" data-element_type=\"container\" data-e-type=\"container\" data-settings=\"{&quot;background_background&quot;:&quot;classic&quot;}\">\n\t\t<div class=\"elementor-element elementor-element-b554d2e e-flex e-con-boxed e-con e-child\" data-id=\"b554d2e\" data-element_type=\"container\" data-e-type=\"container\">\n\t\t\t\t\t<div class=\"e-con-inner\">\n\t\t\t\t<div class=\"elementor-element elementor-element-c35b0b8 elementor-absolute e-transform elementor-widget elementor-widget-image\" data-id=\"c35b0b8\" data-element_type=\"widget\" data-e-type=\"widget\" data-settings=\"{&quot;_position&quot;:&quot;absolute&quot;,&quot;_transform_translateY_effect&quot;:{&quot;unit&quot;:&quot;px&quot;,&quot;size&quot;:-151,&quot;sizes&quot;:[]},&quot;_transform_translateX_effect&quot;:{&quot;unit&quot;:&quot;px&quot;,&quot;size&quot;:&quot;&quot;,&quot;sizes&quot;:[]},&quot;_transform_translateX_effect_tablet&quot;:{&quot;unit&quot;:&quot;px&quot;,&quot;size&quot;:&quot;&quot;,&quot;sizes&quot;:[]},&quot;_transform_translateX_effect_mobile&quot;:{&quot;unit&quot;:&quot;px&quot;,&quot;size&quot;:&quot;&quot;,&quot;sizes&quot;:[]},&quot;_transform_translateY_effect_tablet&quot;:{&quot;unit&quot;:&quot;px&quot;,&quot;size&quot;:&quot;&quot;,&quot;sizes&quot;:[]},&quot;_transform_translateY_effect_mobile&quot;:{&quot;unit&quot;:&quot;px&quot;,&quot;size&quot;:&quot;&quot;,&quot;sizes&quot;:[]}}\" data-widget_type=\"image.default\">\n\t\t\t\t<div class=\"elementor-widget-container\">\n\t\t\t\t\t\t\t\t\t\t\t\t\t\t\t\t<a href=\"https:\/\/cloudsystems.hu\/vk\/kisfaludy-program\/\">\n\t\t\t\t\t\t\t<img decoding=\"async\" width=\"300\" height=\"64\" src=\"https:\/\/villakabala.hu\/wp-content\/uploads\/2024\/06\/kisfaludy-logo.svg\" class=\"attachment-medium size-medium wp-image-12812\" alt=\"\" \/>\t\t\t\t\t\t\t\t<\/a>\n\t\t\t\t\t\t\t\t\t\t\t\t\t\t\t<\/div>\n\t\t\t\t<\/div>\n\t\t\t\t\t<\/div>\n\t\t\t\t<\/div>\n\t\t\t\t<\/div>\n\t\t<div class=\"elementor-element elementor-element-f376f03 e-con-full qodef-elementor-content-grid e-flex e-con e-parent\" data-id=\"f376f03\" data-element_type=\"container\" data-e-type=\"container\">\n\t\t<div class=\"elementor-element elementor-element-f71d74b e-con-full e-flex e-con e-child\" data-id=\"f71d74b\" data-element_type=\"container\" data-e-type=\"container\">\n\t\t<div class=\"elementor-element elementor-element-ee374f5 e-con-full e-flex e-con e-child\" data-id=\"ee374f5\" data-element_type=\"container\" data-e-type=\"container\">\n\t\t\t\t<div class=\"elementor-element elementor-element-9129dc1 elementor-widget__width-initial elementor-widget elementor-widget-carsten_core_section_title\" data-id=\"9129dc1\" data-element_type=\"widget\" data-e-type=\"widget\" data-widget_type=\"carsten_core_section_title.default\">\n\t\t\t\t<div class=\"elementor-widget-container\">\n\t\t\t\t\t<div class=\"qodef-shortcode qodef-m  qodef-section-title qodef-alignment--left \">\n\t\t<h2 class=\"qodef-m-title\" style=\"text-transform: uppercase\">\n\t\t\t\t\tFoglal\u00e1s \u00e9s Kapcsolat\t\t\t<\/h2>\n\t\t<\/div>\n\t\t\t\t<\/div>\n\t\t\t\t<\/div>\n\t\t\t\t<\/div>\n\t\t\t\t<div class=\"elementor-element elementor-element-117051a elementor-widget elementor-widget-spacer\" data-id=\"117051a\" data-element_type=\"widget\" data-e-type=\"widget\" data-widget_type=\"spacer.default\">\n\t\t\t\t<div class=\"elementor-widget-container\">\n\t\t\t\t\t\t\t<div class=\"elementor-spacer\">\n\t\t\t<div class=\"elementor-spacer-inner\"><\/div>\n\t\t<\/div>\n\t\t\t\t\t\t<\/div>\n\t\t\t\t<\/div>\n\t\t\t\t<div class=\"elementor-element elementor-element-3670b48 elementor-widget elementor-widget-qi_addons_for_elementor_button\" data-id=\"3670b48\" data-element_type=\"widget\" data-e-type=\"widget\" data-widget_type=\"qi_addons_for_elementor_button.default\">\n\t\t\t\t<div class=\"elementor-widget-container\">\n\t\t\t\t\t<a class=\"qodef-shortcode qodef-m qodef-qi-button qodef-html--link qodef-layout--filled qodef-type--standard qodef-size--small qodef-icon--right qodef-hover--icon-move-horizontal-short\" href=\"https:\/\/villakabala.hu\/szobak\/#foglalas\" target=\"_self\">\n\t<span class=\"qodef-m-text\">Szobafoglal\u00e1s<\/span>\n\t<\/a>\n\t\t\t\t<\/div>\n\t\t\t\t<\/div>\n\t\t<div class=\"elementor-element elementor-element-46ee09b e-con-full e-flex e-con e-child\" data-id=\"46ee09b\" data-element_type=\"container\" data-e-type=\"container\">\n\t\t\t\t<div class=\"elementor-element elementor-element-35dfb0f elementor-widget__width-auto qode--has-custom-underline elementor-widget elementor-widget-carsten_core_custom_font\" data-id=\"35dfb0f\" data-element_type=\"widget\" data-e-type=\"widget\" data-widget_type=\"carsten_core_custom_font.default\">\n\t\t\t\t<div class=\"elementor-widget-container\">\n\t\t\t\t\t<h5 class=\"qodef-shortcode qodef-m  qodef-custom-font qodef-custom-font-619 qodef-layout--simple qodef-align--left \" >\n\t8264 Szigliget, Kamonk\u0151i \u00fat 40.<\/h5>\n\t\t\t\t<\/div>\n\t\t\t\t<\/div>\n\t\t\t\t<\/div>\n\t\t<div class=\"elementor-element elementor-element-95c9119 e-con-full e-flex e-con e-child\" data-id=\"95c9119\" data-element_type=\"container\" data-e-type=\"container\">\n\t\t\t\t<div class=\"elementor-element elementor-element-613dae3 elementor-widget__width-auto qode--has-custom-underline elementor-widget elementor-widget-carsten_core_custom_font\" data-id=\"613dae3\" data-element_type=\"widget\" data-e-type=\"widget\" data-widget_type=\"carsten_core_custom_font.default\">\n\t\t\t\t<div class=\"elementor-widget-container\">\n\t\t\t\t\t<h5 class=\"qodef-shortcode qodef-m  qodef-custom-font qodef-custom-font-771 qodef-layout--simple qodef-align--left \" >\n\t<a href=\"mailto:villa@villakabala.hu\">villa@villakabala.hu<\/a><\/h5>\n\t\t\t\t<\/div>\n\t\t\t\t<\/div>\n\t\t\t\t<\/div>\n\t\t<div class=\"elementor-element elementor-element-ee14e25 e-con-full e-flex e-con e-child\" data-id=\"ee14e25\" data-element_type=\"container\" data-e-type=\"container\">\n\t\t\t\t<div class=\"elementor-element elementor-element-09351e6 elementor-widget__width-auto elementor-widget elementor-widget-carsten_core_custom_font\" data-id=\"09351e6\" data-element_type=\"widget\" data-e-type=\"widget\" data-widget_type=\"carsten_core_custom_font.default\">\n\t\t\t\t<div class=\"elementor-widget-container\">\n\t\t\t\t\t<h5 class=\"qodef-shortcode qodef-m  qodef-custom-font qodef-custom-font-355 qodef-layout--simple qodef-align--left \" >\n\tAsztalfoglal\u00e1s:<\/h5>\n\t\t\t\t<\/div>\n\t\t\t\t<\/div>\n\t\t\t\t<div class=\"elementor-element elementor-element-008e11c elementor-widget__width-auto qode--has-custom-underline elementor-widget elementor-widget-carsten_core_custom_font\" data-id=\"008e11c\" data-element_type=\"widget\" data-e-type=\"widget\" data-widget_type=\"carsten_core_custom_font.default\">\n\t\t\t\t<div class=\"elementor-widget-container\">\n\t\t\t\t\t<h5 class=\"qodef-shortcode qodef-m  qodef-custom-font qodef-custom-font-137 qodef-layout--simple qodef-align--left \" >\n\t<a href=\"tel:+36702861113\">+36 70 286 1113<\/a><\/h5>\n\t\t\t\t<\/div>\n\t\t\t\t<\/div>\n\t\t\t\t<\/div>\n\t\t<div class=\"elementor-element elementor-element-4626919 e-con-full e-flex e-con e-child\" data-id=\"4626919\" data-element_type=\"container\" data-e-type=\"container\" data-settings=\"{&quot;background_background&quot;:&quot;classic&quot;}\">\n\t\t\t\t<div class=\"elementor-element elementor-element-1f14979 elementor-widget elementor-widget-carsten_core_google_map\" data-id=\"1f14979\" data-element_type=\"widget\" data-e-type=\"widget\" data-widget_type=\"carsten_core_google_map.default\">\n\t\t\t\t<div class=\"elementor-widget-container\">\n\t\t\t\t\t<div class=\"qodef-shortcode qodef-m  qodef-google-map\">\n\t<div class=\"qodef-m-map\" id=\"qodef-map-id--357\" data-addresses='[\"https:\/\/www.google.com\/maps\/place\/Financial+District,+%D0%8A%D1%83%D1%98%D0%BE%D1%80%D0%BA,+10038,+%D0%A1%D1%98%D0%B5%D0%B4%D0%B8%D1%9A%D0%B5%D0%BD%D0%B5+%D0%94%D1%80%D0%B6%D0%B0%D0%B2%D0%B5\/@40.7110884,-74.0077199,18z\/data=!3m1!4b1!4m15!1m8!3m7!1s0x89c24fa5d33f083b:0xc80b8f06e177fe62!2z0IrRg9GY0L7RgNC6LCDQodGY0LXQtNC40ZrQtdC90LUg0JTRgNC20LDQstC1!3b1!8m2!3d40.7127753!4d-74.0059728!16zL20vMDJfMjg2!3m5!1s0x89c25a228bbdeaeb:0x93fc15c8a818509f!8m2!3d40.7114028!4d-74.0048564!16s%2Fg%2F11rsh0sbpy?entry=ttu\"]' data-pin=https:\/\/villakabala.hu\/wp-content\/plugins\/carsten-core\/inc\/maps\/assets\/img\/pin.png data-unique-id=357 data-height=416><\/div>\n<\/div>\n\t\t\t\t<\/div>\n\t\t\t\t<\/div>\n\t\t\t\t<div class=\"elementor-element elementor-element-1cac30b elementor-widget elementor-widget-text-editor\" data-id=\"1cac30b\" data-element_type=\"widget\" data-e-type=\"widget\" data-widget_type=\"text-editor.default\">\n\t\t\t\t<div class=\"elementor-widget-container\">\n\t\t\t\t\t\t\t\t\t<p><strong><a href=\"https:\/\/www.facebook.com\/VillaKabala\/\" target=\"_blank\" rel=\"noopener\">FACEBOOK<\/a>\u00a0\u00a0\u00a0<a href=\"https:\/\/www.instagram.com\/VillaKabala\/\" target=\"_blank\" rel=\"noopener\">INSTAGRAM<\/a><\/strong><\/p>\t\t\t\t\t\t\t\t<\/div>\n\t\t\t\t<\/div>\n\t\t\t\t<\/div>\n\t\t\t\t<\/div>\n\t\t<div class=\"elementor-element elementor-element-1dc0a03 e-con-full e-flex e-con e-child\" data-id=\"1dc0a03\" data-element_type=\"container\" data-e-type=\"container\">\n\t\t\t\t<div class=\"elementor-element elementor-element-ddc0f00 elementor-widget elementor-widget-image\" data-id=\"ddc0f00\" data-element_type=\"widget\" data-e-type=\"widget\" data-widget_type=\"image.default\">\n\t\t\t\t<div class=\"elementor-widget-container\">\n\t\t\t\t\t\t\t\t\t\t\t\t\t\t\t<img fetchpriority=\"high\" decoding=\"async\" width=\"1500\" height=\"1000\" src=\"https:\/\/villakabala.hu\/wp-content\/uploads\/2024\/06\/DSCF5697_resize.webp\" class=\"attachment-full size-full wp-image-12395\" alt=\"\" srcset=\"https:\/\/villakabala.hu\/wp-content\/uploads\/2024\/06\/DSCF5697_resize.webp 1500w, https:\/\/villakabala.hu\/wp-content\/uploads\/2024\/06\/DSCF5697_resize-600x400.webp 600w, https:\/\/villakabala.hu\/wp-content\/uploads\/2024\/06\/DSCF5697_resize-300x200.webp 300w, https:\/\/villakabala.hu\/wp-content\/uploads\/2024\/06\/DSCF5697_resize-1024x683.webp 1024w, https:\/\/villakabala.hu\/wp-content\/uploads\/2024\/06\/DSCF5697_resize-768x512.webp 768w\" sizes=\"(max-width: 1500px) 100vw, 1500px\" \/>\t\t\t\t\t\t\t\t\t\t\t\t\t\t\t<\/div>\n\t\t\t\t<\/div>\n\t\t\t\t<\/div>\n\t\t\t\t<\/div>\n\t\t\t\t<\/div>\n\t\t","protected":false},"excerpt":{"rendered":"<p>Foglal\u00e1s \u00e9s Kapcsolat Szobafoglal\u00e1s 8264 Szigliget, Kamonk\u0151i \u00fat 40. villa@villakabala.hu Asztalfoglal\u00e1s: +36 70 286 1113 FACEBOOK\u00a0\u00a0\u00a0INSTAGRAM<\/p>","protected":false},"author":1,"featured_media":0,"parent":0,"menu_order":0,"comment_status":"closed","ping_status":"closed","template":"page-full-width.php","meta":{"footnotes":""},"class_list":["post-7580","page","type-page","status-publish","hentry"],"_links":{"self":[{"href":"https:\/\/villakabala.hu\/en\/wp-json\/wp\/v2\/pages\/7580","targetHints":{"allow":["GET"]}}],"collection":[{"href":"https:\/\/villakabala.hu\/en\/wp-json\/wp\/v2\/pages"}],"about":[{"href":"https:\/\/villakabala.hu\/en\/wp-json\/wp\/v2\/types\/page"}],"author":[{"embeddable":true,"href":"https:\/\/villakabala.hu\/en\/wp-json\/wp\/v2\/users\/1"}],"replies":[{"embeddable":true,"href":"https:\/\/villakabala.hu\/en\/wp-json\/wp\/v2\/comments?post=7580"}],"version-history":[{"count":47,"href":"https:\/\/villakabala.hu\/en\/wp-json\/wp\/v2\/pages\/7580\/revisions"}],"predecessor-version":[{"id":13321,"href":"https:\/\/villakabala.hu\/en\/wp-json\/wp\/v2\/pages\/7580\/revisions\/13321"}],"wp:attachment":[{"href":"https:\/\/villakabala.hu\/en\/wp-json\/wp\/v2\/media?parent=7580"}],"curies":[{"name":"wp","href":"https:\/\/api.w.org\/{rel}","templated":true}]}}