{"id":13449,"date":"2025-12-04T13:08:57","date_gmt":"2025-12-04T12:08:57","guid":{"rendered":"https:\/\/villakabala.hu\/?post_type=product&#038;p=13449"},"modified":"2025-12-31T13:13:15","modified_gmt":"2025-12-31T12:13:15","slug":"vendeg","status":"publish","type":"product","link":"https:\/\/villakabala.hu\/en\/product\/vendeg\/","title":{"rendered":"Guest"},"content":{"rendered":"<p style=\"font-weight: 400;\">The first circle at the table \u2014 those who observe, taste, and have been with us from the very beginning.<\/p>\n<ul>\n<li>Kabala ceramic keychain<\/li>\n<li>The Kabala \u201cInner Letter\u201d: personal writings, plans, stories, a newsletter, seasonal recipes, and fragments of thought (once a month, at the beginning of each month).<\/li>\n<li>Early access to information about our events.<\/li>\n<li>A Christmas surprise and a bottle of Bozzante for the toast.<\/li>\n<\/ul>","protected":false},"excerpt":{"rendered":"<p>Az asztalhoz \u00fcl\u0151k els\u0151 k\u00f6re. Akik figyelnek, k\u00f3stolnak, \u00e9s az els\u0151 pillanatt\u00f3l vel\u00fcnk vannak. kabala ker\u00e1mia kulcstart\u00f3 a Kabala \u201ebels\u0151 levele\u201d: szem\u00e9lyes \u00edr\u00e1sok, tervek, t\u00f6rt\u00e9netek, h\u00edrlev\u00e9l, szezon\u00e1lis receptek, gondolatmorzs\u00e1k (havonta egyszer, h\u00f3nap elej\u00e9n) korai \u00e9rtes\u00edt\u00e9s esem\u00e9nyeinkr\u0151l kar\u00e1csonyi meglepet\u00e9s \u00e9s egy \u00fcveg Bozzante a koccint\u00e1shoz<\/p>","protected":false},"featured_media":13545,"template":"","meta":[],"product_brand":[],"product_cat":[122],"product_tag":[],"class_list":{"0":"post-13449","1":"product","2":"type-product","3":"status-publish","4":"has-post-thumbnail","6":"product_cat-egyeb","8":"first","9":"instock","10":"virtual","11":"purchasable","12":"product-type-subscription"},"_links":{"self":[{"href":"https:\/\/villakabala.hu\/en\/wp-json\/wp\/v2\/product\/13449","targetHints":{"allow":["GET"]}}],"collection":[{"href":"https:\/\/villakabala.hu\/en\/wp-json\/wp\/v2\/product"}],"about":[{"href":"https:\/\/villakabala.hu\/en\/wp-json\/wp\/v2\/types\/product"}],"wp:featuredmedia":[{"embeddable":true,"href":"https:\/\/villakabala.hu\/en\/wp-json\/wp\/v2\/media\/13545"}],"wp:attachment":[{"href":"https:\/\/villakabala.hu\/en\/wp-json\/wp\/v2\/media?parent=13449"}],"wp:term":[{"taxonomy":"product_brand","embeddable":true,"href":"https:\/\/villakabala.hu\/en\/wp-json\/wp\/v2\/product_brand?post=13449"},{"taxonomy":"product_cat","embeddable":true,"href":"https:\/\/villakabala.hu\/en\/wp-json\/wp\/v2\/product_cat?post=13449"},{"taxonomy":"product_tag","embeddable":true,"href":"https:\/\/villakabala.hu\/en\/wp-json\/wp\/v2\/product_tag?post=13449"}],"curies":[{"name":"wp","href":"https:\/\/api.w.org\/{rel}","templated":true}]}}