{"id":13450,"date":"2025-12-04T13:08:57","date_gmt":"2025-12-04T12:08:57","guid":{"rendered":"https:\/\/villakabala.hu\/?post_type=product&#038;p=13450"},"modified":"2025-12-31T13:13:05","modified_gmt":"2025-12-31T12:13:05","slug":"barat","status":"publish","type":"product","link":"https:\/\/villakabala.hu\/en\/product\/barat\/","title":{"rendered":"Friend"},"content":{"rendered":"<p style=\"font-weight: 400;\">Those who are no longer simply present, but truly connected \u2014 asking, responding, shaping.<\/p>\n<ul>\n<li>Kabala ceramic keychain<\/li>\n<li>The Kabala \u201cInner Letter\u201d: personal writings, plans, stories, a newsletter, seasonal recipes, and fragments of thought (once a month, at the beginning of each month).<\/li>\n<li>Early access to information about our events.<\/li>\n<li>A Christmas surprise and a bottle of Bozzante for the toast.<\/li>\n<li>Exclusive access behind the scenes at Kabala (recipes, interviews, moments from life in the villa, about us and with us \u2014 in video format, once a month, mid-month).<\/li>\n<li>Seasonal, informal gatherings \u2014 sometimes on the terrace, other times around the fire \u2014 held on the first Thursday of each month.\n\nOpportunity to participate in the Villa\u2019s Open Day: on these occasions, we shape the theme of the following month\u2019s market together (collective brainstorming, creating the promo video, and more).<\/li>\n<\/ul>","protected":false},"excerpt":{"rendered":"<p>Akik m\u00e1r nem csak jelen vannak, hanem kapcsol\u00f3dnak is \u2013 k\u00e9rdeznek, v\u00e1laszolnak, form\u00e1lnak. kabala ker\u00e1mia kulcstart\u00f3 a Kabala \u201ebels\u0151 levele\u201d: szem\u00e9lyes \u00edr\u00e1sok, tervek, t\u00f6rt\u00e9netek, h\u00edrlev\u00e9l, szezon\u00e1lis receptek, gondolatmorzs\u00e1k (havonta egyszer, h\u00f3nap elej\u00e9n) korai \u00e9rtes\u00edt\u00e9s esem\u00e9nyeinkr\u0151l kar\u00e1csonyi meglepet\u00e9s \u00e9s egy \u00fcveg Bozzante a koccint\u00e1shoz exkluz\u00edv betekint\u00e9s a Kabala kulissz\u00e1i m\u00f6g\u00e9 (receptek, interj\u00fak, \u00e9letk\u00e9pek a vill\u00e1b\u00f3l, r\u00f3lunk [&hellip;]<\/p>\n","protected":false},"featured_media":13547,"template":"","meta":[],"product_brand":[],"product_cat":[122],"product_tag":[],"class_list":{"0":"post-13450","1":"product","2":"type-product","3":"status-publish","4":"has-post-thumbnail","6":"product_cat-egyeb","8":"first","9":"instock","10":"virtual","11":"purchasable","12":"product-type-subscription"},"_links":{"self":[{"href":"https:\/\/villakabala.hu\/en\/wp-json\/wp\/v2\/product\/13450","targetHints":{"allow":["GET"]}}],"collection":[{"href":"https:\/\/villakabala.hu\/en\/wp-json\/wp\/v2\/product"}],"about":[{"href":"https:\/\/villakabala.hu\/en\/wp-json\/wp\/v2\/types\/product"}],"wp:featuredmedia":[{"embeddable":true,"href":"https:\/\/villakabala.hu\/en\/wp-json\/wp\/v2\/media\/13547"}],"wp:attachment":[{"href":"https:\/\/villakabala.hu\/en\/wp-json\/wp\/v2\/media?parent=13450"}],"wp:term":[{"taxonomy":"product_brand","embeddable":true,"href":"https:\/\/villakabala.hu\/en\/wp-json\/wp\/v2\/product_brand?post=13450"},{"taxonomy":"product_cat","embeddable":true,"href":"https:\/\/villakabala.hu\/en\/wp-json\/wp\/v2\/product_cat?post=13450"},{"taxonomy":"product_tag","embeddable":true,"href":"https:\/\/villakabala.hu\/en\/wp-json\/wp\/v2\/product_tag?post=13450"}],"curies":[{"name":"wp","href":"https:\/\/api.w.org\/{rel}","templated":true}]}}