{"id":13486,"date":"2025-12-05T18:27:25","date_gmt":"2025-12-05T17:27:25","guid":{"rendered":"https:\/\/villakabala.hu\/?post_type=product&#038;p=13486"},"modified":"2025-12-22T09:57:34","modified_gmt":"2025-12-22T08:57:34","slug":"kabala-ajandekkartya","status":"publish","type":"product","link":"https:\/\/villakabala.hu\/en\/product\/kabala-ajandekkartya\/","title":{"rendered":"Kabala Gift Card"},"content":{"rendered":"","protected":false},"excerpt":{"rendered":"<p><span data-d7505704-fbb2-4dc9-9293-76147782a5e9-102=\"true\">v\u00e1laszthat\u00f3 \u00f6sszeg\u0171 aj\u00e1nd\u00e9kk\u00e1rtya, ami az \u00e9tteremben \u00e9s \/ vagy a panzi\u00f3ban egyar\u00e1nt felhaszn\u00e1lhat\u00f3.<br \/>\nAz \u00e1r mez\u0151be 1000Ft-os l\u00e9pcs\u0151kkel lehet saj\u00e1t \u00f6sszeget be\u00edrni.<\/span><\/p>","protected":false},"featured_media":13504,"template":"","meta":[],"product_brand":[],"product_cat":[122],"product_tag":[],"class_list":{"0":"post-13486","1":"product","2":"type-product","3":"status-publish","4":"has-post-thumbnail","6":"product_cat-egyeb","8":"first","9":"instock","10":"virtual","11":"purchasable","12":"product-type-simple"},"_links":{"self":[{"href":"https:\/\/villakabala.hu\/en\/wp-json\/wp\/v2\/product\/13486","targetHints":{"allow":["GET"]}}],"collection":[{"href":"https:\/\/villakabala.hu\/en\/wp-json\/wp\/v2\/product"}],"about":[{"href":"https:\/\/villakabala.hu\/en\/wp-json\/wp\/v2\/types\/product"}],"wp:featuredmedia":[{"embeddable":true,"href":"https:\/\/villakabala.hu\/en\/wp-json\/wp\/v2\/media\/13504"}],"wp:attachment":[{"href":"https:\/\/villakabala.hu\/en\/wp-json\/wp\/v2\/media?parent=13486"}],"wp:term":[{"taxonomy":"product_brand","embeddable":true,"href":"https:\/\/villakabala.hu\/en\/wp-json\/wp\/v2\/product_brand?post=13486"},{"taxonomy":"product_cat","embeddable":true,"href":"https:\/\/villakabala.hu\/en\/wp-json\/wp\/v2\/product_cat?post=13486"},{"taxonomy":"product_tag","embeddable":true,"href":"https:\/\/villakabala.hu\/en\/wp-json\/wp\/v2\/product_tag?post=13486"}],"curies":[{"name":"wp","href":"https:\/\/api.w.org\/{rel}","templated":true}]}}