{"id":13496,"date":"2025-12-05T18:27:25","date_gmt":"2025-12-05T17:27:25","guid":{"rendered":"https:\/\/villakabala.hu\/?post_type=product&#038;p=13496"},"modified":"2026-02-13T14:50:09","modified_gmt":"2026-02-13T13:50:09","slug":"kabala-vacsorakartya","status":"publish","type":"product","link":"https:\/\/villakabala.hu\/en\/product\/kabala-vacsorakartya\/","title":{"rendered":"Kabala Dinner Card"},"content":{"rendered":"","protected":false},"excerpt":{"rendered":"<p>v\u00e1laszthat\u00f3 italp\u00e1ros\u00edt\u00e1ssal<\/p>","protected":false},"featured_media":13501,"template":"","meta":[],"product_brand":[],"product_cat":[122],"product_tag":[],"class_list":{"0":"post-13496","1":"product","2":"type-product","3":"status-publish","4":"has-post-thumbnail","6":"product_cat-egyeb","7":"product_shipping_class-online","9":"first","10":"instock","11":"shipping-taxable","12":"purchasable","13":"product-type-variable","14":"has-default-attributes"},"_links":{"self":[{"href":"https:\/\/villakabala.hu\/en\/wp-json\/wp\/v2\/product\/13496","targetHints":{"allow":["GET"]}}],"collection":[{"href":"https:\/\/villakabala.hu\/en\/wp-json\/wp\/v2\/product"}],"about":[{"href":"https:\/\/villakabala.hu\/en\/wp-json\/wp\/v2\/types\/product"}],"wp:featuredmedia":[{"embeddable":true,"href":"https:\/\/villakabala.hu\/en\/wp-json\/wp\/v2\/media\/13501"}],"wp:attachment":[{"href":"https:\/\/villakabala.hu\/en\/wp-json\/wp\/v2\/media?parent=13496"}],"wp:term":[{"taxonomy":"product_brand","embeddable":true,"href":"https:\/\/villakabala.hu\/en\/wp-json\/wp\/v2\/product_brand?post=13496"},{"taxonomy":"product_cat","embeddable":true,"href":"https:\/\/villakabala.hu\/en\/wp-json\/wp\/v2\/product_cat?post=13496"},{"taxonomy":"product_tag","embeddable":true,"href":"https:\/\/villakabala.hu\/en\/wp-json\/wp\/v2\/product_tag?post=13496"}],"curies":[{"name":"wp","href":"https:\/\/api.w.org\/{rel}","templated":true}]}}