{"id":13498,"date":"2025-12-05T18:27:25","date_gmt":"2025-12-05T17:27:25","guid":{"rendered":"https:\/\/villakabala.hu\/?post_type=product&#038;p=13498"},"modified":"2025-12-22T09:59:09","modified_gmt":"2025-12-22T08:59:09","slug":"kitchen-workshop","status":"publish","type":"product","link":"https:\/\/villakabala.hu\/en\/product\/kitchen-workshop\/","title":{"rendered":"Kitchen workshop"},"content":{"rendered":"","protected":false},"excerpt":{"rendered":"<p>Kabala kitchen workshop &#8211; Egy nap a konyh\u00e1nkon<br \/>\n10.30-16.00 \u00f3r\u00e1ig felk\u00e9sz\u00fcl\u00e9s az esti deguszt\u00e1ci\u00f3s men\u00fcre: ismerked\u00e9s a konyhatechnol\u00f3gi\u00e1kkal \u00e9s munkafolyamatokkal<br \/>\n15.30 \u00f3ra k\u00f6z\u00f6s szem\u00e9lyzeti eb\u00e9d.<br \/>\nEgy id\u0151ben maximum 2 f\u0151 vehet r\u00e9szt a workshopon.<\/p>","protected":false},"featured_media":12390,"template":"","meta":[],"product_brand":[],"product_cat":[122],"product_tag":[],"class_list":{"0":"post-13498","1":"product","2":"type-product","3":"status-publish","4":"has-post-thumbnail","6":"product_cat-egyeb","8":"first","9":"instock","10":"virtual","11":"purchasable","12":"product-type-simple"},"_links":{"self":[{"href":"https:\/\/villakabala.hu\/en\/wp-json\/wp\/v2\/product\/13498","targetHints":{"allow":["GET"]}}],"collection":[{"href":"https:\/\/villakabala.hu\/en\/wp-json\/wp\/v2\/product"}],"about":[{"href":"https:\/\/villakabala.hu\/en\/wp-json\/wp\/v2\/types\/product"}],"wp:featuredmedia":[{"embeddable":true,"href":"https:\/\/villakabala.hu\/en\/wp-json\/wp\/v2\/media\/12390"}],"wp:attachment":[{"href":"https:\/\/villakabala.hu\/en\/wp-json\/wp\/v2\/media?parent=13498"}],"wp:term":[{"taxonomy":"product_brand","embeddable":true,"href":"https:\/\/villakabala.hu\/en\/wp-json\/wp\/v2\/product_brand?post=13498"},{"taxonomy":"product_cat","embeddable":true,"href":"https:\/\/villakabala.hu\/en\/wp-json\/wp\/v2\/product_cat?post=13498"},{"taxonomy":"product_tag","embeddable":true,"href":"https:\/\/villakabala.hu\/en\/wp-json\/wp\/v2\/product_tag?post=13498"}],"curies":[{"name":"wp","href":"https:\/\/api.w.org\/{rel}","templated":true}]}}