{"id":13499,"date":"2025-12-05T18:27:25","date_gmt":"2025-12-05T17:27:25","guid":{"rendered":"https:\/\/villakabala.hu\/?post_type=product&#038;p=13499"},"modified":"2025-12-22T09:59:32","modified_gmt":"2025-12-22T08:59:32","slug":"keramia-workshop","status":"publish","type":"product","link":"https:\/\/villakabala.hu\/en\/product\/keramia-workshop\/","title":{"rendered":"Ceramics workshop"},"content":{"rendered":"","protected":false},"excerpt":{"rendered":"<p>Kreat\u00edv program mindenkinek. V\u00e1runk, ha a fazekass\u00e1g szerelmese vagy, de akkor is n\u00e1lunk a helyed, ha \u201ccsak\u201d lelkes amat\u0151r vagy, de sz\u00edvesen fogyasztan\u00e1d el a reggeli k\u00e1v\u00e9d a saj\u00e1t ker\u00e1mia b\u00f6gr\u00e9db\u0151l.<\/p>\n<p>A workshopokra el\u0151zetes id\u0151pont egyeztet\u00e9se sz\u00fcks\u00e9ges.<\/p>","protected":false},"featured_media":12905,"template":"","meta":[],"product_brand":[],"product_cat":[122],"product_tag":[],"class_list":{"0":"post-13499","1":"product","2":"type-product","3":"status-publish","4":"has-post-thumbnail","6":"product_cat-egyeb","8":"first","9":"instock","10":"virtual","11":"purchasable","12":"product-type-simple"},"_links":{"self":[{"href":"https:\/\/villakabala.hu\/en\/wp-json\/wp\/v2\/product\/13499","targetHints":{"allow":["GET"]}}],"collection":[{"href":"https:\/\/villakabala.hu\/en\/wp-json\/wp\/v2\/product"}],"about":[{"href":"https:\/\/villakabala.hu\/en\/wp-json\/wp\/v2\/types\/product"}],"wp:featuredmedia":[{"embeddable":true,"href":"https:\/\/villakabala.hu\/en\/wp-json\/wp\/v2\/media\/12905"}],"wp:attachment":[{"href":"https:\/\/villakabala.hu\/en\/wp-json\/wp\/v2\/media?parent=13499"}],"wp:term":[{"taxonomy":"product_brand","embeddable":true,"href":"https:\/\/villakabala.hu\/en\/wp-json\/wp\/v2\/product_brand?post=13499"},{"taxonomy":"product_cat","embeddable":true,"href":"https:\/\/villakabala.hu\/en\/wp-json\/wp\/v2\/product_cat?post=13499"},{"taxonomy":"product_tag","embeddable":true,"href":"https:\/\/villakabala.hu\/en\/wp-json\/wp\/v2\/product_tag?post=13499"}],"curies":[{"name":"wp","href":"https:\/\/api.w.org\/{rel}","templated":true}]}}