{"id":13500,"date":"2025-12-05T18:27:25","date_gmt":"2025-12-05T17:27:25","guid":{"rendered":"https:\/\/villakabala.hu\/?post_type=product&#038;p=13500"},"modified":"2025-12-22T09:59:53","modified_gmt":"2025-12-22T08:59:53","slug":"fermentalt-ital-workshop","status":"publish","type":"product","link":"https:\/\/villakabala.hu\/en\/product\/fermentalt-ital-workshop\/","title":{"rendered":"Fermented Beverage Workshop"},"content":{"rendered":"","protected":false},"excerpt":{"rendered":"<p>You will have the opportunity to participate in a 2-hour fermented beverage workshop where you will learn the basics of home fermentation.<\/p>\n<p>Az \u00e1r tartalmazza k\u00e1v\u00e9, v\u00edz, snack illetve 1 palack \u00e1ltalatok elk\u00e9sz\u00edtett ferment\u00e1lt italt.<\/p>","protected":false},"featured_media":13100,"template":"","meta":[],"product_brand":[],"product_cat":[122],"product_tag":[],"class_list":{"0":"post-13500","1":"product","2":"type-product","3":"status-publish","4":"has-post-thumbnail","6":"product_cat-egyeb","8":"first","9":"instock","10":"virtual","11":"purchasable","12":"product-type-simple"},"_links":{"self":[{"href":"https:\/\/villakabala.hu\/en\/wp-json\/wp\/v2\/product\/13500","targetHints":{"allow":["GET"]}}],"collection":[{"href":"https:\/\/villakabala.hu\/en\/wp-json\/wp\/v2\/product"}],"about":[{"href":"https:\/\/villakabala.hu\/en\/wp-json\/wp\/v2\/types\/product"}],"wp:featuredmedia":[{"embeddable":true,"href":"https:\/\/villakabala.hu\/en\/wp-json\/wp\/v2\/media\/13100"}],"wp:attachment":[{"href":"https:\/\/villakabala.hu\/en\/wp-json\/wp\/v2\/media?parent=13500"}],"wp:term":[{"taxonomy":"product_brand","embeddable":true,"href":"https:\/\/villakabala.hu\/en\/wp-json\/wp\/v2\/product_brand?post=13500"},{"taxonomy":"product_cat","embeddable":true,"href":"https:\/\/villakabala.hu\/en\/wp-json\/wp\/v2\/product_cat?post=13500"},{"taxonomy":"product_tag","embeddable":true,"href":"https:\/\/villakabala.hu\/en\/wp-json\/wp\/v2\/product_tag?post=13500"}],"curies":[{"name":"wp","href":"https:\/\/api.w.org\/{rel}","templated":true}]}}